{"id":9875,"date":"2021-04-26T10:12:03","date_gmt":"2021-04-26T13:12:03","guid":{"rendered":"https:\/\/ntscalibracao.com.br\/loja\/?post_type=product&#038;p=9875"},"modified":"2021-05-13T15:23:03","modified_gmt":"2021-05-13T18:23:03","slug":"luximetro-profissional-digital-plux1000-incoterm-t-lux-0020","status":"publish","type":"product","link":"https:\/\/ntscalibracao.com.br\/loja\/produto\/luximetro-profissional-digital-plux1000-incoterm-t-lux-0020\/","title":{"rendered":"LUX\u00cdMETRO PROFISSIONAL DIGITAL PLUX1000 INCOTERM (T-LUX-0020)"},"content":{"rendered":"<p>Instrumento vers\u00e1til, com v\u00e1rias caracter\u00edsticas excepcionais como o Visor LCD com ilumina\u00e7\u00e3o de fundo incluindo Bargraph de 40 segmentos incorporado. Permite selecionar 3 faixas manualmente ou operar automaticamente.<\/p>\n<p>Acess\u00f3rios inclusos: maleta de transporte, dispositivo detector com cabo de 2,5 m, bateria de 9V e manual de opera\u00e7\u00e3o.<\/p>\n<p>Calibra\u00e7\u00e3o sob consulta.<\/p>\n<p>&nbsp;<\/p>\n<p><strong>INFORMA\u00c7\u00d5ES T\u00c9CNICAS<\/strong><\/p>\n<p>Faixas de medi\u00e7\u00e3o: 0 \u2013 400 Lux \/ 400 \u2013 4 kLux \/ 4 \u2013 40 kLux \/ 40 \u2013 400 kLux e modo autom\u00e1tico, ou 0 \u2013 40 kFc<\/p>\n<p>Exatid\u00e3o: +\/- 3% L. +\/-0,5% FE. (valores &lt; 10.000 Lux) +\/- 4% L. +\/-10 Dig. (valores &gt; 10.000 lux)<\/p>\n<p>Resposta Espectral: Curva de resposta do olho humano \u2013 padr\u00e3o CIE<\/p>\n<p>Exatid\u00e3o do espectro: conforme fun\u00e7\u00e3o CIE V(\u03bb) (f1&#8242; &lt; 6% e f2&#8242; &lt; 2%)<\/p>\n<p>Taxa de amostragem: 2 vezes por segundo<\/p>\n<p>Indica\u00e7\u00e3o de valor fora da faixa de medi\u00e7\u00e3o (Over Range)<\/p>\n<p>Congelamento do valor medido (Data Hold)<\/p>\n<p>Registro das medidas M\u00e1xima, M\u00ednima e Pico<\/p>\n<p>Indica\u00e7\u00e3o de Data e Hora<\/p>\n<p>Dimens\u00f5es: 185 x 66 x 33 mm<\/p>\n","protected":false},"excerpt":{"rendered":"<p>Instrumento vers\u00e1til, com v\u00e1rias caracter\u00edsticas excepcionais como o Visor LCD com ilumina\u00e7\u00e3o de fundo incluindo Bargraph de 40 segmentos incorporado. Permite selecionar 3 faixas manualmente ou operar automaticamente.<\/p>\n<p>Acess\u00f3rios inclusos: maleta de transporte, dispositivo detector com cabo de 2,5 m, bateria de 9V e manual de opera\u00e7\u00e3o.<\/p>\n<p>Calibra\u00e7\u00e3o sob consulta.<\/p>\n","protected":false},"featured_media":10038,"comment_status":"open","ping_status":"closed","template":"","meta":[],"pwb-brand":[],"product_cat":[89,86,72],"product_tag":[],"yoast_head":"<!-- This site is optimized with the Yoast SEO Premium plugin v14.7 - https:\/\/yoast.com\/wordpress\/plugins\/seo\/ -->\n<title>LUX\u00cdMETRO PROFISSIONAL DIGITAL PLUX1000 INCOTERM (T-LUX-0020) - NTS Calibra\u00e7\u00e3o<\/title>\n<meta name=\"robots\" content=\"index, follow\" \/>\n<meta name=\"googlebot\" content=\"index, follow, max-snippet:-1, max-image-preview:large, max-video-preview:-1\" \/>\n<meta name=\"bingbot\" content=\"index, follow, max-snippet:-1, max-image-preview:large, max-video-preview:-1\" \/>\n<link rel=\"canonical\" href=\"https:\/\/ntscalibracao.com.br\/loja\/produto\/luximetro-profissional-digital-plux1000-incoterm-t-lux-0020\/\" \/>\n<meta property=\"og:locale\" content=\"pt_BR\" \/>\n<meta property=\"og:type\" content=\"article\" \/>\n<meta property=\"og:title\" content=\"LUX\u00cdMETRO PROFISSIONAL DIGITAL PLUX1000 INCOTERM (T-LUX-0020) - NTS Calibra\u00e7\u00e3o\" \/>\n<meta property=\"og:description\" content=\"Instrumento vers\u00e1til, com v\u00e1rias caracter\u00edsticas excepcionais como o Visor LCD com ilumina\u00e7\u00e3o de fundo incluindo Bargraph de 40 segmentos incorporado. Permite selecionar 3 faixas manualmente ou operar automaticamente.  Acess\u00f3rios inclusos: maleta de transporte, dispositivo detector com cabo de 2,5 m, bateria de 9V e manual de opera\u00e7\u00e3o.  Calibra\u00e7\u00e3o sob consulta.\" \/>\n<meta property=\"og:url\" content=\"https:\/\/ntscalibracao.com.br\/loja\/produto\/luximetro-profissional-digital-plux1000-incoterm-t-lux-0020\/\" \/>\n<meta property=\"og:site_name\" content=\"NTS Calibra\u00e7\u00e3o\" \/>\n<meta property=\"article:publisher\" content=\"https:\/\/www.facebook.com\/NTS-Calibra%c3%a7%c3%a3o-de-Balan%c3%a7as-e-Instrumentos-253519321396719\" \/>\n<meta property=\"article:modified_time\" content=\"2021-05-13T18:23:03+00:00\" \/>\n<meta property=\"og:image\" content=\"https:\/\/ntscalibracao.com.br\/loja\/wp-content\/uploads\/2021\/04\/luximero-profissional-digital-plux1000-inbcoterm-tlux0020.png\" \/>\n\t<meta property=\"og:image:width\" content=\"1000\" \/>\n\t<meta property=\"og:image:height\" content=\"1000\" \/>\n<meta name=\"twitter:card\" content=\"summary_large_image\" \/>\n<script type=\"application\/ld+json\" class=\"yoast-schema-graph\">{\"@context\":\"https:\/\/schema.org\",\"@graph\":[{\"@type\":\"Organization\",\"@id\":\"https:\/\/ntscalibracao.com.br\/loja\/#organization\",\"name\":\"NTS Calibra\\u00e7\\u00e3o de Balan\\u00e7as e Instrumentos\",\"url\":\"https:\/\/ntscalibracao.com.br\/loja\/\",\"sameAs\":[\"https:\/\/www.facebook.com\/NTS-Calibra\\u00e7\\u00e3o-de-Balan\\u00e7as-e-Instrumentos-253519321396719\"],\"logo\":{\"@type\":\"ImageObject\",\"@id\":\"https:\/\/ntscalibracao.com.br\/loja\/#logo\",\"inLanguage\":\"pt-BR\",\"url\":\"https:\/\/ntscalibracao.com.br\/loja\/wp-content\/uploads\/2021\/02\/cropped-logo-nts1.png\",\"width\":203,\"height\":60,\"caption\":\"NTS Calibra\\u00e7\\u00e3o de Balan\\u00e7as e Instrumentos\"},\"image\":{\"@id\":\"https:\/\/ntscalibracao.com.br\/loja\/#logo\"}},{\"@type\":\"WebSite\",\"@id\":\"https:\/\/ntscalibracao.com.br\/loja\/#website\",\"url\":\"https:\/\/ntscalibracao.com.br\/loja\/\",\"name\":\"NTS Calibra\\u00e7\\u00e3o - Loja de Balan\\u00e7as e Instrumentos de Medi\\u00e7\\u00e3o\",\"description\":\"Loja\",\"publisher\":{\"@id\":\"https:\/\/ntscalibracao.com.br\/loja\/#organization\"},\"potentialAction\":[{\"@type\":\"SearchAction\",\"target\":\"https:\/\/ntscalibracao.com.br\/loja\/?s={search_term_string}\",\"query-input\":\"required name=search_term_string\"}],\"inLanguage\":\"pt-BR\"},{\"@type\":\"ImageObject\",\"@id\":\"https:\/\/ntscalibracao.com.br\/loja\/produto\/luximetro-profissional-digital-plux1000-incoterm-t-lux-0020\/#primaryimage\",\"inLanguage\":\"pt-BR\",\"url\":\"https:\/\/ntscalibracao.com.br\/loja\/wp-content\/uploads\/2021\/04\/luximero-profissional-digital-plux1000-inbcoterm-tlux0020.png\",\"width\":1000,\"height\":1000},{\"@type\":\"WebPage\",\"@id\":\"https:\/\/ntscalibracao.com.br\/loja\/produto\/luximetro-profissional-digital-plux1000-incoterm-t-lux-0020\/#webpage\",\"url\":\"https:\/\/ntscalibracao.com.br\/loja\/produto\/luximetro-profissional-digital-plux1000-incoterm-t-lux-0020\/\",\"name\":\"LUX\\u00cdMETRO PROFISSIONAL DIGITAL PLUX1000 INCOTERM (T-LUX-0020) - NTS Calibra\\u00e7\\u00e3o\",\"isPartOf\":{\"@id\":\"https:\/\/ntscalibracao.com.br\/loja\/#website\"},\"primaryImageOfPage\":{\"@id\":\"https:\/\/ntscalibracao.com.br\/loja\/produto\/luximetro-profissional-digital-plux1000-incoterm-t-lux-0020\/#primaryimage\"},\"datePublished\":\"2021-04-26T13:12:03+00:00\",\"dateModified\":\"2021-05-13T18:23:03+00:00\",\"inLanguage\":\"pt-BR\",\"potentialAction\":[{\"@type\":\"ReadAction\",\"target\":[\"https:\/\/ntscalibracao.com.br\/loja\/produto\/luximetro-profissional-digital-plux1000-incoterm-t-lux-0020\/\"]}]}]}<\/script>\n<!-- \/ Yoast SEO Premium plugin. -->","brands":[],"_links":{"self":[{"href":"https:\/\/ntscalibracao.com.br\/loja\/wp-json\/wp\/v2\/product\/9875"}],"collection":[{"href":"https:\/\/ntscalibracao.com.br\/loja\/wp-json\/wp\/v2\/product"}],"about":[{"href":"https:\/\/ntscalibracao.com.br\/loja\/wp-json\/wp\/v2\/types\/product"}],"replies":[{"embeddable":true,"href":"https:\/\/ntscalibracao.com.br\/loja\/wp-json\/wp\/v2\/comments?post=9875"}],"wp:featuredmedia":[{"embeddable":true,"href":"https:\/\/ntscalibracao.com.br\/loja\/wp-json\/wp\/v2\/media\/10038"}],"wp:attachment":[{"href":"https:\/\/ntscalibracao.com.br\/loja\/wp-json\/wp\/v2\/media?parent=9875"}],"wp:term":[{"taxonomy":"pwb-brand","embeddable":true,"href":"https:\/\/ntscalibracao.com.br\/loja\/wp-json\/wp\/v2\/pwb-brand?post=9875"},{"taxonomy":"product_cat","embeddable":true,"href":"https:\/\/ntscalibracao.com.br\/loja\/wp-json\/wp\/v2\/product_cat?post=9875"},{"taxonomy":"product_tag","embeddable":true,"href":"https:\/\/ntscalibracao.com.br\/loja\/wp-json\/wp\/v2\/product_tag?post=9875"}],"curies":[{"name":"wp","href":"https:\/\/api.w.org\/{rel}","templated":true}]}}