{"id":9869,"date":"2021-04-26T10:00:15","date_gmt":"2021-04-26T13:00:15","guid":{"rendered":"https:\/\/ntscalibracao.com.br\/loja\/?post_type=product&#038;p=9869"},"modified":"2024-07-08T16:40:32","modified_gmt":"2024-07-08T19:40:32","slug":"decibelimetro-profissional-digital-pdec500-incoterm-t-dec-0020","status":"publish","type":"product","link":"https:\/\/ntscalibracao.com.br\/loja\/produto\/decibelimetro-profissional-digital-pdec500-incoterm-t-dec-0020\/","title":{"rendered":"DECIBEL\u00cdMETRO PROFISSIONAL DIGITAL PDEC500 INCOTERM (T-DEC-0020)"},"content":{"rendered":"<p>Atende as especifica\u00e7\u00f5es da normativa IEC61672- 1 Class2. O microfone \u00e9 do tipo eletreto capacitivo de \u00bd\u201d conferindo alta fidelidade na capta\u00e7\u00e3o sonora.<\/p>\n<p>Acess\u00f3rios inclusos: maleta de transporte, bateria de 9V e Adaptador P2.<\/p>\n<p>Calibra\u00e7\u00e3o sob consulta.<\/p>\n<p>&nbsp;<\/p>\n<p><strong>INFORMA\u00c7\u00d5ES T\u00c9CNICAS<\/strong><\/p>\n<p>Faixas de medi\u00e7\u00e3o: baixa 30 \u2013 80 dB; m\u00e9dia 50 \u2013 100 dB; alta 80 -130 dB e autom\u00e1tica de 30 \u2013 130 dB<\/p>\n<p>Resolu\u00e7\u00e3o de 0,1 dB<\/p>\n<p>Exatid\u00e3o de +\/- 1,4 dB<\/p>\n<p>Faixa de frequ\u00eancia: 31,5 \u2013 8 kHz<\/p>\n<p>Faixa din\u00e2mica: 50 dB<\/p>\n<p>Compensa\u00e7\u00e3o de frequ\u00eancia: curvas A e C<\/p>\n<p>Tempo de Resposta: r\u00e1pido 125 ms e Lento 1s<\/p>\n<p>Atualiza\u00e7\u00e3o da leitura: 2 vezes por segundo<\/p>\n<p>Registro das medidas M\u00e1xima e M\u00ednima<\/p>\n<p>Data e Hora<\/p>\n<p>Sa\u00edda de sinal anal\u00f3gico<\/p>\n<p>Tomada para alimenta\u00e7\u00e3o externa<\/p>\n<p>Dimens\u00f5es: 252 x 66 x 33 mm<\/p>\n","protected":false},"excerpt":{"rendered":"<p>Atende as especifica\u00e7\u00f5es da normativa IEC61672- 1 Class2. O microfone \u00e9 do tipo eletreto capacitivo de \u00bd\u201d conferindo alta fidelidade na capta\u00e7\u00e3o sonora.<\/p>\n<p>Acess\u00f3rios inclusos: maleta de transporte, bateria de 9V e Adaptador P2.<\/p>\n<p>Calibra\u00e7\u00e3o sob consulta.<\/p>\n","protected":false},"featured_media":10031,"comment_status":"open","ping_status":"closed","template":"","meta":[],"pwb-brand":[],"product_cat":[88,86,72],"product_tag":[],"yoast_head":"<!-- This site is optimized with the Yoast SEO Premium plugin v14.7 - https:\/\/yoast.com\/wordpress\/plugins\/seo\/ -->\n<title>DECIBEL\u00cdMETRO PROFISSIONAL DIGITAL PDEC500 INCOTERM (T-DEC-0020) - NTS Calibra\u00e7\u00e3o<\/title>\n<meta name=\"robots\" content=\"index, follow\" \/>\n<meta name=\"googlebot\" content=\"index, follow, max-snippet:-1, max-image-preview:large, max-video-preview:-1\" \/>\n<meta name=\"bingbot\" content=\"index, follow, max-snippet:-1, max-image-preview:large, max-video-preview:-1\" \/>\n<link rel=\"canonical\" href=\"https:\/\/ntscalibracao.com.br\/loja\/produto\/decibelimetro-profissional-digital-pdec500-incoterm-t-dec-0020\/\" \/>\n<meta property=\"og:locale\" content=\"pt_BR\" \/>\n<meta property=\"og:type\" content=\"article\" \/>\n<meta property=\"og:title\" content=\"DECIBEL\u00cdMETRO PROFISSIONAL DIGITAL PDEC500 INCOTERM (T-DEC-0020) - NTS Calibra\u00e7\u00e3o\" \/>\n<meta property=\"og:description\" content=\"Atende as especifica\u00e7\u00f5es da normativa IEC61672- 1 Class2. O microfone \u00e9 do tipo eletreto capacitivo de \u00bd\u201d conferindo alta fidelidade na capta\u00e7\u00e3o sonora.  Acess\u00f3rios inclusos: maleta de transporte, bateria de 9V e Adaptador P2.  Calibra\u00e7\u00e3o sob consulta.\" \/>\n<meta property=\"og:url\" content=\"https:\/\/ntscalibracao.com.br\/loja\/produto\/decibelimetro-profissional-digital-pdec500-incoterm-t-dec-0020\/\" \/>\n<meta property=\"og:site_name\" content=\"NTS Calibra\u00e7\u00e3o\" \/>\n<meta property=\"article:publisher\" content=\"https:\/\/www.facebook.com\/NTS-Calibra%c3%a7%c3%a3o-de-Balan%c3%a7as-e-Instrumentos-253519321396719\" \/>\n<meta property=\"article:modified_time\" content=\"2024-07-08T19:40:32+00:00\" \/>\n<meta property=\"og:image\" content=\"https:\/\/ntscalibracao.com.br\/loja\/wp-content\/uploads\/2021\/04\/decibelimetro-profissional-digital-pdec500-log-incoterm-t-dec-0020.png\" \/>\n\t<meta property=\"og:image:width\" content=\"1000\" \/>\n\t<meta property=\"og:image:height\" content=\"1000\" \/>\n<meta name=\"twitter:card\" content=\"summary_large_image\" \/>\n<script type=\"application\/ld+json\" class=\"yoast-schema-graph\">{\"@context\":\"https:\/\/schema.org\",\"@graph\":[{\"@type\":\"Organization\",\"@id\":\"https:\/\/ntscalibracao.com.br\/loja\/#organization\",\"name\":\"NTS Calibra\\u00e7\\u00e3o de Balan\\u00e7as e Instrumentos\",\"url\":\"https:\/\/ntscalibracao.com.br\/loja\/\",\"sameAs\":[\"https:\/\/www.facebook.com\/NTS-Calibra\\u00e7\\u00e3o-de-Balan\\u00e7as-e-Instrumentos-253519321396719\"],\"logo\":{\"@type\":\"ImageObject\",\"@id\":\"https:\/\/ntscalibracao.com.br\/loja\/#logo\",\"inLanguage\":\"pt-BR\",\"url\":\"https:\/\/ntscalibracao.com.br\/loja\/wp-content\/uploads\/2021\/02\/cropped-logo-nts1.png\",\"width\":203,\"height\":60,\"caption\":\"NTS Calibra\\u00e7\\u00e3o de Balan\\u00e7as e Instrumentos\"},\"image\":{\"@id\":\"https:\/\/ntscalibracao.com.br\/loja\/#logo\"}},{\"@type\":\"WebSite\",\"@id\":\"https:\/\/ntscalibracao.com.br\/loja\/#website\",\"url\":\"https:\/\/ntscalibracao.com.br\/loja\/\",\"name\":\"NTS Calibra\\u00e7\\u00e3o - Loja de Balan\\u00e7as e Instrumentos de Medi\\u00e7\\u00e3o\",\"description\":\"Loja\",\"publisher\":{\"@id\":\"https:\/\/ntscalibracao.com.br\/loja\/#organization\"},\"potentialAction\":[{\"@type\":\"SearchAction\",\"target\":\"https:\/\/ntscalibracao.com.br\/loja\/?s={search_term_string}\",\"query-input\":\"required name=search_term_string\"}],\"inLanguage\":\"pt-BR\"},{\"@type\":\"ImageObject\",\"@id\":\"https:\/\/ntscalibracao.com.br\/loja\/produto\/decibelimetro-profissional-digital-pdec500-incoterm-t-dec-0020\/#primaryimage\",\"inLanguage\":\"pt-BR\",\"url\":\"https:\/\/ntscalibracao.com.br\/loja\/wp-content\/uploads\/2021\/04\/decibelimetro-profissional-digital-pdec500-log-incoterm-t-dec-0020.png\",\"width\":1000,\"height\":1000},{\"@type\":\"WebPage\",\"@id\":\"https:\/\/ntscalibracao.com.br\/loja\/produto\/decibelimetro-profissional-digital-pdec500-incoterm-t-dec-0020\/#webpage\",\"url\":\"https:\/\/ntscalibracao.com.br\/loja\/produto\/decibelimetro-profissional-digital-pdec500-incoterm-t-dec-0020\/\",\"name\":\"DECIBEL\\u00cdMETRO PROFISSIONAL DIGITAL PDEC500 INCOTERM (T-DEC-0020) - NTS Calibra\\u00e7\\u00e3o\",\"isPartOf\":{\"@id\":\"https:\/\/ntscalibracao.com.br\/loja\/#website\"},\"primaryImageOfPage\":{\"@id\":\"https:\/\/ntscalibracao.com.br\/loja\/produto\/decibelimetro-profissional-digital-pdec500-incoterm-t-dec-0020\/#primaryimage\"},\"datePublished\":\"2021-04-26T13:00:15+00:00\",\"dateModified\":\"2024-07-08T19:40:32+00:00\",\"inLanguage\":\"pt-BR\",\"potentialAction\":[{\"@type\":\"ReadAction\",\"target\":[\"https:\/\/ntscalibracao.com.br\/loja\/produto\/decibelimetro-profissional-digital-pdec500-incoterm-t-dec-0020\/\"]}]}]}<\/script>\n<!-- \/ Yoast SEO Premium plugin. -->","brands":[],"_links":{"self":[{"href":"https:\/\/ntscalibracao.com.br\/loja\/wp-json\/wp\/v2\/product\/9869"}],"collection":[{"href":"https:\/\/ntscalibracao.com.br\/loja\/wp-json\/wp\/v2\/product"}],"about":[{"href":"https:\/\/ntscalibracao.com.br\/loja\/wp-json\/wp\/v2\/types\/product"}],"replies":[{"embeddable":true,"href":"https:\/\/ntscalibracao.com.br\/loja\/wp-json\/wp\/v2\/comments?post=9869"}],"wp:featuredmedia":[{"embeddable":true,"href":"https:\/\/ntscalibracao.com.br\/loja\/wp-json\/wp\/v2\/media\/10031"}],"wp:attachment":[{"href":"https:\/\/ntscalibracao.com.br\/loja\/wp-json\/wp\/v2\/media?parent=9869"}],"wp:term":[{"taxonomy":"pwb-brand","embeddable":true,"href":"https:\/\/ntscalibracao.com.br\/loja\/wp-json\/wp\/v2\/pwb-brand?post=9869"},{"taxonomy":"product_cat","embeddable":true,"href":"https:\/\/ntscalibracao.com.br\/loja\/wp-json\/wp\/v2\/product_cat?post=9869"},{"taxonomy":"product_tag","embeddable":true,"href":"https:\/\/ntscalibracao.com.br\/loja\/wp-json\/wp\/v2\/product_tag?post=9869"}],"curies":[{"name":"wp","href":"https:\/\/api.w.org\/{rel}","templated":true}]}}