{"id":9862,"date":"2021-04-26T09:49:21","date_gmt":"2021-04-26T12:49:21","guid":{"rendered":"https:\/\/ntscalibracao.com.br\/loja\/?post_type=product&#038;p=9862"},"modified":"2021-05-13T11:05:52","modified_gmt":"2021-05-13T14:05:52","slug":"condutivimetro-de-bancada-sc2000","status":"publish","type":"product","link":"https:\/\/ntscalibracao.com.br\/loja\/produto\/condutivimetro-de-bancada-sc2000\/","title":{"rendered":"CONDUTIVIMETRO DE BANCADA SC2000"},"content":{"rendered":"<p>FAIXA DO INSTRUMENTO: 0,01 \u03bcS\/cm a 0,2 S\/cm<\/p>\n<p>DIVIS\u00c3O: Auto Range<\/p>\n<p>PRECIS\u00c3O RELATIVA: 0,05 % (FE)<\/p>\n<p>OUTRAS MEDIDAS: Resistividade e TDS<\/p>\n<p>PONTOS DE CALIBRA\u00c7\u00c3O: 1 Ajust\u00e1vel<\/p>\n<p>TEMPERATURA DE REFER\u00caNCIA: 15 \u00baC, 20 \u00baC ou 25 \u00baC<\/p>\n<p>CONSTANTE DA C\u00c9LULA (K): 0,001 a 200,0<\/p>\n<p>FAIXA DE MEDI\u00c7\u00c3O: 0 a 100 \u00baC<\/p>\n<p>DIVIS\u00c3O: 0,1 \u00baC<\/p>\n<p>PRECIS\u00c3O RELATIVA: 0,3 % (FE)<\/p>\n<p>DISPLAY RETRO ILUMINADO: Sim<\/p>\n<p>REL\u00d3GIO DE TEMPO REAL (RTC): Sim<\/p>\n<p>INTERFACE DE DADOS: RS232C<\/p>\n<p>ALIMENTA\u00c7\u00c3O: 90 a 240 VAC<\/p>\n<p>DIMENS\u00d5ES: 180 x 200 x 80 (L x C x A)<\/p>\n<p>INTERFACE DE ENTRADA:<\/p>\n<p>&nbsp;<\/p>\n<p>Condutividade \u2013 BNC<\/p>\n<p>Temperatura \u2013 RCA<\/p>\n<p>Acess\u00f3rios inclusos<\/p>\n<p>&nbsp;<\/p>\n<p>C\u00e9lula de condutividade K=1,0 cm-1<\/p>\n<p>Suporte pantografico<\/p>\n<p>Manual de instru\u00e7\u00f5es<\/p>\n<p>Solu\u00e7\u00e3o de calibra\u00e7\u00e3o (146,9 \u03bcS\/cm)<\/p>\n<p>Adaptador de rede 90 a 240 VAC<\/p>\n","protected":false},"excerpt":{"rendered":"<p>FAIXA DO INSTRUMENTO: 0,01 \u03bcS\/cm a 0,2 S\/cm<\/p>\n<p>DIVIS\u00c3O: Auto Range<\/p>\n<p>PRECIS\u00c3O RELATIVA: 0,05 % (FE)<\/p>\n<p>OUTRAS MEDIDAS: Resistividade e TDS<\/p>\n","protected":false},"featured_media":9996,"comment_status":"open","ping_status":"closed","template":"","meta":[],"pwb-brand":[],"product_cat":[84,72],"product_tag":[],"yoast_head":"<!-- This site is optimized with the Yoast SEO Premium plugin v14.7 - https:\/\/yoast.com\/wordpress\/plugins\/seo\/ -->\n<title>CONDUTIVIMETRO DE BANCADA SC2000 - NTS Calibra\u00e7\u00e3o<\/title>\n<meta name=\"robots\" content=\"index, follow\" \/>\n<meta name=\"googlebot\" content=\"index, follow, max-snippet:-1, max-image-preview:large, max-video-preview:-1\" \/>\n<meta name=\"bingbot\" content=\"index, follow, max-snippet:-1, max-image-preview:large, max-video-preview:-1\" \/>\n<link rel=\"canonical\" href=\"https:\/\/ntscalibracao.com.br\/loja\/produto\/condutivimetro-de-bancada-sc2000\/\" \/>\n<meta property=\"og:locale\" content=\"pt_BR\" \/>\n<meta property=\"og:type\" content=\"article\" \/>\n<meta property=\"og:title\" content=\"CONDUTIVIMETRO DE BANCADA SC2000 - NTS Calibra\u00e7\u00e3o\" \/>\n<meta property=\"og:description\" content=\"FAIXA DO INSTRUMENTO: 0,01 \u03bcS\/cm a 0,2 S\/cm  DIVIS\u00c3O: Auto Range  PRECIS\u00c3O RELATIVA: 0,05 % (FE)  OUTRAS MEDIDAS: Resistividade e TDS\" \/>\n<meta property=\"og:url\" content=\"https:\/\/ntscalibracao.com.br\/loja\/produto\/condutivimetro-de-bancada-sc2000\/\" \/>\n<meta property=\"og:site_name\" content=\"NTS Calibra\u00e7\u00e3o\" \/>\n<meta property=\"article:publisher\" content=\"https:\/\/www.facebook.com\/NTS-Calibra%c3%a7%c3%a3o-de-Balan%c3%a7as-e-Instrumentos-253519321396719\" \/>\n<meta property=\"article:modified_time\" content=\"2021-05-13T14:05:52+00:00\" \/>\n<meta property=\"og:image\" content=\"https:\/\/ntscalibracao.com.br\/loja\/wp-content\/uploads\/2021\/04\/condutivimetro-bancada-sc2000.png\" \/>\n\t<meta property=\"og:image:width\" content=\"1000\" \/>\n\t<meta property=\"og:image:height\" content=\"1000\" \/>\n<meta name=\"twitter:card\" content=\"summary_large_image\" \/>\n<script type=\"application\/ld+json\" class=\"yoast-schema-graph\">{\"@context\":\"https:\/\/schema.org\",\"@graph\":[{\"@type\":\"Organization\",\"@id\":\"https:\/\/ntscalibracao.com.br\/loja\/#organization\",\"name\":\"NTS Calibra\\u00e7\\u00e3o de Balan\\u00e7as e Instrumentos\",\"url\":\"https:\/\/ntscalibracao.com.br\/loja\/\",\"sameAs\":[\"https:\/\/www.facebook.com\/NTS-Calibra\\u00e7\\u00e3o-de-Balan\\u00e7as-e-Instrumentos-253519321396719\"],\"logo\":{\"@type\":\"ImageObject\",\"@id\":\"https:\/\/ntscalibracao.com.br\/loja\/#logo\",\"inLanguage\":\"pt-BR\",\"url\":\"https:\/\/ntscalibracao.com.br\/loja\/wp-content\/uploads\/2021\/02\/cropped-logo-nts1.png\",\"width\":203,\"height\":60,\"caption\":\"NTS Calibra\\u00e7\\u00e3o de Balan\\u00e7as e Instrumentos\"},\"image\":{\"@id\":\"https:\/\/ntscalibracao.com.br\/loja\/#logo\"}},{\"@type\":\"WebSite\",\"@id\":\"https:\/\/ntscalibracao.com.br\/loja\/#website\",\"url\":\"https:\/\/ntscalibracao.com.br\/loja\/\",\"name\":\"NTS Calibra\\u00e7\\u00e3o - Loja de Balan\\u00e7as e Instrumentos de Medi\\u00e7\\u00e3o\",\"description\":\"Loja\",\"publisher\":{\"@id\":\"https:\/\/ntscalibracao.com.br\/loja\/#organization\"},\"potentialAction\":[{\"@type\":\"SearchAction\",\"target\":\"https:\/\/ntscalibracao.com.br\/loja\/?s={search_term_string}\",\"query-input\":\"required name=search_term_string\"}],\"inLanguage\":\"pt-BR\"},{\"@type\":\"ImageObject\",\"@id\":\"https:\/\/ntscalibracao.com.br\/loja\/produto\/condutivimetro-de-bancada-sc2000\/#primaryimage\",\"inLanguage\":\"pt-BR\",\"url\":\"https:\/\/ntscalibracao.com.br\/loja\/wp-content\/uploads\/2021\/04\/condutivimetro-bancada-sc2000.png\",\"width\":1000,\"height\":1000},{\"@type\":\"WebPage\",\"@id\":\"https:\/\/ntscalibracao.com.br\/loja\/produto\/condutivimetro-de-bancada-sc2000\/#webpage\",\"url\":\"https:\/\/ntscalibracao.com.br\/loja\/produto\/condutivimetro-de-bancada-sc2000\/\",\"name\":\"CONDUTIVIMETRO DE BANCADA SC2000 - NTS Calibra\\u00e7\\u00e3o\",\"isPartOf\":{\"@id\":\"https:\/\/ntscalibracao.com.br\/loja\/#website\"},\"primaryImageOfPage\":{\"@id\":\"https:\/\/ntscalibracao.com.br\/loja\/produto\/condutivimetro-de-bancada-sc2000\/#primaryimage\"},\"datePublished\":\"2021-04-26T12:49:21+00:00\",\"dateModified\":\"2021-05-13T14:05:52+00:00\",\"inLanguage\":\"pt-BR\",\"potentialAction\":[{\"@type\":\"ReadAction\",\"target\":[\"https:\/\/ntscalibracao.com.br\/loja\/produto\/condutivimetro-de-bancada-sc2000\/\"]}]}]}<\/script>\n<!-- \/ Yoast SEO Premium plugin. -->","brands":[],"_links":{"self":[{"href":"https:\/\/ntscalibracao.com.br\/loja\/wp-json\/wp\/v2\/product\/9862"}],"collection":[{"href":"https:\/\/ntscalibracao.com.br\/loja\/wp-json\/wp\/v2\/product"}],"about":[{"href":"https:\/\/ntscalibracao.com.br\/loja\/wp-json\/wp\/v2\/types\/product"}],"replies":[{"embeddable":true,"href":"https:\/\/ntscalibracao.com.br\/loja\/wp-json\/wp\/v2\/comments?post=9862"}],"wp:featuredmedia":[{"embeddable":true,"href":"https:\/\/ntscalibracao.com.br\/loja\/wp-json\/wp\/v2\/media\/9996"}],"wp:attachment":[{"href":"https:\/\/ntscalibracao.com.br\/loja\/wp-json\/wp\/v2\/media?parent=9862"}],"wp:term":[{"taxonomy":"pwb-brand","embeddable":true,"href":"https:\/\/ntscalibracao.com.br\/loja\/wp-json\/wp\/v2\/pwb-brand?post=9862"},{"taxonomy":"product_cat","embeddable":true,"href":"https:\/\/ntscalibracao.com.br\/loja\/wp-json\/wp\/v2\/product_cat?post=9862"},{"taxonomy":"product_tag","embeddable":true,"href":"https:\/\/ntscalibracao.com.br\/loja\/wp-json\/wp\/v2\/product_tag?post=9862"}],"curies":[{"name":"wp","href":"https:\/\/api.w.org\/{rel}","templated":true}]}}