{"id":9856,"date":"2021-04-26T09:06:39","date_gmt":"2021-04-26T12:06:39","guid":{"rendered":"https:\/\/ntscalibracao.com.br\/loja\/?post_type=product&#038;p=9856"},"modified":"2021-05-13T14:55:25","modified_gmt":"2021-05-13T17:55:25","slug":"anemometro-incoterm","status":"publish","type":"product","link":"https:\/\/ntscalibracao.com.br\/loja\/produto\/anemometro-incoterm\/","title":{"rendered":"ANEM\u00d4METRO INCOTERM"},"content":{"rendered":"<p>O anem\u00f4metro \u00e9 um instrumento utilizado para a medi\u00e7\u00e3o da velocidade do vento. \u00c9 basicamente constitu\u00eddo de um rotor sens\u00edvel a passagem do ar e uma aleta autodirecion\u00e1vel tipo cata-vento.<\/p>\n<p>Calibra\u00e7\u00e3o sob consulta.<\/p>\n<p>&nbsp;<\/p>\n<p>&#8211; Mede velocidade do vento em mph, Km\/h, m\/s ou knots;<\/p>\n<p>&#8211;\u00a0 Velocidade do vento em escala de vento Beauford em barras verticais;<\/p>\n<p>&#8211; Mostra estado t\u00e9rmico do vento;<\/p>\n<p>&#8211; Temperatura em \u00b0C ou \u00b0F;<\/p>\n<p>&#8211; Display de cristal liquido com backlight;<\/p>\n<p>&#8211; Desligamento autom\u00e1tico;<\/p>\n<p>&#8211; Colar de pesco\u00e7o para transporte do instrumento;<\/p>\n<p>&#8211; Resistente a \u00e1gua<\/p>\n","protected":false},"excerpt":{"rendered":"<p>O anem\u00f4metro \u00e9 um instrumento utilizado para a medi\u00e7\u00e3o da velocidade do vento. \u00c9 basicamente constitu\u00eddo de um rotor sens\u00edvel a passagem do ar e uma aleta autodirecion\u00e1vel tipo cata-vento.<\/p>\n<p>Calibra\u00e7\u00e3o sob consulta.<\/p>\n","protected":false},"featured_media":10030,"comment_status":"open","ping_status":"closed","template":"","meta":[],"pwb-brand":[],"product_cat":[91,72],"product_tag":[],"yoast_head":"<!-- This site is optimized with the Yoast SEO Premium plugin v14.7 - https:\/\/yoast.com\/wordpress\/plugins\/seo\/ -->\n<title>ANEM\u00d4METRO INCOTERM - NTS Calibra\u00e7\u00e3o<\/title>\n<meta name=\"robots\" content=\"index, follow\" \/>\n<meta name=\"googlebot\" content=\"index, follow, max-snippet:-1, max-image-preview:large, max-video-preview:-1\" \/>\n<meta name=\"bingbot\" content=\"index, follow, max-snippet:-1, max-image-preview:large, max-video-preview:-1\" \/>\n<link rel=\"canonical\" href=\"https:\/\/ntscalibracao.com.br\/loja\/produto\/anemometro-incoterm\/\" \/>\n<meta property=\"og:locale\" content=\"pt_BR\" \/>\n<meta property=\"og:type\" content=\"article\" \/>\n<meta property=\"og:title\" content=\"ANEM\u00d4METRO INCOTERM - NTS Calibra\u00e7\u00e3o\" \/>\n<meta property=\"og:description\" content=\"O anem\u00f4metro \u00e9 um instrumento utilizado para a medi\u00e7\u00e3o da velocidade do vento. \u00c9 basicamente constitu\u00eddo de um rotor sens\u00edvel a passagem do ar e uma aleta autodirecion\u00e1vel tipo cata-vento.  Calibra\u00e7\u00e3o sob consulta.\" \/>\n<meta property=\"og:url\" content=\"https:\/\/ntscalibracao.com.br\/loja\/produto\/anemometro-incoterm\/\" \/>\n<meta property=\"og:site_name\" content=\"NTS Calibra\u00e7\u00e3o\" \/>\n<meta property=\"article:publisher\" content=\"https:\/\/www.facebook.com\/NTS-Calibra%c3%a7%c3%a3o-de-Balan%c3%a7as-e-Instrumentos-253519321396719\" \/>\n<meta property=\"article:modified_time\" content=\"2021-05-13T17:55:25+00:00\" \/>\n<meta property=\"og:image\" content=\"https:\/\/ntscalibracao.com.br\/loja\/wp-content\/uploads\/2021\/04\/anemometro-incoterm-1.png\" \/>\n\t<meta property=\"og:image:width\" content=\"1000\" \/>\n\t<meta property=\"og:image:height\" content=\"1000\" \/>\n<meta name=\"twitter:card\" content=\"summary_large_image\" \/>\n<script type=\"application\/ld+json\" class=\"yoast-schema-graph\">{\"@context\":\"https:\/\/schema.org\",\"@graph\":[{\"@type\":\"Organization\",\"@id\":\"https:\/\/ntscalibracao.com.br\/loja\/#organization\",\"name\":\"NTS Calibra\\u00e7\\u00e3o de Balan\\u00e7as e Instrumentos\",\"url\":\"https:\/\/ntscalibracao.com.br\/loja\/\",\"sameAs\":[\"https:\/\/www.facebook.com\/NTS-Calibra\\u00e7\\u00e3o-de-Balan\\u00e7as-e-Instrumentos-253519321396719\"],\"logo\":{\"@type\":\"ImageObject\",\"@id\":\"https:\/\/ntscalibracao.com.br\/loja\/#logo\",\"inLanguage\":\"pt-BR\",\"url\":\"https:\/\/ntscalibracao.com.br\/loja\/wp-content\/uploads\/2021\/02\/cropped-logo-nts1.png\",\"width\":203,\"height\":60,\"caption\":\"NTS Calibra\\u00e7\\u00e3o de Balan\\u00e7as e Instrumentos\"},\"image\":{\"@id\":\"https:\/\/ntscalibracao.com.br\/loja\/#logo\"}},{\"@type\":\"WebSite\",\"@id\":\"https:\/\/ntscalibracao.com.br\/loja\/#website\",\"url\":\"https:\/\/ntscalibracao.com.br\/loja\/\",\"name\":\"NTS Calibra\\u00e7\\u00e3o - Loja de Balan\\u00e7as e Instrumentos de Medi\\u00e7\\u00e3o\",\"description\":\"Loja\",\"publisher\":{\"@id\":\"https:\/\/ntscalibracao.com.br\/loja\/#organization\"},\"potentialAction\":[{\"@type\":\"SearchAction\",\"target\":\"https:\/\/ntscalibracao.com.br\/loja\/?s={search_term_string}\",\"query-input\":\"required name=search_term_string\"}],\"inLanguage\":\"pt-BR\"},{\"@type\":\"ImageObject\",\"@id\":\"https:\/\/ntscalibracao.com.br\/loja\/produto\/anemometro-incoterm\/#primaryimage\",\"inLanguage\":\"pt-BR\",\"url\":\"https:\/\/ntscalibracao.com.br\/loja\/wp-content\/uploads\/2021\/04\/anemometro-incoterm-1.png\",\"width\":1000,\"height\":1000},{\"@type\":\"WebPage\",\"@id\":\"https:\/\/ntscalibracao.com.br\/loja\/produto\/anemometro-incoterm\/#webpage\",\"url\":\"https:\/\/ntscalibracao.com.br\/loja\/produto\/anemometro-incoterm\/\",\"name\":\"ANEM\\u00d4METRO INCOTERM - NTS Calibra\\u00e7\\u00e3o\",\"isPartOf\":{\"@id\":\"https:\/\/ntscalibracao.com.br\/loja\/#website\"},\"primaryImageOfPage\":{\"@id\":\"https:\/\/ntscalibracao.com.br\/loja\/produto\/anemometro-incoterm\/#primaryimage\"},\"datePublished\":\"2021-04-26T12:06:39+00:00\",\"dateModified\":\"2021-05-13T17:55:25+00:00\",\"inLanguage\":\"pt-BR\",\"potentialAction\":[{\"@type\":\"ReadAction\",\"target\":[\"https:\/\/ntscalibracao.com.br\/loja\/produto\/anemometro-incoterm\/\"]}]}]}<\/script>\n<!-- \/ Yoast SEO Premium plugin. -->","brands":[],"_links":{"self":[{"href":"https:\/\/ntscalibracao.com.br\/loja\/wp-json\/wp\/v2\/product\/9856"}],"collection":[{"href":"https:\/\/ntscalibracao.com.br\/loja\/wp-json\/wp\/v2\/product"}],"about":[{"href":"https:\/\/ntscalibracao.com.br\/loja\/wp-json\/wp\/v2\/types\/product"}],"replies":[{"embeddable":true,"href":"https:\/\/ntscalibracao.com.br\/loja\/wp-json\/wp\/v2\/comments?post=9856"}],"wp:featuredmedia":[{"embeddable":true,"href":"https:\/\/ntscalibracao.com.br\/loja\/wp-json\/wp\/v2\/media\/10030"}],"wp:attachment":[{"href":"https:\/\/ntscalibracao.com.br\/loja\/wp-json\/wp\/v2\/media?parent=9856"}],"wp:term":[{"taxonomy":"pwb-brand","embeddable":true,"href":"https:\/\/ntscalibracao.com.br\/loja\/wp-json\/wp\/v2\/pwb-brand?post=9856"},{"taxonomy":"product_cat","embeddable":true,"href":"https:\/\/ntscalibracao.com.br\/loja\/wp-json\/wp\/v2\/product_cat?post=9856"},{"taxonomy":"product_tag","embeddable":true,"href":"https:\/\/ntscalibracao.com.br\/loja\/wp-json\/wp\/v2\/product_tag?post=9856"}],"curies":[{"name":"wp","href":"https:\/\/api.w.org\/{rel}","templated":true}]}}