{"id":9744,"date":"2021-03-30T15:47:01","date_gmt":"2021-03-30T18:47:01","guid":{"rendered":"https:\/\/ntscalibracao.com.br\/loja\/?post_type=product&#038;p=9744"},"modified":"2021-05-13T10:45:38","modified_gmt":"2021-05-13T13:45:38","slug":"bureta-c-torneira-de-ptfe-ambar","status":"publish","type":"product","link":"https:\/\/ntscalibracao.com.br\/loja\/produto\/bureta-c-torneira-de-ptfe-ambar\/","title":{"rendered":"BURETA C\/TORNEIRA DE PTFE \u00c2MBAR"},"content":{"rendered":"<p><strong>Capacidade: <\/strong>5 ml, 10 ml, 25 ml, 50 ml, 100 ml<\/p>\n","protected":false},"excerpt":{"rendered":"<p><strong>Capacidade: <\/strong>5 ml, 10 ml, 25 ml, 50 ml, 100 ml<\/p>\n","protected":false},"featured_media":9986,"comment_status":"open","ping_status":"closed","template":"","meta":[],"pwb-brand":[],"product_cat":[72,77],"product_tag":[],"yoast_head":"<!-- This site is optimized with the Yoast SEO Premium plugin v14.7 - https:\/\/yoast.com\/wordpress\/plugins\/seo\/ -->\n<title>BURETA C\/TORNEIRA DE PTFE \u00c2MBAR - NTS Calibra\u00e7\u00e3o<\/title>\n<meta name=\"robots\" content=\"index, follow\" \/>\n<meta name=\"googlebot\" content=\"index, follow, max-snippet:-1, max-image-preview:large, max-video-preview:-1\" \/>\n<meta name=\"bingbot\" content=\"index, follow, max-snippet:-1, max-image-preview:large, max-video-preview:-1\" \/>\n<link rel=\"canonical\" href=\"https:\/\/ntscalibracao.com.br\/loja\/produto\/bureta-c-torneira-de-ptfe-ambar\/\" \/>\n<meta property=\"og:locale\" content=\"pt_BR\" \/>\n<meta property=\"og:type\" content=\"article\" \/>\n<meta property=\"og:title\" content=\"BURETA C\/TORNEIRA DE PTFE \u00c2MBAR - NTS Calibra\u00e7\u00e3o\" \/>\n<meta property=\"og:description\" content=\"Capacidade: 5 ml, 10 ml, 25 ml, 50 ml, 100 ml\" \/>\n<meta property=\"og:url\" content=\"https:\/\/ntscalibracao.com.br\/loja\/produto\/bureta-c-torneira-de-ptfe-ambar\/\" \/>\n<meta property=\"og:site_name\" content=\"NTS Calibra\u00e7\u00e3o\" \/>\n<meta property=\"article:publisher\" content=\"https:\/\/www.facebook.com\/NTS-Calibra%c3%a7%c3%a3o-de-Balan%c3%a7as-e-Instrumentos-253519321396719\" \/>\n<meta property=\"article:modified_time\" content=\"2021-05-13T13:45:38+00:00\" \/>\n<meta property=\"og:image\" content=\"https:\/\/ntscalibracao.com.br\/loja\/wp-content\/uploads\/2021\/03\/bureta-torneira-ptfe-ambar.png\" \/>\n\t<meta property=\"og:image:width\" content=\"1000\" \/>\n\t<meta property=\"og:image:height\" content=\"1000\" \/>\n<meta name=\"twitter:card\" content=\"summary_large_image\" \/>\n<script type=\"application\/ld+json\" class=\"yoast-schema-graph\">{\"@context\":\"https:\/\/schema.org\",\"@graph\":[{\"@type\":\"Organization\",\"@id\":\"https:\/\/ntscalibracao.com.br\/loja\/#organization\",\"name\":\"NTS Calibra\\u00e7\\u00e3o de Balan\\u00e7as e Instrumentos\",\"url\":\"https:\/\/ntscalibracao.com.br\/loja\/\",\"sameAs\":[\"https:\/\/www.facebook.com\/NTS-Calibra\\u00e7\\u00e3o-de-Balan\\u00e7as-e-Instrumentos-253519321396719\"],\"logo\":{\"@type\":\"ImageObject\",\"@id\":\"https:\/\/ntscalibracao.com.br\/loja\/#logo\",\"inLanguage\":\"pt-BR\",\"url\":\"https:\/\/ntscalibracao.com.br\/loja\/wp-content\/uploads\/2021\/02\/cropped-logo-nts1.png\",\"width\":203,\"height\":60,\"caption\":\"NTS Calibra\\u00e7\\u00e3o de Balan\\u00e7as e Instrumentos\"},\"image\":{\"@id\":\"https:\/\/ntscalibracao.com.br\/loja\/#logo\"}},{\"@type\":\"WebSite\",\"@id\":\"https:\/\/ntscalibracao.com.br\/loja\/#website\",\"url\":\"https:\/\/ntscalibracao.com.br\/loja\/\",\"name\":\"NTS Calibra\\u00e7\\u00e3o - Loja de Balan\\u00e7as e Instrumentos de Medi\\u00e7\\u00e3o\",\"description\":\"Loja\",\"publisher\":{\"@id\":\"https:\/\/ntscalibracao.com.br\/loja\/#organization\"},\"potentialAction\":[{\"@type\":\"SearchAction\",\"target\":\"https:\/\/ntscalibracao.com.br\/loja\/?s={search_term_string}\",\"query-input\":\"required name=search_term_string\"}],\"inLanguage\":\"pt-BR\"},{\"@type\":\"ImageObject\",\"@id\":\"https:\/\/ntscalibracao.com.br\/loja\/produto\/bureta-c-torneira-de-ptfe-ambar\/#primaryimage\",\"inLanguage\":\"pt-BR\",\"url\":\"https:\/\/ntscalibracao.com.br\/loja\/wp-content\/uploads\/2021\/03\/bureta-torneira-ptfe-ambar.png\",\"width\":1000,\"height\":1000},{\"@type\":\"WebPage\",\"@id\":\"https:\/\/ntscalibracao.com.br\/loja\/produto\/bureta-c-torneira-de-ptfe-ambar\/#webpage\",\"url\":\"https:\/\/ntscalibracao.com.br\/loja\/produto\/bureta-c-torneira-de-ptfe-ambar\/\",\"name\":\"BURETA C\/TORNEIRA DE PTFE \\u00c2MBAR - NTS Calibra\\u00e7\\u00e3o\",\"isPartOf\":{\"@id\":\"https:\/\/ntscalibracao.com.br\/loja\/#website\"},\"primaryImageOfPage\":{\"@id\":\"https:\/\/ntscalibracao.com.br\/loja\/produto\/bureta-c-torneira-de-ptfe-ambar\/#primaryimage\"},\"datePublished\":\"2021-03-30T18:47:01+00:00\",\"dateModified\":\"2021-05-13T13:45:38+00:00\",\"inLanguage\":\"pt-BR\",\"potentialAction\":[{\"@type\":\"ReadAction\",\"target\":[\"https:\/\/ntscalibracao.com.br\/loja\/produto\/bureta-c-torneira-de-ptfe-ambar\/\"]}]}]}<\/script>\n<!-- \/ Yoast SEO Premium plugin. -->","brands":[],"_links":{"self":[{"href":"https:\/\/ntscalibracao.com.br\/loja\/wp-json\/wp\/v2\/product\/9744"}],"collection":[{"href":"https:\/\/ntscalibracao.com.br\/loja\/wp-json\/wp\/v2\/product"}],"about":[{"href":"https:\/\/ntscalibracao.com.br\/loja\/wp-json\/wp\/v2\/types\/product"}],"replies":[{"embeddable":true,"href":"https:\/\/ntscalibracao.com.br\/loja\/wp-json\/wp\/v2\/comments?post=9744"}],"wp:featuredmedia":[{"embeddable":true,"href":"https:\/\/ntscalibracao.com.br\/loja\/wp-json\/wp\/v2\/media\/9986"}],"wp:attachment":[{"href":"https:\/\/ntscalibracao.com.br\/loja\/wp-json\/wp\/v2\/media?parent=9744"}],"wp:term":[{"taxonomy":"pwb-brand","embeddable":true,"href":"https:\/\/ntscalibracao.com.br\/loja\/wp-json\/wp\/v2\/pwb-brand?post=9744"},{"taxonomy":"product_cat","embeddable":true,"href":"https:\/\/ntscalibracao.com.br\/loja\/wp-json\/wp\/v2\/product_cat?post=9744"},{"taxonomy":"product_tag","embeddable":true,"href":"https:\/\/ntscalibracao.com.br\/loja\/wp-json\/wp\/v2\/product_tag?post=9744"}],"curies":[{"name":"wp","href":"https:\/\/api.w.org\/{rel}","templated":true}]}}