{"id":9612,"date":"2021-03-29T16:57:53","date_gmt":"2021-03-29T19:57:53","guid":{"rendered":"https:\/\/ntscalibracao.com.br\/loja\/?post_type=product&#038;p=9612"},"modified":"2021-05-13T11:00:03","modified_gmt":"2021-05-13T14:00:03","slug":"frasco-erlenmeyer-boca-estreita","status":"publish","type":"product","link":"https:\/\/ntscalibracao.com.br\/loja\/produto\/frasco-erlenmeyer-boca-estreita\/","title":{"rendered":"FRASCO ERLENMEYER BOCA ESTREITA"},"content":{"rendered":"<p>&#8211; Fabricado em Vidro Borosilicato 3.3;<\/p>\n<p>&#8211; Fabricado de acordo com as Normas ISO 1773 e USP;<\/p>\n<p>&#8211; A boca estreita do erlenmeyer \u00e9 uma grande vantagem quando se trabalha com solventes vol\u00e1teis;<\/p>\n<p>&#8211; Forma c\u00f4nica para Homogeneiza\u00e7\u00e3o de Subst\u00e2ncias;<\/p>\n<p>&#8211; Grava\u00e7\u00e3o em tinta cer\u00e2mica de alta durabilidade na cor branca;<\/p>\n<p>&#8211; Escala graduada de f\u00e1cil leitura e tarja com tamanho grande para facilitar a marca\u00e7\u00e3o;<\/p>\n<p>&#8211; Possui \u00f3tima resist\u00eancia t\u00e9rmica;<\/p>\n<p>&#8211; \u00c9 recomendado aquecimento lento e uniforme;<\/p>\n<p>&#8211; Possui alta resist\u00eancia a ataques qu\u00edmicos;<\/p>\n<p>&#8211; Espessura de Parede Uniforme ideal para aplica\u00e7\u00f5es com aquecimento.<\/p>\n<p>&#8211; Fundo totalmente plano ideal para utiliza\u00e7\u00e3o com agitadores magn\u00e9ticos;<\/p>\n<p>&#8211; Utilizado principalmente para armazenar e misturar produtos e solu\u00e7\u00f5es, cultivo de organismos e tecidos, \u00e9 ideal para utiliza\u00e7\u00e3o em titula\u00e7\u00f5es.<\/p>\n<p>&nbsp;<\/p>\n<p><strong>Capacidade: <\/strong>25 ml, 50 ml, 100 ml, 125 ml, 200 ml, 250 ml, 300 ml, 500 ml, 1000 ml, 2000 ml, 3000 ml, 5000 ml, 6000 ml.<\/p>\n","protected":false},"excerpt":{"rendered":"<p>&#8211; Fabricado em Vidro Borosilicato 3.3;<\/p>\n<p>&#8211; Fabricado de acordo com as Normas ISO 1773 e USP;<\/p>\n<p>&#8211; A boca estreita do erlenmeyer \u00e9 uma grande vantagem quando se trabalha com solventes vol\u00e1teis;<\/p>\n","protected":false},"featured_media":9994,"comment_status":"open","ping_status":"closed","template":"","meta":[],"pwb-brand":[],"product_cat":[72,77],"product_tag":[],"yoast_head":"<!-- This site is optimized with the Yoast SEO Premium plugin v14.7 - https:\/\/yoast.com\/wordpress\/plugins\/seo\/ -->\n<title>FRASCO ERLENMEYER BOCA ESTREITA - NTS Calibra\u00e7\u00e3o<\/title>\n<meta name=\"robots\" content=\"index, follow\" \/>\n<meta name=\"googlebot\" content=\"index, follow, max-snippet:-1, max-image-preview:large, max-video-preview:-1\" \/>\n<meta name=\"bingbot\" content=\"index, follow, max-snippet:-1, max-image-preview:large, max-video-preview:-1\" \/>\n<link rel=\"canonical\" href=\"https:\/\/ntscalibracao.com.br\/loja\/produto\/frasco-erlenmeyer-boca-estreita\/\" \/>\n<meta property=\"og:locale\" content=\"pt_BR\" \/>\n<meta property=\"og:type\" content=\"article\" \/>\n<meta property=\"og:title\" content=\"FRASCO ERLENMEYER BOCA ESTREITA - NTS Calibra\u00e7\u00e3o\" \/>\n<meta property=\"og:description\" content=\"- Fabricado em Vidro Borosilicato 3.3;  - Fabricado de acordo com as Normas ISO 1773 e USP;  - A boca estreita do erlenmeyer \u00e9 uma grande vantagem quando se trabalha com solventes vol\u00e1teis;\" \/>\n<meta property=\"og:url\" content=\"https:\/\/ntscalibracao.com.br\/loja\/produto\/frasco-erlenmeyer-boca-estreita\/\" \/>\n<meta property=\"og:site_name\" content=\"NTS Calibra\u00e7\u00e3o\" \/>\n<meta property=\"article:publisher\" content=\"https:\/\/www.facebook.com\/NTS-Calibra%c3%a7%c3%a3o-de-Balan%c3%a7as-e-Instrumentos-253519321396719\" \/>\n<meta property=\"article:modified_time\" content=\"2021-05-13T14:00:03+00:00\" \/>\n<meta property=\"og:image\" content=\"https:\/\/ntscalibracao.com.br\/loja\/wp-content\/uploads\/2021\/03\/frasco-erlenmeyer-bocaestreita.png\" \/>\n\t<meta property=\"og:image:width\" content=\"1000\" \/>\n\t<meta property=\"og:image:height\" content=\"1000\" \/>\n<meta name=\"twitter:card\" content=\"summary_large_image\" \/>\n<script type=\"application\/ld+json\" class=\"yoast-schema-graph\">{\"@context\":\"https:\/\/schema.org\",\"@graph\":[{\"@type\":\"Organization\",\"@id\":\"https:\/\/ntscalibracao.com.br\/loja\/#organization\",\"name\":\"NTS Calibra\\u00e7\\u00e3o de Balan\\u00e7as e Instrumentos\",\"url\":\"https:\/\/ntscalibracao.com.br\/loja\/\",\"sameAs\":[\"https:\/\/www.facebook.com\/NTS-Calibra\\u00e7\\u00e3o-de-Balan\\u00e7as-e-Instrumentos-253519321396719\"],\"logo\":{\"@type\":\"ImageObject\",\"@id\":\"https:\/\/ntscalibracao.com.br\/loja\/#logo\",\"inLanguage\":\"pt-BR\",\"url\":\"https:\/\/ntscalibracao.com.br\/loja\/wp-content\/uploads\/2021\/02\/cropped-logo-nts1.png\",\"width\":203,\"height\":60,\"caption\":\"NTS Calibra\\u00e7\\u00e3o de Balan\\u00e7as e Instrumentos\"},\"image\":{\"@id\":\"https:\/\/ntscalibracao.com.br\/loja\/#logo\"}},{\"@type\":\"WebSite\",\"@id\":\"https:\/\/ntscalibracao.com.br\/loja\/#website\",\"url\":\"https:\/\/ntscalibracao.com.br\/loja\/\",\"name\":\"NTS Calibra\\u00e7\\u00e3o - Loja de Balan\\u00e7as e Instrumentos de Medi\\u00e7\\u00e3o\",\"description\":\"Loja\",\"publisher\":{\"@id\":\"https:\/\/ntscalibracao.com.br\/loja\/#organization\"},\"potentialAction\":[{\"@type\":\"SearchAction\",\"target\":\"https:\/\/ntscalibracao.com.br\/loja\/?s={search_term_string}\",\"query-input\":\"required name=search_term_string\"}],\"inLanguage\":\"pt-BR\"},{\"@type\":\"ImageObject\",\"@id\":\"https:\/\/ntscalibracao.com.br\/loja\/produto\/frasco-erlenmeyer-boca-estreita\/#primaryimage\",\"inLanguage\":\"pt-BR\",\"url\":\"https:\/\/ntscalibracao.com.br\/loja\/wp-content\/uploads\/2021\/03\/frasco-erlenmeyer-bocaestreita.png\",\"width\":1000,\"height\":1000},{\"@type\":\"WebPage\",\"@id\":\"https:\/\/ntscalibracao.com.br\/loja\/produto\/frasco-erlenmeyer-boca-estreita\/#webpage\",\"url\":\"https:\/\/ntscalibracao.com.br\/loja\/produto\/frasco-erlenmeyer-boca-estreita\/\",\"name\":\"FRASCO ERLENMEYER BOCA ESTREITA - NTS Calibra\\u00e7\\u00e3o\",\"isPartOf\":{\"@id\":\"https:\/\/ntscalibracao.com.br\/loja\/#website\"},\"primaryImageOfPage\":{\"@id\":\"https:\/\/ntscalibracao.com.br\/loja\/produto\/frasco-erlenmeyer-boca-estreita\/#primaryimage\"},\"datePublished\":\"2021-03-29T19:57:53+00:00\",\"dateModified\":\"2021-05-13T14:00:03+00:00\",\"inLanguage\":\"pt-BR\",\"potentialAction\":[{\"@type\":\"ReadAction\",\"target\":[\"https:\/\/ntscalibracao.com.br\/loja\/produto\/frasco-erlenmeyer-boca-estreita\/\"]}]}]}<\/script>\n<!-- \/ Yoast SEO Premium plugin. -->","brands":[],"_links":{"self":[{"href":"https:\/\/ntscalibracao.com.br\/loja\/wp-json\/wp\/v2\/product\/9612"}],"collection":[{"href":"https:\/\/ntscalibracao.com.br\/loja\/wp-json\/wp\/v2\/product"}],"about":[{"href":"https:\/\/ntscalibracao.com.br\/loja\/wp-json\/wp\/v2\/types\/product"}],"replies":[{"embeddable":true,"href":"https:\/\/ntscalibracao.com.br\/loja\/wp-json\/wp\/v2\/comments?post=9612"}],"wp:featuredmedia":[{"embeddable":true,"href":"https:\/\/ntscalibracao.com.br\/loja\/wp-json\/wp\/v2\/media\/9994"}],"wp:attachment":[{"href":"https:\/\/ntscalibracao.com.br\/loja\/wp-json\/wp\/v2\/media?parent=9612"}],"wp:term":[{"taxonomy":"pwb-brand","embeddable":true,"href":"https:\/\/ntscalibracao.com.br\/loja\/wp-json\/wp\/v2\/pwb-brand?post=9612"},{"taxonomy":"product_cat","embeddable":true,"href":"https:\/\/ntscalibracao.com.br\/loja\/wp-json\/wp\/v2\/product_cat?post=9612"},{"taxonomy":"product_tag","embeddable":true,"href":"https:\/\/ntscalibracao.com.br\/loja\/wp-json\/wp\/v2\/product_tag?post=9612"}],"curies":[{"name":"wp","href":"https:\/\/api.w.org\/{rel}","templated":true}]}}