{"id":9560,"date":"2021-03-29T14:30:21","date_gmt":"2021-03-29T17:30:21","guid":{"rendered":"https:\/\/ntscalibracao.com.br\/loja\/?post_type=product&#038;p=9560"},"modified":"2024-03-10T04:03:56","modified_gmt":"2024-03-10T07:03:56","slug":"term-quimico-esc-int-10-150-5004","status":"publish","type":"product","link":"https:\/\/ntscalibracao.com.br\/loja\/produto\/term-quimico-esc-int-10-150-5004\/","title":{"rendered":"TERM QUIMICO ESC INT -10 +150 (5004)"},"content":{"rendered":"<p>Term\u00f4metro de l\u00edquido em vidro, com enchimento de Hg.<\/p>\n<p>Este instrumento tem a finalidade de realizar medi\u00e7\u00f5es de temperatura de medi\u00e7\u00f5es em geral.<\/p>\n<p>S\u00e3o term\u00f4metros de uso geral que podem ser utilizados para realizar medi\u00e7\u00f5es de temperatura em laborat\u00f3rios e ind\u00fastrias.<\/p>\n<p>&nbsp;<\/p>\n<p>INFORMA\u00c7\u00d5ES T\u00c9CNICAS<\/p>\n<p>&#8211; Escala: interna \/ &#8211; 10\u00b0C a + 150\u00b0C;<\/p>\n<p>&#8211; Divis\u00e3o: 1\u00b0C;<\/p>\n<p>&#8211; Capilar: transparente;<\/p>\n<p>&#8211; Enchimento: Hg;<\/p>\n<p>&#8211; Material: vidro;<\/p>\n<p>&#8211; Di\u00e2metro: 7-8 mm;<\/p>\n<p>&#8211; Comprimento: 260 mm;<\/p>\n<p>&#8211; Imers\u00e3o: total;<\/p>\n<p>&#8211; Limite de erro: \u00b11;<\/p>\n","protected":false},"excerpt":{"rendered":"<p>Term\u00f4metro de l\u00edquido em vidro, com enchimento de Hg. Este instrumento tem a finalidade de realizar medi\u00e7\u00f5es de temperatura de medi\u00e7\u00f5es em geral. S\u00e3o term\u00f4metros de uso geral que podem ser utilizados para realizar medi\u00e7\u00f5es de temperatura em laborat\u00f3rios e ind\u00fastrias. &nbsp; INFORMA\u00c7\u00d5ES T\u00c9CNICAS &#8211; Escala: interna \/ &#8211; 10\u00b0C a + 150\u00b0C; &#8211; Divis\u00e3o: [&hellip;]<\/p>\n","protected":false},"featured_media":9564,"comment_status":"open","ping_status":"closed","template":"","meta":[],"pwb-brand":[],"product_cat":[92,72],"product_tag":[],"yoast_head":"<!-- This site is optimized with the Yoast SEO Premium plugin v14.7 - https:\/\/yoast.com\/wordpress\/plugins\/seo\/ -->\n<title>TERM QUIMICO ESC INT -10 +150 (5004) - NTS Calibra\u00e7\u00e3o<\/title>\n<meta name=\"robots\" content=\"index, follow\" \/>\n<meta name=\"googlebot\" content=\"index, follow, max-snippet:-1, max-image-preview:large, max-video-preview:-1\" \/>\n<meta name=\"bingbot\" content=\"index, follow, max-snippet:-1, max-image-preview:large, max-video-preview:-1\" \/>\n<link rel=\"canonical\" href=\"https:\/\/ntscalibracao.com.br\/loja\/produto\/term-quimico-esc-int-10-150-5004\/\" \/>\n<meta property=\"og:locale\" content=\"pt_BR\" \/>\n<meta property=\"og:type\" content=\"article\" \/>\n<meta property=\"og:title\" content=\"TERM QUIMICO ESC INT -10 +150 (5004) - NTS Calibra\u00e7\u00e3o\" \/>\n<meta property=\"og:description\" content=\"Term\u00f4metro de l\u00edquido em vidro, com enchimento de Hg. Este instrumento tem a finalidade de realizar medi\u00e7\u00f5es de temperatura de medi\u00e7\u00f5es em geral. S\u00e3o term\u00f4metros de uso geral que podem ser utilizados para realizar medi\u00e7\u00f5es de temperatura em laborat\u00f3rios e ind\u00fastrias. &nbsp; INFORMA\u00c7\u00d5ES T\u00c9CNICAS &#8211; Escala: interna \/ &#8211; 10\u00b0C a + 150\u00b0C; &#8211; Divis\u00e3o: [&hellip;]\" \/>\n<meta property=\"og:url\" content=\"https:\/\/ntscalibracao.com.br\/loja\/produto\/term-quimico-esc-int-10-150-5004\/\" \/>\n<meta property=\"og:site_name\" content=\"NTS Calibra\u00e7\u00e3o\" \/>\n<meta property=\"article:publisher\" content=\"https:\/\/www.facebook.com\/NTS-Calibra%c3%a7%c3%a3o-de-Balan%c3%a7as-e-Instrumentos-253519321396719\" \/>\n<meta property=\"article:modified_time\" content=\"2024-03-10T07:03:56+00:00\" \/>\n<meta property=\"og:image\" content=\"https:\/\/ntscalibracao.com.br\/loja\/wp-content\/uploads\/2021\/03\/TQ5004-1.jpg\" \/>\n\t<meta property=\"og:image:width\" content=\"454\" \/>\n\t<meta property=\"og:image:height\" content=\"454\" \/>\n<meta name=\"twitter:card\" content=\"summary_large_image\" \/>\n<script type=\"application\/ld+json\" class=\"yoast-schema-graph\">{\"@context\":\"https:\/\/schema.org\",\"@graph\":[{\"@type\":\"Organization\",\"@id\":\"https:\/\/ntscalibracao.com.br\/loja\/#organization\",\"name\":\"NTS Calibra\\u00e7\\u00e3o de Balan\\u00e7as e Instrumentos\",\"url\":\"https:\/\/ntscalibracao.com.br\/loja\/\",\"sameAs\":[\"https:\/\/www.facebook.com\/NTS-Calibra\\u00e7\\u00e3o-de-Balan\\u00e7as-e-Instrumentos-253519321396719\"],\"logo\":{\"@type\":\"ImageObject\",\"@id\":\"https:\/\/ntscalibracao.com.br\/loja\/#logo\",\"inLanguage\":\"pt-BR\",\"url\":\"https:\/\/ntscalibracao.com.br\/loja\/wp-content\/uploads\/2021\/02\/cropped-logo-nts1.png\",\"width\":203,\"height\":60,\"caption\":\"NTS Calibra\\u00e7\\u00e3o de Balan\\u00e7as e Instrumentos\"},\"image\":{\"@id\":\"https:\/\/ntscalibracao.com.br\/loja\/#logo\"}},{\"@type\":\"WebSite\",\"@id\":\"https:\/\/ntscalibracao.com.br\/loja\/#website\",\"url\":\"https:\/\/ntscalibracao.com.br\/loja\/\",\"name\":\"NTS Calibra\\u00e7\\u00e3o - Loja de Balan\\u00e7as e Instrumentos de Medi\\u00e7\\u00e3o\",\"description\":\"Loja\",\"publisher\":{\"@id\":\"https:\/\/ntscalibracao.com.br\/loja\/#organization\"},\"potentialAction\":[{\"@type\":\"SearchAction\",\"target\":\"https:\/\/ntscalibracao.com.br\/loja\/?s={search_term_string}\",\"query-input\":\"required name=search_term_string\"}],\"inLanguage\":\"pt-BR\"},{\"@type\":\"ImageObject\",\"@id\":\"https:\/\/ntscalibracao.com.br\/loja\/produto\/term-quimico-esc-int-10-150-5004\/#primaryimage\",\"inLanguage\":\"pt-BR\",\"url\":\"https:\/\/ntscalibracao.com.br\/loja\/wp-content\/uploads\/2021\/03\/TQ5004-1.jpg\",\"width\":454,\"height\":454},{\"@type\":\"WebPage\",\"@id\":\"https:\/\/ntscalibracao.com.br\/loja\/produto\/term-quimico-esc-int-10-150-5004\/#webpage\",\"url\":\"https:\/\/ntscalibracao.com.br\/loja\/produto\/term-quimico-esc-int-10-150-5004\/\",\"name\":\"TERM QUIMICO ESC INT -10 +150 (5004) - NTS Calibra\\u00e7\\u00e3o\",\"isPartOf\":{\"@id\":\"https:\/\/ntscalibracao.com.br\/loja\/#website\"},\"primaryImageOfPage\":{\"@id\":\"https:\/\/ntscalibracao.com.br\/loja\/produto\/term-quimico-esc-int-10-150-5004\/#primaryimage\"},\"datePublished\":\"2021-03-29T17:30:21+00:00\",\"dateModified\":\"2024-03-10T07:03:56+00:00\",\"inLanguage\":\"pt-BR\",\"potentialAction\":[{\"@type\":\"ReadAction\",\"target\":[\"https:\/\/ntscalibracao.com.br\/loja\/produto\/term-quimico-esc-int-10-150-5004\/\"]}]}]}<\/script>\n<!-- \/ Yoast SEO Premium plugin. -->","brands":[],"_links":{"self":[{"href":"https:\/\/ntscalibracao.com.br\/loja\/wp-json\/wp\/v2\/product\/9560"}],"collection":[{"href":"https:\/\/ntscalibracao.com.br\/loja\/wp-json\/wp\/v2\/product"}],"about":[{"href":"https:\/\/ntscalibracao.com.br\/loja\/wp-json\/wp\/v2\/types\/product"}],"replies":[{"embeddable":true,"href":"https:\/\/ntscalibracao.com.br\/loja\/wp-json\/wp\/v2\/comments?post=9560"}],"wp:featuredmedia":[{"embeddable":true,"href":"https:\/\/ntscalibracao.com.br\/loja\/wp-json\/wp\/v2\/media\/9564"}],"wp:attachment":[{"href":"https:\/\/ntscalibracao.com.br\/loja\/wp-json\/wp\/v2\/media?parent=9560"}],"wp:term":[{"taxonomy":"pwb-brand","embeddable":true,"href":"https:\/\/ntscalibracao.com.br\/loja\/wp-json\/wp\/v2\/pwb-brand?post=9560"},{"taxonomy":"product_cat","embeddable":true,"href":"https:\/\/ntscalibracao.com.br\/loja\/wp-json\/wp\/v2\/product_cat?post=9560"},{"taxonomy":"product_tag","embeddable":true,"href":"https:\/\/ntscalibracao.com.br\/loja\/wp-json\/wp\/v2\/product_tag?post=9560"}],"curies":[{"name":"wp","href":"https:\/\/api.w.org\/{rel}","templated":true}]}}