{"id":9449,"date":"2021-03-12T22:44:04","date_gmt":"2021-03-13T01:44:04","guid":{"rendered":"https:\/\/ntscalibracao.com.br\/loja\/produto\/balanca-portatil-compass-cx2200-capacidade-2-200-gramas\/"},"modified":"2024-03-10T10:37:18","modified_gmt":"2024-03-10T13:37:18","slug":"balanca-portatil-compass-cx2200-capacidade-2-200-gramas","status":"publish","type":"product","link":"https:\/\/ntscalibracao.com.br\/loja\/produto\/balanca-portatil-compass-cx2200-capacidade-2-200-gramas\/","title":{"rendered":"Balan\u00e7a Port\u00e1til Compass CX2200 capacidade 2.200 gramas"},"content":{"rendered":"<p style=\"font-family: Poppins, sans-serif; margin-bottom: 10px; padding: 0px; border: 0px; font-size: 16px; color: #333333; text-align: justify;\"><strong style=\"font-family: inherit; margin: 0px; padding: 0px;\">BALAN\u00c7A OHAUS COMPASS CX<\/strong><br style=\"font-family: inherit; margin: 0px; padding: 0px;\" \/>Balan\u00e7a port\u00e1til com baixo consumo de energia, adequada para pesagem no local de trabalho e em campo<br style=\"font-family: inherit; margin: 0px; padding: 0px;\" \/>CX2200<\/p>\n<p style=\"font-family: Poppins, sans-serif; margin-bottom: 10px; padding: 0px; border: 0px; font-size: 16px; color: #333333; text-align: justify;\"><strong style=\"font-family: inherit; margin: 0px; padding: 0px;\">VIS\u00c3O GLOBAL<\/strong><br style=\"font-family: inherit; margin: 0px; padding: 0px;\" \/>Projetado com efici\u00eancia de energia em mente, a s\u00e9rie Compass CX oferece uma autonomia de at\u00e9 1.000 horas cont\u00ednuas, permitindo opera\u00e7\u00e3o ininterrupta. Com um design fino, empilh\u00e1vel e leve, o CX se encaixa idealmente em laborat\u00f3rios, ind\u00fastrias, educa\u00e7\u00e3o e at\u00e9 ambientes dom\u00e9sticos. A opera\u00e7\u00e3o simplificada de dois bot\u00f5es significa que a balan\u00e7a pode ser operada facilmente, e o grande display LCD retroiluminado permite uma f\u00e1cil visualiza\u00e7\u00e3o dos resultados da pesagem.<\/p>\n<p style=\"font-family: Poppins, sans-serif; margin-bottom: 10px; padding: 0px; border: 0px; font-size: 16px; color: #333333; text-align: justify;\"><strong style=\"font-family: inherit; margin: 0px; padding: 0px;\">ESPECIFICA\u00c7\u00d5ES<\/strong><br style=\"font-family: inherit; margin: 0px; padding: 0px;\" \/><strong style=\"font-family: inherit; margin: 0px; padding: 0px;\">Capacidade m\u00e1xima:<\/strong>\u00a02.200 g<br style=\"font-family: inherit; margin: 0px; padding: 0px;\" \/><strong style=\"font-family: inherit; margin: 0px; padding: 0px;\">Legibilidade:<\/strong>\u00a00,1 g<br style=\"font-family: inherit; margin: 0px; padding: 0px;\" \/><strong style=\"font-family: inherit; margin: 0px; padding: 0px;\">Tamanho do prato:<\/strong>\u00a0142 mm x 128 mm (5,6 pol.)<br style=\"font-family: inherit; margin: 0px; padding: 0px;\" \/><strong style=\"font-family: inherit; margin: 0px; padding: 0px;\">Dura\u00e7\u00e3o da bateria:<\/strong>\u00a01001 horas com baterias descart\u00e1veis<br style=\"font-family: inherit; margin: 0px; padding: 0px;\" \/><strong style=\"font-family: inherit; margin: 0px; padding: 0px;\">Dimens\u00f5es:<\/strong>\u00a041 mm x 201 mm x 135 mm<br style=\"font-family: inherit; margin: 0px; padding: 0px;\" \/><strong style=\"font-family: inherit; margin: 0px; padding: 0px;\">Exibi\u00e7\u00e3o:<\/strong>\u00a0Visor LCD com luz de fundo branca<br style=\"font-family: inherit; margin: 0px; padding: 0px;\" \/><strong style=\"font-family: inherit; margin: 0px; padding: 0px;\">Peso l\u00edquido:<\/strong>\u00a01,1 lb (0,5 kg)<br style=\"font-family: inherit; margin: 0px; padding: 0px;\" \/><strong style=\"font-family: inherit; margin: 0px; padding: 0px;\">Estrutura da plataforma:<\/strong>\u00a0A\u00e7o inoxid\u00e1vel<br style=\"font-family: inherit; margin: 0px; padding: 0px;\" \/><strong style=\"font-family: inherit; margin: 0px; padding: 0px;\">Alimenta\u00e7\u00e3o:<\/strong>\u00a03 pilhas AA (LR6) (inclu\u00eddas); Adaptador CA (n\u00e3o inclu\u00eddo)<br style=\"font-family: inherit; margin: 0px; padding: 0px;\" \/><strong style=\"font-family: inherit; margin: 0px; padding: 0px;\">Tempo de estabiliza\u00e7\u00e3o:<\/strong>\u00a02 s<br style=\"font-family: inherit; margin: 0px; padding: 0px;\" \/><strong style=\"font-family: inherit; margin: 0px; padding: 0px;\">Faixa de tara:<\/strong>\u00a0Capacidade por subtra\u00e7\u00e3o<br style=\"font-family: inherit; margin: 0px; padding: 0px;\" \/><strong style=\"font-family: inherit; margin: 0px; padding: 0px;\">Unidades de medida:<\/strong>\u00a0Grama<br style=\"font-family: inherit; margin: 0px; padding: 0px;\" \/><strong style=\"font-family: inherit; margin: 0px; padding: 0px;\">Ambiente de trabalho:<\/strong>\u00a018 \u00b0 C a 25 \u00b0 C, 80% RH, sem condensa\u00e7\u00e3o<\/p>\n<p style=\"font-family: Poppins, sans-serif; margin-bottom: 10px; padding: 0px; border: 0px; font-size: 16px; color: #333333; text-align: justify;\"><em style=\"margin: 0px; padding: 0px;\"><span style=\"font-family: sans-serif, Arial, Verdana, 'Trebuchet MS'; margin: 0px; padding: 0px;\"><strong style=\"font-family: inherit; margin: 0px; padding: 0px;\">*OBS<\/strong>: O\u00a0modelo\u00a0Compass \u00e9\u00a0destinado\u00a0<u style=\"font-family: inherit; margin: 0px; padding: 0px;\">somente<\/u>\u00a0para fins educacionais (escolas e col\u00e9gios) e uso\u00a0dom\u00e9stico. Sua\u00a0venda \u00e9\u00a0<u style=\"font-family: inherit; margin: 0px; padding: 0px;\">proibida<\/u>\u00a0para Ind\u00fastrias, Pesquisas cient\u00edficas, Laborat\u00f3rios de An\u00e1lises ambientais e afins, pois este modelo\u00a0<\/span><u style=\"font-family: sans-serif, Arial, Verdana, 'Trebuchet MS'; margin: 0px; padding: 0px;\">n\u00e3o possui selo de verifica\u00e7\u00e3o do Inmetro<\/u><span style=\"font-family: sans-serif, Arial, Verdana, 'Trebuchet MS'; margin: 0px; padding: 0px;\">.<\/span><\/em><\/p>\n","protected":false},"excerpt":{"rendered":"<p><strong style=\"font-family: inherit; margin: 0px; padding: 0px;\">BALAN\u00c7A OHAUS COMPASS CX<\/strong><br style=\"font-family: inherit; margin: 0px; padding: 0px;\" \/>Balan\u00e7a port\u00e1til com baixo consumo de energia, adequada para pesagem no local de trabalho e em campo<br style=\"font-family: inherit; margin: 0px; padding: 0px;\" \/>CX2200<\/p>\n","protected":false},"featured_media":9949,"comment_status":"open","ping_status":"closed","template":"","meta":[],"pwb-brand":[],"product_cat":[78],"product_tag":[],"yoast_head":"<!-- This site is optimized with the Yoast SEO Premium plugin v14.7 - https:\/\/yoast.com\/wordpress\/plugins\/seo\/ -->\n<title>Balan\u00e7a Port\u00e1til Compass CX2200 capacidade 2.200 gramas - NTS Calibra\u00e7\u00e3o<\/title>\n<meta name=\"robots\" content=\"index, follow\" \/>\n<meta name=\"googlebot\" content=\"index, follow, max-snippet:-1, max-image-preview:large, max-video-preview:-1\" \/>\n<meta name=\"bingbot\" content=\"index, follow, max-snippet:-1, max-image-preview:large, max-video-preview:-1\" \/>\n<link rel=\"canonical\" href=\"https:\/\/ntscalibracao.com.br\/loja\/produto\/balanca-portatil-compass-cx2200-capacidade-2-200-gramas\/\" \/>\n<meta property=\"og:locale\" content=\"pt_BR\" \/>\n<meta property=\"og:type\" content=\"article\" \/>\n<meta property=\"og:title\" content=\"Balan\u00e7a Port\u00e1til Compass CX2200 capacidade 2.200 gramas - NTS Calibra\u00e7\u00e3o\" \/>\n<meta property=\"og:description\" content=\"BALAN\u00c7A OHAUS COMPASS CXBalan\u00e7a port\u00e1til com baixo consumo de energia, adequada para pesagem no local de trabalho e em campoCX2200\" \/>\n<meta property=\"og:url\" content=\"https:\/\/ntscalibracao.com.br\/loja\/produto\/balanca-portatil-compass-cx2200-capacidade-2-200-gramas\/\" \/>\n<meta property=\"og:site_name\" content=\"NTS Calibra\u00e7\u00e3o\" \/>\n<meta property=\"article:publisher\" content=\"https:\/\/www.facebook.com\/NTS-Calibra%c3%a7%c3%a3o-de-Balan%c3%a7as-e-Instrumentos-253519321396719\" \/>\n<meta property=\"article:modified_time\" content=\"2024-03-10T13:37:18+00:00\" \/>\n<meta property=\"og:image\" content=\"https:\/\/ntscalibracao.com.br\/loja\/wp-content\/uploads\/2021\/03\/balanca-portatil-compas-cx2200.png\" \/>\n\t<meta property=\"og:image:width\" content=\"1000\" \/>\n\t<meta property=\"og:image:height\" content=\"1000\" \/>\n<meta name=\"twitter:card\" content=\"summary_large_image\" \/>\n<script type=\"application\/ld+json\" class=\"yoast-schema-graph\">{\"@context\":\"https:\/\/schema.org\",\"@graph\":[{\"@type\":\"Organization\",\"@id\":\"https:\/\/ntscalibracao.com.br\/loja\/#organization\",\"name\":\"NTS Calibra\\u00e7\\u00e3o de Balan\\u00e7as e Instrumentos\",\"url\":\"https:\/\/ntscalibracao.com.br\/loja\/\",\"sameAs\":[\"https:\/\/www.facebook.com\/NTS-Calibra\\u00e7\\u00e3o-de-Balan\\u00e7as-e-Instrumentos-253519321396719\"],\"logo\":{\"@type\":\"ImageObject\",\"@id\":\"https:\/\/ntscalibracao.com.br\/loja\/#logo\",\"inLanguage\":\"pt-BR\",\"url\":\"https:\/\/ntscalibracao.com.br\/loja\/wp-content\/uploads\/2021\/02\/cropped-logo-nts1.png\",\"width\":203,\"height\":60,\"caption\":\"NTS Calibra\\u00e7\\u00e3o de Balan\\u00e7as e Instrumentos\"},\"image\":{\"@id\":\"https:\/\/ntscalibracao.com.br\/loja\/#logo\"}},{\"@type\":\"WebSite\",\"@id\":\"https:\/\/ntscalibracao.com.br\/loja\/#website\",\"url\":\"https:\/\/ntscalibracao.com.br\/loja\/\",\"name\":\"NTS Calibra\\u00e7\\u00e3o - Loja de Balan\\u00e7as e Instrumentos de Medi\\u00e7\\u00e3o\",\"description\":\"Loja\",\"publisher\":{\"@id\":\"https:\/\/ntscalibracao.com.br\/loja\/#organization\"},\"potentialAction\":[{\"@type\":\"SearchAction\",\"target\":\"https:\/\/ntscalibracao.com.br\/loja\/?s={search_term_string}\",\"query-input\":\"required name=search_term_string\"}],\"inLanguage\":\"pt-BR\"},{\"@type\":\"ImageObject\",\"@id\":\"https:\/\/ntscalibracao.com.br\/loja\/produto\/balanca-portatil-compass-cx2200-capacidade-2-200-gramas\/#primaryimage\",\"inLanguage\":\"pt-BR\",\"url\":\"https:\/\/ntscalibracao.com.br\/loja\/wp-content\/uploads\/2021\/03\/balanca-portatil-compas-cx2200.png\",\"width\":1000,\"height\":1000},{\"@type\":\"WebPage\",\"@id\":\"https:\/\/ntscalibracao.com.br\/loja\/produto\/balanca-portatil-compass-cx2200-capacidade-2-200-gramas\/#webpage\",\"url\":\"https:\/\/ntscalibracao.com.br\/loja\/produto\/balanca-portatil-compass-cx2200-capacidade-2-200-gramas\/\",\"name\":\"Balan\\u00e7a Port\\u00e1til Compass CX2200 capacidade 2.200 gramas - NTS Calibra\\u00e7\\u00e3o\",\"isPartOf\":{\"@id\":\"https:\/\/ntscalibracao.com.br\/loja\/#website\"},\"primaryImageOfPage\":{\"@id\":\"https:\/\/ntscalibracao.com.br\/loja\/produto\/balanca-portatil-compass-cx2200-capacidade-2-200-gramas\/#primaryimage\"},\"datePublished\":\"2021-03-13T01:44:04+00:00\",\"dateModified\":\"2024-03-10T13:37:18+00:00\",\"inLanguage\":\"pt-BR\",\"potentialAction\":[{\"@type\":\"ReadAction\",\"target\":[\"https:\/\/ntscalibracao.com.br\/loja\/produto\/balanca-portatil-compass-cx2200-capacidade-2-200-gramas\/\"]}]}]}<\/script>\n<!-- \/ Yoast SEO Premium plugin. -->","brands":[],"_links":{"self":[{"href":"https:\/\/ntscalibracao.com.br\/loja\/wp-json\/wp\/v2\/product\/9449"}],"collection":[{"href":"https:\/\/ntscalibracao.com.br\/loja\/wp-json\/wp\/v2\/product"}],"about":[{"href":"https:\/\/ntscalibracao.com.br\/loja\/wp-json\/wp\/v2\/types\/product"}],"replies":[{"embeddable":true,"href":"https:\/\/ntscalibracao.com.br\/loja\/wp-json\/wp\/v2\/comments?post=9449"}],"wp:featuredmedia":[{"embeddable":true,"href":"https:\/\/ntscalibracao.com.br\/loja\/wp-json\/wp\/v2\/media\/9949"}],"wp:attachment":[{"href":"https:\/\/ntscalibracao.com.br\/loja\/wp-json\/wp\/v2\/media?parent=9449"}],"wp:term":[{"taxonomy":"pwb-brand","embeddable":true,"href":"https:\/\/ntscalibracao.com.br\/loja\/wp-json\/wp\/v2\/pwb-brand?post=9449"},{"taxonomy":"product_cat","embeddable":true,"href":"https:\/\/ntscalibracao.com.br\/loja\/wp-json\/wp\/v2\/product_cat?post=9449"},{"taxonomy":"product_tag","embeddable":true,"href":"https:\/\/ntscalibracao.com.br\/loja\/wp-json\/wp\/v2\/product_tag?post=9449"}],"curies":[{"name":"wp","href":"https:\/\/api.w.org\/{rel}","templated":true}]}}