{"id":9445,"date":"2021-03-12T22:43:53","date_gmt":"2021-03-13T01:43:53","guid":{"rendered":"https:\/\/ntscalibracao.com.br\/loja\/produto\/balanca-scout-2-casas-620g-001g\/"},"modified":"2024-03-23T10:34:21","modified_gmt":"2024-03-23T13:34:21","slug":"balanca-scout-2-casas-620g-001g","status":"publish","type":"product","link":"https:\/\/ntscalibracao.com.br\/loja\/produto\/balanca-scout-2-casas-620g-001g\/","title":{"rendered":"Balan\u00e7a Scout 2 casas 620g 0,01g"},"content":{"rendered":"<p><strong>Balan\u00e7a Scout\u00a0 2 casas 620g 0,01g\u00a0<\/strong><\/p>\n<p><strong>Aplica\u00e7\u00e3o<\/strong><\/p>\n<p>Pesagem, Contagem de pe\u00e7as, Porcentagem, Checagem Peso, Totaliza\u00e7\u00e3o, Determina\u00e7\u00e3o de densidade, Reten\u00e7\u00e3o do peso<\/p>\n<p><strong>Tela<\/strong><\/p>\n<p>Tela de Cristal L\u00edquido (LCD) com Luz de Fundo<\/p>\n<p><strong>Opera\u00e7\u00e3o<\/strong><\/p>\n<p>Adaptador CA (inclu\u00eddo) ou 4 pilhas AA (n\u00e3o inclu\u00eddas)<\/p>\n<p><strong>Comunica\u00e7\u00e3o<\/strong><\/p>\n<p>RS232, USB Host, dispositivo USB ou Ethernet (dispon\u00edvel como acess\u00f3rio)<\/p>\n<p><strong>Constru\u00e7\u00e3o<\/strong><\/p>\n<p>Carca\u00e7a ABS, prato de a\u00e7o inoxid\u00e1vel, capela em ABS (somente modelo 1mg), pesagem por baixo com gancho, trava de transporte, interruptor de trava de calibra\u00e7\u00e3o manual, slot de seguran\u00e7a, p\u00e9s de nivelamento ajust\u00e1veis, indicador de n\u00edvel iluminado na parte frontal<\/p>\n<p><strong>Caracter\u00edsticas do Design<\/strong><\/p>\n<p>Indicador de estabilidade, prote\u00e7\u00e3o de software e mec\u00e2nica para sobrecarga \/ sobrecarga, indicador de bateria fraca, desligamento autom\u00e1tico e tara autom\u00e1tica<\/p>\n<p><strong>Especifica\u00e7\u00f5es<\/strong><\/p>\n<p><strong>Capacidade M\u00e1xima:<\/strong>\u00a0620g<\/p>\n<p><strong>Resolu\u00e7\u00e3o:<\/strong>\u00a00,01 g<\/p>\n<p><strong>Tamanho do prato:<\/strong>\u00a0120 mm<\/p>\n<p><strong>Vida \u00datil da Bateria:<\/strong>\u00a080 horas com baterias descart\u00e1veis<\/p>\n<p><strong>Comunica\u00e7\u00e3o:<\/strong>\u00a0RS232 (Dispon\u00edvel como Acess\u00f3rio); USB Host (Dispon\u00edvel como Acess\u00f3rio); Dispositivo USB (Dispon\u00edvel como Acess\u00f3rio); Ethernet (Dispon\u00edvel como Acess\u00f3rio)<\/p>\n<p><strong>Dimens\u00f5es:<\/strong>\u00a054 mm x 224 mm x 202 mm<\/p>\n<p><strong>Display:<\/strong>\u00a0LCD grande com ilumina\u00e7\u00e3o<\/p>\n<p><strong>Para opera\u00e7\u00f5es aprovadas:<\/strong>\u00a0INMETRO<\/p>\n<p><strong>Peso L\u00edquido:<\/strong>\u00a01kg<\/p>\n<p><strong>Estrutura do Prato:<\/strong>\u00a0A\u00e7o Inoxid\u00e1vel<\/p>\n<p><strong>Alimenta\u00e7\u00e3o El\u00e9trica:<\/strong>\u00a0Adaptador CA (Incluso); 4 AA (LR6) Baterias (n\u00e3o inclusas)<\/p>\n<p><strong>Tempo de Estabiliza\u00e7\u00e3o:<\/strong>\u00a01 s<\/p>\n<p><strong>Faixa de Tara:<\/strong>\u00a0Para capacidade por subtra\u00e7\u00e3o<\/p>\n<p><strong>Estojo de transporte:<\/strong>\u00a0Dispon\u00edvel como um acess\u00f3rio<\/p>\n<p><strong>Unidades de Medi\u00e7\u00e3o:<\/strong>\u00a0Quilate; Grama;<\/p>\n<p><strong>Ambiente de trabalho:<\/strong>\u00a010\u00b0C A\u00a030\u00b0C, 80%UR, sem condensa\u00e7\u00e3o<\/p>\n<p><strong>OBS:<\/strong>\u00a0Calibra\u00e7\u00e3o interna (ou ajuste interno) \u00e9 um recurso tecnol\u00f3gico que as balan\u00e7as Ohaus possuem. Este recurso dispensa o uso de peso padr\u00e3o para a aferi\u00e7\u00e3o di\u00e1ria, mas n\u00e3o dispensa a Calibra\u00e7\u00e3o RBC (servi\u00e7o opcional).<\/p>\n","protected":false},"excerpt":{"rendered":"<p style=\"font-family: Poppins, sans-serif; margin-bottom: 10px; padding: 0px; border: 0px; font-size: 16px; color: #333333; text-align: justify;\"><strong style=\"font-family: inherit; margin: 0px; padding: 0px;\">Balan\u00e7a Scout\u00a0 2 casas 620g 0,01g\u00a0<\/strong><\/p>\n<p style=\"font-family: Poppins, sans-serif; margin-bottom: 10px; padding: 0px; border: 0px; font-size: 16px; color: #333333; text-align: justify;\"><strong style=\"font-family: inherit; margin: 0px; padding: 0px;\">Aplica\u00e7\u00e3o<\/strong><\/p>\n<p style=\"font-family: Poppins, sans-serif; margin-bottom: 10px; padding: 0px; border: 0px; font-size: 16px; color: #333333; text-align: justify;\">Pesagem, Contagem de pe\u00e7as, Porcentagem, Checagem Peso, Totaliza\u00e7\u00e3o, Determina\u00e7\u00e3o de densidade, Reten\u00e7\u00e3o do peso<\/p>\n","protected":false},"featured_media":9922,"comment_status":"open","ping_status":"closed","template":"","meta":[],"pwb-brand":[],"product_cat":[78,80,72],"product_tag":[],"yoast_head":"<!-- This site is optimized with the Yoast SEO Premium plugin v14.7 - https:\/\/yoast.com\/wordpress\/plugins\/seo\/ -->\n<title>Balan\u00e7a Scout 2 casas 620g 0,01g - NTS Calibra\u00e7\u00e3o<\/title>\n<meta name=\"robots\" content=\"index, follow\" \/>\n<meta name=\"googlebot\" content=\"index, follow, max-snippet:-1, max-image-preview:large, max-video-preview:-1\" \/>\n<meta name=\"bingbot\" content=\"index, follow, max-snippet:-1, max-image-preview:large, max-video-preview:-1\" \/>\n<link rel=\"canonical\" href=\"https:\/\/ntscalibracao.com.br\/loja\/produto\/balanca-scout-2-casas-620g-001g\/\" \/>\n<meta property=\"og:locale\" content=\"pt_BR\" \/>\n<meta property=\"og:type\" content=\"article\" \/>\n<meta property=\"og:title\" content=\"Balan\u00e7a Scout 2 casas 620g 0,01g - NTS Calibra\u00e7\u00e3o\" \/>\n<meta property=\"og:description\" content=\"Balan\u00e7a Scout\u00a0 2 casas 620g 0,01g\u00a0 Aplica\u00e7\u00e3o Pesagem, Contagem de pe\u00e7as, Porcentagem, Checagem Peso, Totaliza\u00e7\u00e3o, Determina\u00e7\u00e3o de densidade, Reten\u00e7\u00e3o do peso\" \/>\n<meta property=\"og:url\" content=\"https:\/\/ntscalibracao.com.br\/loja\/produto\/balanca-scout-2-casas-620g-001g\/\" \/>\n<meta property=\"og:site_name\" content=\"NTS Calibra\u00e7\u00e3o\" \/>\n<meta property=\"article:publisher\" content=\"https:\/\/www.facebook.com\/NTS-Calibra%c3%a7%c3%a3o-de-Balan%c3%a7as-e-Instrumentos-253519321396719\" \/>\n<meta property=\"article:modified_time\" content=\"2024-03-23T13:34:21+00:00\" \/>\n<meta property=\"og:image\" content=\"https:\/\/ntscalibracao.com.br\/loja\/wp-content\/uploads\/2021\/03\/balanca-scout-620gr.png\" \/>\n\t<meta property=\"og:image:width\" content=\"1000\" \/>\n\t<meta property=\"og:image:height\" content=\"1000\" \/>\n<meta name=\"twitter:card\" content=\"summary_large_image\" \/>\n<script type=\"application\/ld+json\" class=\"yoast-schema-graph\">{\"@context\":\"https:\/\/schema.org\",\"@graph\":[{\"@type\":\"Organization\",\"@id\":\"https:\/\/ntscalibracao.com.br\/loja\/#organization\",\"name\":\"NTS Calibra\\u00e7\\u00e3o de Balan\\u00e7as e Instrumentos\",\"url\":\"https:\/\/ntscalibracao.com.br\/loja\/\",\"sameAs\":[\"https:\/\/www.facebook.com\/NTS-Calibra\\u00e7\\u00e3o-de-Balan\\u00e7as-e-Instrumentos-253519321396719\"],\"logo\":{\"@type\":\"ImageObject\",\"@id\":\"https:\/\/ntscalibracao.com.br\/loja\/#logo\",\"inLanguage\":\"pt-BR\",\"url\":\"https:\/\/ntscalibracao.com.br\/loja\/wp-content\/uploads\/2021\/02\/cropped-logo-nts1.png\",\"width\":203,\"height\":60,\"caption\":\"NTS Calibra\\u00e7\\u00e3o de Balan\\u00e7as e Instrumentos\"},\"image\":{\"@id\":\"https:\/\/ntscalibracao.com.br\/loja\/#logo\"}},{\"@type\":\"WebSite\",\"@id\":\"https:\/\/ntscalibracao.com.br\/loja\/#website\",\"url\":\"https:\/\/ntscalibracao.com.br\/loja\/\",\"name\":\"NTS Calibra\\u00e7\\u00e3o - Loja de Balan\\u00e7as e Instrumentos de Medi\\u00e7\\u00e3o\",\"description\":\"Loja\",\"publisher\":{\"@id\":\"https:\/\/ntscalibracao.com.br\/loja\/#organization\"},\"potentialAction\":[{\"@type\":\"SearchAction\",\"target\":\"https:\/\/ntscalibracao.com.br\/loja\/?s={search_term_string}\",\"query-input\":\"required name=search_term_string\"}],\"inLanguage\":\"pt-BR\"},{\"@type\":\"ImageObject\",\"@id\":\"https:\/\/ntscalibracao.com.br\/loja\/produto\/balanca-scout-2-casas-620g-001g\/#primaryimage\",\"inLanguage\":\"pt-BR\",\"url\":\"https:\/\/ntscalibracao.com.br\/loja\/wp-content\/uploads\/2021\/03\/balanca-scout-620gr.png\",\"width\":1000,\"height\":1000},{\"@type\":\"WebPage\",\"@id\":\"https:\/\/ntscalibracao.com.br\/loja\/produto\/balanca-scout-2-casas-620g-001g\/#webpage\",\"url\":\"https:\/\/ntscalibracao.com.br\/loja\/produto\/balanca-scout-2-casas-620g-001g\/\",\"name\":\"Balan\\u00e7a Scout 2 casas 620g 0,01g - NTS Calibra\\u00e7\\u00e3o\",\"isPartOf\":{\"@id\":\"https:\/\/ntscalibracao.com.br\/loja\/#website\"},\"primaryImageOfPage\":{\"@id\":\"https:\/\/ntscalibracao.com.br\/loja\/produto\/balanca-scout-2-casas-620g-001g\/#primaryimage\"},\"datePublished\":\"2021-03-13T01:43:53+00:00\",\"dateModified\":\"2024-03-23T13:34:21+00:00\",\"inLanguage\":\"pt-BR\",\"potentialAction\":[{\"@type\":\"ReadAction\",\"target\":[\"https:\/\/ntscalibracao.com.br\/loja\/produto\/balanca-scout-2-casas-620g-001g\/\"]}]}]}<\/script>\n<!-- \/ Yoast SEO Premium plugin. -->","brands":[],"_links":{"self":[{"href":"https:\/\/ntscalibracao.com.br\/loja\/wp-json\/wp\/v2\/product\/9445"}],"collection":[{"href":"https:\/\/ntscalibracao.com.br\/loja\/wp-json\/wp\/v2\/product"}],"about":[{"href":"https:\/\/ntscalibracao.com.br\/loja\/wp-json\/wp\/v2\/types\/product"}],"replies":[{"embeddable":true,"href":"https:\/\/ntscalibracao.com.br\/loja\/wp-json\/wp\/v2\/comments?post=9445"}],"wp:featuredmedia":[{"embeddable":true,"href":"https:\/\/ntscalibracao.com.br\/loja\/wp-json\/wp\/v2\/media\/9922"}],"wp:attachment":[{"href":"https:\/\/ntscalibracao.com.br\/loja\/wp-json\/wp\/v2\/media?parent=9445"}],"wp:term":[{"taxonomy":"pwb-brand","embeddable":true,"href":"https:\/\/ntscalibracao.com.br\/loja\/wp-json\/wp\/v2\/pwb-brand?post=9445"},{"taxonomy":"product_cat","embeddable":true,"href":"https:\/\/ntscalibracao.com.br\/loja\/wp-json\/wp\/v2\/product_cat?post=9445"},{"taxonomy":"product_tag","embeddable":true,"href":"https:\/\/ntscalibracao.com.br\/loja\/wp-json\/wp\/v2\/product_tag?post=9445"}],"curies":[{"name":"wp","href":"https:\/\/api.w.org\/{rel}","templated":true}]}}