{"id":9440,"date":"2021-03-12T22:43:40","date_gmt":"2021-03-13T01:43:40","guid":{"rendered":"https:\/\/ntscalibracao.com.br\/loja\/produto\/balanca-de-precisao-2-casas-3200g-new-pioneer\/"},"modified":"2024-03-10T09:22:27","modified_gmt":"2024-03-10T12:22:27","slug":"balanca-de-precisao-2-casas-3200g-new-pioneer","status":"publish","type":"product","link":"https:\/\/ntscalibracao.com.br\/loja\/produto\/balanca-de-precisao-2-casas-3200g-new-pioneer\/","title":{"rendered":"Balan\u00e7a de Precis\u00e3o 2 casas 3200g New Pioneer"},"content":{"rendered":"","protected":false},"excerpt":{"rendered":"<p style=\"font-family: Poppins, sans-serif;margin-bottom: 10px;padding: 0px;border: 0px;font-size: 16px;color: #333333;text-align: justify\"><strong style=\"font-family: inherit;margin: 0px;padding: 0px\">Balan\u00e7a de Precis\u00e3o 2 casas 0,01g 3200g Ohaus New Pioneer\u00a0<\/strong><\/p>\n<p style=\"font-family: Poppins, sans-serif;margin-bottom: 10px;padding: 0px;border: 0px;font-size: 16px;color: #333333;text-align: justify\"><strong style=\"font-family: inherit;margin: 0px;padding: 0px\">VIS\u00c3O GLOBAL<\/strong><br style=\"font-family: inherit;margin: 0px;padding: 0px\" \/>A balan\u00e7a New Pioneer PX combina funcionalidade de pesagem essencial com desempenho competitivo, oferecendo alta precis\u00e3o e repetibilidade para aplica\u00e7\u00f5es em ambientes laboratoriais, industriais e educacionais. O PX tem um pre\u00e7o acess\u00edvel e foi projetado intuitivamente para opera\u00e7\u00e3o inteligente com um segundo visor de linha para informa\u00e7\u00f5es adicionais e conectividade USB e RS232 para f\u00e1cil comunica\u00e7\u00e3o.<\/p>\n<p style=\"font-family: Poppins, sans-serif;margin-bottom: 10px;padding: 0px;border: 0px;font-size: 16px;color: #333333;text-align: justify\"><strong style=\"font-family: inherit;margin: 0px;padding: 0px\">ESPECIFICA\u00c7\u00d5ES<\/strong><br style=\"font-family: inherit;margin: 0px;padding: 0px\" \/><strong style=\"font-family: inherit;margin: 0px;padding: 0px\">Capacidade m\u00e1xima:<\/strong>\u00a03.200 g<br style=\"font-family: inherit;margin: 0px;padding: 0px\" \/><strong style=\"font-family: inherit;margin: 0px;padding: 0px\">Resolu\u00e7\u00e3o:<\/strong>\u00a00,01 g<br style=\"font-family: inherit;margin: 0px;padding: 0px\" \/><strong style=\"font-family: inherit;margin: 0px;padding: 0px\">Tamanho do prato (A x \u00d8):<\/strong>\u00a0180 mm<br style=\"font-family: inherit;margin: 0px;padding: 0px\" \/><strong style=\"font-family: inherit;margin: 0px;padding: 0px\">Calibra\u00e7\u00e3o:<\/strong>\u00a0SIM<br style=\"font-family: inherit;margin: 0px;padding: 0px\" \/><strong style=\"font-family: inherit;margin: 0px;padding: 0px\">Capela:<\/strong>\u00a0N\u00c3O<br style=\"font-family: inherit;margin: 0px;padding: 0px\" \/><strong style=\"font-family: inherit;margin: 0px;padding: 0px\">Comunica\u00e7\u00e3o:<\/strong>\u00a0RS232; USB<br style=\"font-family: inherit;margin: 0px;padding: 0px\" \/><strong style=\"font-family: inherit;margin: 0px;padding: 0px\">Dimens\u00f5es (A x C x L):<\/strong>\u00a098 mm x 321 mm x 209 mm<br style=\"font-family: inherit;margin: 0px;padding: 0px\" \/><strong style=\"font-family: inherit;margin: 0px;padding: 0px\">Exibi\u00e7\u00e3o:<\/strong>\u00a0LCD de 2 linhas com luz de fundo<br style=\"font-family: inherit;margin: 0px;padding: 0px\" \/><strong style=\"font-family: inherit;margin: 0px;padding: 0px\">Tampa durante uso:\u00a0<\/strong>Inclu\u00eddo<br style=\"font-family: inherit;margin: 0px;padding: 0px\" \/><strong style=\"font-family: inherit;margin: 0px;padding: 0px\">Peso M\u00ednimo (USP, 0,1%, t\u00edpico):<\/strong>\u00a020 g<br style=\"font-family: inherit;margin: 0px;padding: 0px\" \/><strong style=\"font-family: inherit;margin: 0px;padding: 0px\">Peso m\u00ednimo:<\/strong>\u00a08,2 g<br style=\"font-family: inherit;margin: 0px;padding: 0px\" \/><strong style=\"font-family: inherit;margin: 0px;padding: 0px\">Peso l\u00edquido:<\/strong>\u00a03,5 kg<br style=\"font-family: inherit;margin: 0px;padding: 0px\" \/><strong style=\"font-family: inherit;margin: 0px;padding: 0px\">Estrutura do prato:<\/strong>\u00a0A\u00e7o inoxid\u00e1vel<br style=\"font-family: inherit;margin: 0px;padding: 0px\" \/><strong style=\"font-family: inherit;margin: 0px;padding: 0px\">Alimenta\u00e7\u00e3o El\u00e9trica:<\/strong>\u00a0Adaptador CA (inclu\u00eddo)<br style=\"font-family: inherit;margin: 0px;padding: 0px\" \/><strong style=\"font-family: inherit;margin: 0px;padding: 0px\">Tempo de estabiliza\u00e7\u00e3o:<\/strong>\u00a01 s<br style=\"font-family: inherit;margin: 0px;padding: 0px\" \/><strong style=\"font-family: inherit;margin: 0px;padding: 0px\">Faixa de Tara:<\/strong>\u00a0Para capacidade por subtra\u00e7\u00e3o<br style=\"font-family: inherit;margin: 0px;padding: 0px\" \/><strong style=\"font-family: inherit;margin: 0px;padding: 0px\">Unidades de medida:<\/strong>\u00a0Grama;\u00a0 Quilograma;\u00a0 Quilate<\/p>\n<p style=\"font-family: Poppins, sans-serif;margin-bottom: 10px;padding: 0px;border: 0px;font-size: 16px;color: #333333;text-align: justify\"><strong style=\"font-family: inherit;margin: 0px;padding: 0px\">Ambiente de trabalho:<\/strong>\u00a010\u00b0C a 30\u00b0C, 80%UR, sem condensa\u00e7\u00e3o;\u00a0 operacionalidade garantida entre 5\u00b0C e 40 \u00b0C<\/p>\n<p style=\"font-family: Roboto, -apple-system, BlinkMacSystemFont, 'Segoe UI', Roboto, Oxygen, Ubuntu, Cantarell, 'Open Sans', 'Helvetica Neue', sans-serif;margin-bottom: 14px;padding: 0px;border: 0px;color: #245061;font-size: 16px;text-align: justify\"><strong style=\"font-family: inherit;margin: 0px;padding: 0px\">Calibra\u00e7\u00e3o Interna:<\/strong>\u00a0SIM (Modelo\u00a0<strong style=\"font-family: inherit;margin: 0px;padding: 0px\">PX3202BR<\/strong>)<\/p>\n<p style=\"font-family: Roboto, -apple-system, BlinkMacSystemFont, 'Segoe UI', Roboto, Oxygen, Ubuntu, Cantarell, 'Open Sans', 'Helvetica Neue', sans-serif;margin-bottom: 14px;padding: 0px;border: 0px;color: #245061;font-size: 16px;text-align: justify\"><strong style=\"font-family: inherit;margin: 0px;padding: 0px\">Calibra\u00e7\u00e3o Interna:<\/strong>\u00a0N\u00c3O (Modelo\u00a0<strong style=\"font-family: inherit;margin: 0px;padding: 0px\">PX3202BR\/E<\/strong>)<\/p>\n<p style=\"font-family: Roboto, -apple-system, BlinkMacSystemFont, 'Segoe UI', Roboto, Oxygen, Ubuntu, Cantarell, 'Open Sans', 'Helvetica Neue', sans-serif;margin-bottom: 14px;padding: 0px;border: 0px;color: #245061;font-size: 16px;text-align: justify\"><strong style=\"font-family: inherit;margin: 0px;padding: 0px\">OBS:<\/strong>\u00a0Calibra\u00e7\u00e3o interna (ou ajuste interno) \u00e9 um recurso tecnol\u00f3gico que as balan\u00e7as Ohaus possuem. Este recurso dispensa o uso de peso padr\u00e3o para a aferi\u00e7\u00e3o di\u00e1ria, mas n\u00e3o dispensa a Calibra\u00e7\u00e3o RBC (servi\u00e7o opcional).<\/p>\n","protected":false},"featured_media":9542,"comment_status":"open","ping_status":"closed","template":"","meta":[],"pwb-brand":[],"product_cat":[78,80,72],"product_tag":[],"yoast_head":"<!-- This site is optimized with the Yoast SEO Premium plugin v14.7 - https:\/\/yoast.com\/wordpress\/plugins\/seo\/ -->\n<title>Balan\u00e7a de Precis\u00e3o 2 casas 3200g New Pioneer - NTS Calibra\u00e7\u00e3o<\/title>\n<meta name=\"robots\" content=\"index, follow\" \/>\n<meta name=\"googlebot\" content=\"index, follow, max-snippet:-1, max-image-preview:large, max-video-preview:-1\" \/>\n<meta name=\"bingbot\" content=\"index, follow, max-snippet:-1, max-image-preview:large, max-video-preview:-1\" \/>\n<link rel=\"canonical\" href=\"https:\/\/ntscalibracao.com.br\/loja\/produto\/balanca-de-precisao-2-casas-3200g-new-pioneer\/\" \/>\n<meta property=\"og:locale\" content=\"pt_BR\" \/>\n<meta property=\"og:type\" content=\"article\" \/>\n<meta property=\"og:title\" content=\"Balan\u00e7a de Precis\u00e3o 2 casas 3200g New Pioneer - NTS Calibra\u00e7\u00e3o\" \/>\n<meta property=\"og:description\" content=\"Balan\u00e7a de Precis\u00e3o 2 casas 0,01g 3200g Ohaus New Pioneer\u00a0 VIS\u00c3O GLOBALA balan\u00e7a New Pioneer PX combina funcionalidade de pesagem essencial com desempenho competitivo, oferecendo alta precis\u00e3o e repetibilidade para aplica\u00e7\u00f5es em ambientes laboratoriais, industriais e educacionais. O PX tem um pre\u00e7o acess\u00edvel e foi projetado intuitivamente para opera\u00e7\u00e3o inteligente com um segundo visor de linha para informa\u00e7\u00f5es adicionais e conectividade USB e RS232 para f\u00e1cil comunica\u00e7\u00e3o. ESPECIFICA\u00c7\u00d5ESCapacidade m\u00e1xima:\u00a03.200 gResolu\u00e7\u00e3o:\u00a00,01 gTamanho do prato (A x \u00d8):\u00a0180 mmCalibra\u00e7\u00e3o:\u00a0SIMCapela:\u00a0N\u00c3OComunica\u00e7\u00e3o:\u00a0RS232; USBDimens\u00f5es (A x C x L):\u00a098 mm x 321 mm x 209 mmExibi\u00e7\u00e3o:\u00a0LCD de 2 linhas com luz de fundoTampa durante uso:\u00a0Inclu\u00eddoPeso M\u00ednimo (USP, 0,1%, t\u00edpico):\u00a020 gPeso m\u00ednimo:\u00a08,2 gPeso l\u00edquido:\u00a03,5 kgEstrutura do prato:\u00a0A\u00e7o inoxid\u00e1velAlimenta\u00e7\u00e3o El\u00e9trica:\u00a0Adaptador CA (inclu\u00eddo)Tempo de estabiliza\u00e7\u00e3o:\u00a01 sFaixa de Tara:\u00a0Para capacidade por subtra\u00e7\u00e3oUnidades de medida:\u00a0Grama;\u00a0 Quilograma;\u00a0 Quilate Ambiente de trabalho:\u00a010\u00b0C a 30\u00b0C, 80%UR, sem condensa\u00e7\u00e3o;\u00a0 operacionalidade garantida entre 5\u00b0C e 40 \u00b0C Calibra\u00e7\u00e3o Interna:\u00a0SIM (Modelo\u00a0PX3202BR) Calibra\u00e7\u00e3o Interna:\u00a0N\u00c3O (Modelo\u00a0PX3202BR\/E) OBS:\u00a0Calibra\u00e7\u00e3o interna (ou ajuste interno) \u00e9 um recurso tecnol\u00f3gico que as balan\u00e7as Ohaus possuem. Este recurso dispensa o uso de peso padr\u00e3o para a aferi\u00e7\u00e3o di\u00e1ria, mas n\u00e3o dispensa a Calibra\u00e7\u00e3o RBC (servi\u00e7o opcional).\" \/>\n<meta property=\"og:url\" content=\"https:\/\/ntscalibracao.com.br\/loja\/produto\/balanca-de-precisao-2-casas-3200g-new-pioneer\/\" \/>\n<meta property=\"og:site_name\" content=\"NTS Calibra\u00e7\u00e3o\" \/>\n<meta property=\"article:publisher\" content=\"https:\/\/www.facebook.com\/NTS-Calibra%c3%a7%c3%a3o-de-Balan%c3%a7as-e-Instrumentos-253519321396719\" \/>\n<meta property=\"article:modified_time\" content=\"2024-03-10T12:22:27+00:00\" \/>\n<meta property=\"og:image\" content=\"https:\/\/ntscalibracao.com.br\/loja\/wp-content\/uploads\/2021\/03\/11646848082_balanca_de_precisao_2_casas_0_01g_3200g_ohaus_new_pioneer_px3202_39_1_202007270846265B15D-1.jpeg\" \/>\n\t<meta property=\"og:image:width\" content=\"600\" \/>\n\t<meta property=\"og:image:height\" content=\"494\" \/>\n<meta name=\"twitter:card\" content=\"summary_large_image\" \/>\n<script type=\"application\/ld+json\" class=\"yoast-schema-graph\">{\"@context\":\"https:\/\/schema.org\",\"@graph\":[{\"@type\":\"Organization\",\"@id\":\"https:\/\/ntscalibracao.com.br\/loja\/#organization\",\"name\":\"NTS Calibra\\u00e7\\u00e3o de Balan\\u00e7as e Instrumentos\",\"url\":\"https:\/\/ntscalibracao.com.br\/loja\/\",\"sameAs\":[\"https:\/\/www.facebook.com\/NTS-Calibra\\u00e7\\u00e3o-de-Balan\\u00e7as-e-Instrumentos-253519321396719\"],\"logo\":{\"@type\":\"ImageObject\",\"@id\":\"https:\/\/ntscalibracao.com.br\/loja\/#logo\",\"inLanguage\":\"pt-BR\",\"url\":\"https:\/\/ntscalibracao.com.br\/loja\/wp-content\/uploads\/2021\/02\/cropped-logo-nts1.png\",\"width\":203,\"height\":60,\"caption\":\"NTS Calibra\\u00e7\\u00e3o de Balan\\u00e7as e Instrumentos\"},\"image\":{\"@id\":\"https:\/\/ntscalibracao.com.br\/loja\/#logo\"}},{\"@type\":\"WebSite\",\"@id\":\"https:\/\/ntscalibracao.com.br\/loja\/#website\",\"url\":\"https:\/\/ntscalibracao.com.br\/loja\/\",\"name\":\"NTS Calibra\\u00e7\\u00e3o - Loja de Balan\\u00e7as e Instrumentos de Medi\\u00e7\\u00e3o\",\"description\":\"Loja\",\"publisher\":{\"@id\":\"https:\/\/ntscalibracao.com.br\/loja\/#organization\"},\"potentialAction\":[{\"@type\":\"SearchAction\",\"target\":\"https:\/\/ntscalibracao.com.br\/loja\/?s={search_term_string}\",\"query-input\":\"required name=search_term_string\"}],\"inLanguage\":\"pt-BR\"},{\"@type\":\"ImageObject\",\"@id\":\"https:\/\/ntscalibracao.com.br\/loja\/produto\/balanca-de-precisao-2-casas-3200g-new-pioneer\/#primaryimage\",\"inLanguage\":\"pt-BR\",\"url\":\"https:\/\/ntscalibracao.com.br\/loja\/wp-content\/uploads\/2021\/03\/11646848082_balanca_de_precisao_2_casas_0_01g_3200g_ohaus_new_pioneer_px3202_39_1_202007270846265B15D-1.jpeg\",\"width\":600,\"height\":494},{\"@type\":\"WebPage\",\"@id\":\"https:\/\/ntscalibracao.com.br\/loja\/produto\/balanca-de-precisao-2-casas-3200g-new-pioneer\/#webpage\",\"url\":\"https:\/\/ntscalibracao.com.br\/loja\/produto\/balanca-de-precisao-2-casas-3200g-new-pioneer\/\",\"name\":\"Balan\\u00e7a de Precis\\u00e3o 2 casas 3200g New Pioneer - NTS Calibra\\u00e7\\u00e3o\",\"isPartOf\":{\"@id\":\"https:\/\/ntscalibracao.com.br\/loja\/#website\"},\"primaryImageOfPage\":{\"@id\":\"https:\/\/ntscalibracao.com.br\/loja\/produto\/balanca-de-precisao-2-casas-3200g-new-pioneer\/#primaryimage\"},\"datePublished\":\"2021-03-13T01:43:40+00:00\",\"dateModified\":\"2024-03-10T12:22:27+00:00\",\"inLanguage\":\"pt-BR\",\"potentialAction\":[{\"@type\":\"ReadAction\",\"target\":[\"https:\/\/ntscalibracao.com.br\/loja\/produto\/balanca-de-precisao-2-casas-3200g-new-pioneer\/\"]}]}]}<\/script>\n<!-- \/ Yoast SEO Premium plugin. -->","brands":[],"_links":{"self":[{"href":"https:\/\/ntscalibracao.com.br\/loja\/wp-json\/wp\/v2\/product\/9440"}],"collection":[{"href":"https:\/\/ntscalibracao.com.br\/loja\/wp-json\/wp\/v2\/product"}],"about":[{"href":"https:\/\/ntscalibracao.com.br\/loja\/wp-json\/wp\/v2\/types\/product"}],"replies":[{"embeddable":true,"href":"https:\/\/ntscalibracao.com.br\/loja\/wp-json\/wp\/v2\/comments?post=9440"}],"wp:featuredmedia":[{"embeddable":true,"href":"https:\/\/ntscalibracao.com.br\/loja\/wp-json\/wp\/v2\/media\/9542"}],"wp:attachment":[{"href":"https:\/\/ntscalibracao.com.br\/loja\/wp-json\/wp\/v2\/media?parent=9440"}],"wp:term":[{"taxonomy":"pwb-brand","embeddable":true,"href":"https:\/\/ntscalibracao.com.br\/loja\/wp-json\/wp\/v2\/pwb-brand?post=9440"},{"taxonomy":"product_cat","embeddable":true,"href":"https:\/\/ntscalibracao.com.br\/loja\/wp-json\/wp\/v2\/product_cat?post=9440"},{"taxonomy":"product_tag","embeddable":true,"href":"https:\/\/ntscalibracao.com.br\/loja\/wp-json\/wp\/v2\/product_tag?post=9440"}],"curies":[{"name":"wp","href":"https:\/\/api.w.org\/{rel}","templated":true}]}}