{"id":9429,"date":"2021-03-12T22:43:10","date_gmt":"2021-03-13T01:43:10","guid":{"rendered":"https:\/\/ntscalibracao.com.br\/loja\/produto\/balanca-de-precisao-para-laboratorio-2-casas-2-2-kg-explorer-fda-cfr21-part-11\/"},"modified":"2021-05-14T12:43:24","modified_gmt":"2021-05-14T15:43:24","slug":"balanca-de-precisao-para-laboratorio-2-casas-2-2-kg-explorer-fda-cfr21-part-11","status":"publish","type":"product","link":"https:\/\/ntscalibracao.com.br\/loja\/produto\/balanca-de-precisao-para-laboratorio-2-casas-2-2-kg-explorer-fda-cfr21-part-11\/","title":{"rendered":"Balan\u00e7a de Precis\u00e3o para laborat\u00f3rio 2 casas 2.2 kg explorer fda cfr21 part 11"},"content":{"rendered":"<p style=\"font-family: Poppins, sans-serif; margin-bottom: 10px; padding: 0px; border: 0px; font-size: 16px; color: #333333; text-align: justify;\">Surpreendentemente, a S\u00e9rie OHAUS Explorer de balan\u00e7a de precis\u00e3o para laborat\u00f3rio decerto combina caracter\u00edsticas modernas e elementos de design para oferecer funcionalidade incompar\u00e1vel em uma linha de saldos de alto desempenho diferente de qualquer outro no mercado.<\/p>\n<p style=\"font-family: Poppins, sans-serif; margin-bottom: 10px; padding: 0px; border: 0px; font-size: 16px; color: #333333; text-align: justify;\">Estes saldos inteligentes e intuitivos e todos os seus recursos inteligentes simplificar mesmo as medi\u00e7\u00f5es laboratoriais mais complexas.<\/p>\n","protected":false},"excerpt":{"rendered":"<p style=\"font-family: Poppins, sans-serif; margin-bottom: 10px; padding: 0px; border: 0px; font-size: 16px; color: #333333; text-align: justify;\">Surpreendentemente, a S\u00e9rie OHAUS Explorer de balan\u00e7a de precis\u00e3o para laborat\u00f3rio decerto combina caracter\u00edsticas modernas e elementos de design para oferecer funcionalidade incompar\u00e1vel em uma linha de saldos de alto desempenho diferente de qualquer outro no mercado.<\/p>\n<p style=\"font-family: Poppins, sans-serif; margin-bottom: 10px; padding: 0px; border: 0px; font-size: 16px; color: #333333; text-align: justify;\">Estes saldos inteligentes e intuitivos e todos os seus recursos inteligentes simplificar mesmo as medi\u00e7\u00f5es laboratoriais mais complexas.<\/p>\n","protected":false},"featured_media":9934,"comment_status":"open","ping_status":"closed","template":"","meta":[],"pwb-brand":[],"product_cat":[78,80,72],"product_tag":[],"yoast_head":"<!-- This site is optimized with the Yoast SEO Premium plugin v14.7 - https:\/\/yoast.com\/wordpress\/plugins\/seo\/ -->\n<title>Balan\u00e7a de Precis\u00e3o para laborat\u00f3rio 2 casas 2.2 kg explorer fda cfr21 part 11 - NTS Calibra\u00e7\u00e3o<\/title>\n<meta name=\"robots\" content=\"index, follow\" \/>\n<meta name=\"googlebot\" content=\"index, follow, max-snippet:-1, max-image-preview:large, max-video-preview:-1\" \/>\n<meta name=\"bingbot\" content=\"index, follow, max-snippet:-1, max-image-preview:large, max-video-preview:-1\" \/>\n<link rel=\"canonical\" href=\"https:\/\/ntscalibracao.com.br\/loja\/produto\/balanca-de-precisao-para-laboratorio-2-casas-2-2-kg-explorer-fda-cfr21-part-11\/\" \/>\n<meta property=\"og:locale\" content=\"pt_BR\" \/>\n<meta property=\"og:type\" content=\"article\" \/>\n<meta property=\"og:title\" content=\"Balan\u00e7a de Precis\u00e3o para laborat\u00f3rio 2 casas 2.2 kg explorer fda cfr21 part 11 - NTS Calibra\u00e7\u00e3o\" \/>\n<meta property=\"og:description\" content=\"Surpreendentemente, a S\u00e9rie OHAUS Explorer de balan\u00e7a de precis\u00e3o para laborat\u00f3rio decerto combina caracter\u00edsticas modernas e elementos de design para oferecer funcionalidade incompar\u00e1vel em uma linha de saldos de alto desempenho diferente de qualquer outro no mercado. Estes saldos inteligentes e intuitivos e todos os seus recursos inteligentes simplificar mesmo as medi\u00e7\u00f5es laboratoriais mais complexas.\" \/>\n<meta property=\"og:url\" content=\"https:\/\/ntscalibracao.com.br\/loja\/produto\/balanca-de-precisao-para-laboratorio-2-casas-2-2-kg-explorer-fda-cfr21-part-11\/\" \/>\n<meta property=\"og:site_name\" content=\"NTS Calibra\u00e7\u00e3o\" \/>\n<meta property=\"article:publisher\" content=\"https:\/\/www.facebook.com\/NTS-Calibra%c3%a7%c3%a3o-de-Balan%c3%a7as-e-Instrumentos-253519321396719\" \/>\n<meta property=\"article:modified_time\" content=\"2021-05-14T15:43:24+00:00\" \/>\n<meta property=\"og:image\" content=\"https:\/\/ntscalibracao.com.br\/loja\/wp-content\/uploads\/2021\/03\/balanca-precisao-laboratorio-duas-casas-1.png\" \/>\n\t<meta property=\"og:image:width\" content=\"1000\" \/>\n\t<meta property=\"og:image:height\" content=\"1000\" \/>\n<meta name=\"twitter:card\" content=\"summary_large_image\" \/>\n<script type=\"application\/ld+json\" class=\"yoast-schema-graph\">{\"@context\":\"https:\/\/schema.org\",\"@graph\":[{\"@type\":\"Organization\",\"@id\":\"https:\/\/ntscalibracao.com.br\/loja\/#organization\",\"name\":\"NTS Calibra\\u00e7\\u00e3o de Balan\\u00e7as e Instrumentos\",\"url\":\"https:\/\/ntscalibracao.com.br\/loja\/\",\"sameAs\":[\"https:\/\/www.facebook.com\/NTS-Calibra\\u00e7\\u00e3o-de-Balan\\u00e7as-e-Instrumentos-253519321396719\"],\"logo\":{\"@type\":\"ImageObject\",\"@id\":\"https:\/\/ntscalibracao.com.br\/loja\/#logo\",\"inLanguage\":\"pt-BR\",\"url\":\"https:\/\/ntscalibracao.com.br\/loja\/wp-content\/uploads\/2021\/02\/cropped-logo-nts1.png\",\"width\":203,\"height\":60,\"caption\":\"NTS Calibra\\u00e7\\u00e3o de Balan\\u00e7as e Instrumentos\"},\"image\":{\"@id\":\"https:\/\/ntscalibracao.com.br\/loja\/#logo\"}},{\"@type\":\"WebSite\",\"@id\":\"https:\/\/ntscalibracao.com.br\/loja\/#website\",\"url\":\"https:\/\/ntscalibracao.com.br\/loja\/\",\"name\":\"NTS Calibra\\u00e7\\u00e3o - Loja de Balan\\u00e7as e Instrumentos de Medi\\u00e7\\u00e3o\",\"description\":\"Loja\",\"publisher\":{\"@id\":\"https:\/\/ntscalibracao.com.br\/loja\/#organization\"},\"potentialAction\":[{\"@type\":\"SearchAction\",\"target\":\"https:\/\/ntscalibracao.com.br\/loja\/?s={search_term_string}\",\"query-input\":\"required name=search_term_string\"}],\"inLanguage\":\"pt-BR\"},{\"@type\":\"ImageObject\",\"@id\":\"https:\/\/ntscalibracao.com.br\/loja\/produto\/balanca-de-precisao-para-laboratorio-2-casas-2-2-kg-explorer-fda-cfr21-part-11\/#primaryimage\",\"inLanguage\":\"pt-BR\",\"url\":\"https:\/\/ntscalibracao.com.br\/loja\/wp-content\/uploads\/2021\/03\/balanca-precisao-laboratorio-duas-casas-1.png\",\"width\":1000,\"height\":1000},{\"@type\":\"WebPage\",\"@id\":\"https:\/\/ntscalibracao.com.br\/loja\/produto\/balanca-de-precisao-para-laboratorio-2-casas-2-2-kg-explorer-fda-cfr21-part-11\/#webpage\",\"url\":\"https:\/\/ntscalibracao.com.br\/loja\/produto\/balanca-de-precisao-para-laboratorio-2-casas-2-2-kg-explorer-fda-cfr21-part-11\/\",\"name\":\"Balan\\u00e7a de Precis\\u00e3o para laborat\\u00f3rio 2 casas 2.2 kg explorer fda cfr21 part 11 - NTS Calibra\\u00e7\\u00e3o\",\"isPartOf\":{\"@id\":\"https:\/\/ntscalibracao.com.br\/loja\/#website\"},\"primaryImageOfPage\":{\"@id\":\"https:\/\/ntscalibracao.com.br\/loja\/produto\/balanca-de-precisao-para-laboratorio-2-casas-2-2-kg-explorer-fda-cfr21-part-11\/#primaryimage\"},\"datePublished\":\"2021-03-13T01:43:10+00:00\",\"dateModified\":\"2021-05-14T15:43:24+00:00\",\"inLanguage\":\"pt-BR\",\"potentialAction\":[{\"@type\":\"ReadAction\",\"target\":[\"https:\/\/ntscalibracao.com.br\/loja\/produto\/balanca-de-precisao-para-laboratorio-2-casas-2-2-kg-explorer-fda-cfr21-part-11\/\"]}]}]}<\/script>\n<!-- \/ Yoast SEO Premium plugin. -->","brands":[],"_links":{"self":[{"href":"https:\/\/ntscalibracao.com.br\/loja\/wp-json\/wp\/v2\/product\/9429"}],"collection":[{"href":"https:\/\/ntscalibracao.com.br\/loja\/wp-json\/wp\/v2\/product"}],"about":[{"href":"https:\/\/ntscalibracao.com.br\/loja\/wp-json\/wp\/v2\/types\/product"}],"replies":[{"embeddable":true,"href":"https:\/\/ntscalibracao.com.br\/loja\/wp-json\/wp\/v2\/comments?post=9429"}],"wp:featuredmedia":[{"embeddable":true,"href":"https:\/\/ntscalibracao.com.br\/loja\/wp-json\/wp\/v2\/media\/9934"}],"wp:attachment":[{"href":"https:\/\/ntscalibracao.com.br\/loja\/wp-json\/wp\/v2\/media?parent=9429"}],"wp:term":[{"taxonomy":"pwb-brand","embeddable":true,"href":"https:\/\/ntscalibracao.com.br\/loja\/wp-json\/wp\/v2\/pwb-brand?post=9429"},{"taxonomy":"product_cat","embeddable":true,"href":"https:\/\/ntscalibracao.com.br\/loja\/wp-json\/wp\/v2\/product_cat?post=9429"},{"taxonomy":"product_tag","embeddable":true,"href":"https:\/\/ntscalibracao.com.br\/loja\/wp-json\/wp\/v2\/product_tag?post=9429"}],"curies":[{"name":"wp","href":"https:\/\/api.w.org\/{rel}","templated":true}]}}