{"id":9416,"date":"2021-03-12T22:42:34","date_gmt":"2021-03-13T01:42:34","guid":{"rendered":"https:\/\/ntscalibracao.com.br\/loja\/produto\/balanca-semi-analitica-3-casas-new-pioneer\/"},"modified":"2021-05-14T12:52:23","modified_gmt":"2021-05-14T15:52:23","slug":"balanca-semi-analitica-3-casas-new-pioneer","status":"publish","type":"product","link":"https:\/\/ntscalibracao.com.br\/loja\/produto\/balanca-semi-analitica-3-casas-new-pioneer\/","title":{"rendered":"Balan\u00e7a Semi-Analitica 3 casas New Pioneer"},"content":{"rendered":"<p style=\"font-family: Roboto, -apple-system, BlinkMacSystemFont, 'Segoe UI', Roboto, Oxygen, Ubuntu, Cantarell, 'Open Sans', 'Helvetica Neue', sans-serif; margin-bottom: 14px; padding: 0px; border: 0px; color: #245061; font-size: 16px; text-align: justify;\">O modelo New Pioneer PX combina funcionalidade de pesagem essencial com desempenho competitivo, oferecendo alta precis\u00e3o e repetibilidade para aplica\u00e7\u00f5es em ambientes laboratoriais, industriais e educacionais. O PX tem um pre\u00e7o acess\u00edvel e foi projetado intuitivamente para opera\u00e7\u00e3o inteligente com um segundo visor de linha para informa\u00e7\u00f5es adicionais e conectividade USB e RS232 para f\u00e1cil comunica\u00e7\u00e3o.<\/p>\n<h4 style=\"font-family: Roboto, -apple-system, BlinkMacSystemFont, 'Segoe UI', Roboto, Oxygen, Ubuntu, Cantarell, 'Open Sans', 'Helvetica Neue', sans-serif; margin: 0px 0px 16px; padding: 0px; font-size: 1.25rem; color: #245061; text-align: justify;\"><strong style=\"font-family: inherit; margin: 0px; padding: 0px;\">ESPECIFICA\u00c7\u00d5ES\u00a0Balan\u00e7a Ohaus linha New Pioneer\u00a0PX<\/strong><\/h4>\n<p style=\"font-family: Roboto, -apple-system, BlinkMacSystemFont, 'Segoe UI', Roboto, Oxygen, Ubuntu, Cantarell, 'Open Sans', 'Helvetica Neue', sans-serif; margin-bottom: 14px; padding: 0px; border: 0px; color: #245061; font-size: 16px; text-align: justify;\"><strong style=\"font-family: inherit; margin: 0px; padding: 0px;\">Capacidade m\u00e1xima:<\/strong>\u00a0520 g<br style=\"font-family: inherit; margin: 0px; padding: 0px;\" \/><strong style=\"font-family: inherit; margin: 0px; padding: 0px;\">Resolu\u00e7\u00e3o:<\/strong>\u00a00,001 g<br style=\"font-family: inherit; margin: 0px; padding: 0px;\" \/><strong style=\"font-family: inherit; margin: 0px; padding: 0px;\">Tamanho da Prato:<\/strong>\u00a0(A x \u00d8) 120 mm<br style=\"font-family: inherit; margin: 0px; padding: 0px;\" \/><strong style=\"font-family: inherit; margin: 0px; padding: 0px;\">Capela:<\/strong>\u00a0Inclu\u00eddo<br style=\"font-family: inherit; margin: 0px; padding: 0px;\" \/><strong style=\"font-family: inherit; margin: 0px; padding: 0px;\">Comunica\u00e7\u00e3o:<\/strong>\u00a0RS232 e\u00a0USB<br style=\"font-family: inherit; margin: 0px; padding: 0px;\" \/><strong style=\"font-family: inherit; margin: 0px; padding: 0px;\">Dimens\u00f5es (A x C x L):<\/strong>\u00a0309 mm x 321 mm x 209 mm<br style=\"font-family: inherit; margin: 0px; padding: 0px;\" \/><strong style=\"font-family: inherit; margin: 0px; padding: 0px;\">Display:<\/strong>\u00a0LCD de 2 linhas com luz de fundo<br style=\"font-family: inherit; margin: 0px; padding: 0px;\" \/><strong style=\"font-family: inherit; margin: 0px; padding: 0px;\">Tampa durante uso:<\/strong>\u00a0Inclu\u00eddo<br style=\"font-family: inherit; margin: 0px; padding: 0px;\" \/><strong style=\"font-family: inherit; margin: 0px; padding: 0px;\">Peso m\u00ednimo:<\/strong>\u00a00,82 g<br style=\"font-family: inherit; margin: 0px; padding: 0px;\" \/><strong style=\"font-family: inherit; margin: 0px; padding: 0px;\">Peso do equipamento:<\/strong>\u00a04,5 kg<br style=\"font-family: inherit; margin: 0px; padding: 0px;\" \/><strong style=\"font-family: inherit; margin: 0px; padding: 0px;\">Estrutura do prato:<\/strong>\u00a0A\u00e7o inoxid\u00e1vel<br style=\"font-family: inherit; margin: 0px; padding: 0px;\" \/><strong style=\"font-family: inherit; margin: 0px; padding: 0px;\">Alimenta\u00e7\u00e3o El\u00e9trica:<\/strong>\u00a0Adaptador CA (inclu\u00eddo)<br style=\"font-family: inherit; margin: 0px; padding: 0px;\" \/><strong style=\"font-family: inherit; margin: 0px; padding: 0px;\">Tempo de estabiliza\u00e7\u00e3o:<\/strong>\u00a02 s<br style=\"font-family: inherit; margin: 0px; padding: 0px;\" \/><strong style=\"font-family: inherit; margin: 0px; padding: 0px;\">Faixa de Tara:<\/strong>\u00a0Para capacidade por subtra\u00e7\u00e3o<br style=\"font-family: inherit; margin: 0px; padding: 0px;\" \/><strong style=\"font-family: inherit; margin: 0px; padding: 0px;\">Unidades de medida:<\/strong>\u00a0Miligrama;\u00a0 Grama;\u00a0 Quilate<br style=\"font-family: inherit; margin: 0px; padding: 0px;\" \/><strong style=\"font-family: inherit; margin: 0px; padding: 0px;\">Ambiente de trabalho:<\/strong>\u00a010\u00b0C a 30\u00b0C, 80%UR, sem condensa\u00e7\u00e3o;\u00a0 operacionalidade garantida entre 5\u00b0C e 40 \u00b0C<\/p>\n<p style=\"font-family: Roboto, -apple-system, BlinkMacSystemFont, 'Segoe UI', Roboto, Oxygen, Ubuntu, Cantarell, 'Open Sans', 'Helvetica Neue', sans-serif; margin-bottom: 14px; padding: 0px; border: 0px; color: #245061; font-size: 16px; text-align: justify;\">Comprar Balan\u00e7a semi-anal\u00edtica Ohaus 3 casas capacidade 520 gramas \u00e9 na NTS Calibra\u00e7\u00e3o!<\/p>\n<p style=\"font-family: Roboto, -apple-system, BlinkMacSystemFont, 'Segoe UI', Roboto, Oxygen, Ubuntu, Cantarell, 'Open Sans', 'Helvetica Neue', sans-serif; margin-bottom: 14px; padding: 0px; border: 0px; color: #245061; font-size: 16px;\"><strong style=\"font-family: inherit; margin: 0px; padding: 0px;\">Calibra\u00e7\u00e3o Interna:<\/strong>\u00a0SIM (Modelo\u00a0<strong style=\"font-family: inherit; margin: 0px; padding: 0px;\">PX523BR<\/strong>)<\/p>\n<p style=\"font-family: Roboto, -apple-system, BlinkMacSystemFont, 'Segoe UI', Roboto, Oxygen, Ubuntu, Cantarell, 'Open Sans', 'Helvetica Neue', sans-serif; margin-bottom: 14px; padding: 0px; border: 0px; color: #245061; font-size: 16px;\"><strong style=\"font-family: inherit; margin: 0px; padding: 0px;\">Calibra\u00e7\u00e3o Interna:<\/strong>\u00a0N\u00c3O (Modelo\u00a0<strong style=\"font-family: inherit; margin: 0px; padding: 0px;\">PX523BR\/E<\/strong>)<\/p>\n<p style=\"font-family: Roboto, -apple-system, BlinkMacSystemFont, 'Segoe UI', Roboto, Oxygen, Ubuntu, Cantarell, 'Open Sans', 'Helvetica Neue', sans-serif; margin-bottom: 14px; padding: 0px; border: 0px; color: #245061; font-size: 16px;\"><strong style=\"font-family: inherit; margin: 0px; padding: 0px;\">OBS:<\/strong>\u00a0Calibra\u00e7\u00e3o interna (ou ajuste interno) \u00e9 um recurso tecnol\u00f3gico que as balan\u00e7as Ohaus possuem. Este recurso dispensa o uso de peso padr\u00e3o para a aferi\u00e7\u00e3o di\u00e1ria, mas n\u00e3o dispensa a Calibra\u00e7\u00e3o RBC (servi\u00e7o opcional).<\/p>\n","protected":false},"excerpt":{"rendered":"<p>O modelo New Pioneer PX combina funcionalidade de pesagem essencial com desempenho competitivo, oferecendo alta precis\u00e3o e repetibilidade para aplica\u00e7\u00f5es em ambientes laboratoriais, industriais e educacionais. O PX tem um pre\u00e7o acess\u00edvel e foi projetado intuitivamente para opera\u00e7\u00e3o inteligente com um segundo visor de linha para informa\u00e7\u00f5es adicionais e conectividade USB e RS232 para f\u00e1cil comunica\u00e7\u00e3o.<\/p>\n","protected":false},"featured_media":9940,"comment_status":"open","ping_status":"closed","template":"","meta":[],"pwb-brand":[],"product_cat":[78,82,72],"product_tag":[],"yoast_head":"<!-- This site is optimized with the Yoast SEO Premium plugin v14.7 - https:\/\/yoast.com\/wordpress\/plugins\/seo\/ -->\n<title>Balan\u00e7a Semi-Analitica 3 casas New Pioneer - NTS Calibra\u00e7\u00e3o<\/title>\n<meta name=\"robots\" content=\"index, follow\" \/>\n<meta name=\"googlebot\" content=\"index, follow, max-snippet:-1, max-image-preview:large, max-video-preview:-1\" \/>\n<meta name=\"bingbot\" content=\"index, follow, max-snippet:-1, max-image-preview:large, max-video-preview:-1\" \/>\n<link rel=\"canonical\" href=\"https:\/\/ntscalibracao.com.br\/loja\/produto\/balanca-semi-analitica-3-casas-new-pioneer\/\" \/>\n<meta property=\"og:locale\" content=\"pt_BR\" \/>\n<meta property=\"og:type\" content=\"article\" \/>\n<meta property=\"og:title\" content=\"Balan\u00e7a Semi-Analitica 3 casas New Pioneer - NTS Calibra\u00e7\u00e3o\" \/>\n<meta property=\"og:description\" content=\"O modelo New Pioneer PX combina funcionalidade de pesagem essencial com desempenho competitivo, oferecendo alta precis\u00e3o e repetibilidade para aplica\u00e7\u00f5es em ambientes laboratoriais, industriais e educacionais. O PX tem um pre\u00e7o acess\u00edvel e foi projetado intuitivamente para opera\u00e7\u00e3o inteligente com um segundo visor de linha para informa\u00e7\u00f5es adicionais e conectividade USB e RS232 para f\u00e1cil comunica\u00e7\u00e3o.\" \/>\n<meta property=\"og:url\" content=\"https:\/\/ntscalibracao.com.br\/loja\/produto\/balanca-semi-analitica-3-casas-new-pioneer\/\" \/>\n<meta property=\"og:site_name\" content=\"NTS Calibra\u00e7\u00e3o\" \/>\n<meta property=\"article:publisher\" content=\"https:\/\/www.facebook.com\/NTS-Calibra%c3%a7%c3%a3o-de-Balan%c3%a7as-e-Instrumentos-253519321396719\" \/>\n<meta property=\"article:modified_time\" content=\"2021-05-14T15:52:23+00:00\" \/>\n<meta property=\"og:image\" content=\"https:\/\/ntscalibracao.com.br\/loja\/wp-content\/uploads\/2021\/03\/balanca-semi-analitica-3-casa-new-pioner.png\" \/>\n\t<meta property=\"og:image:width\" content=\"1000\" \/>\n\t<meta property=\"og:image:height\" content=\"1000\" \/>\n<meta name=\"twitter:card\" content=\"summary_large_image\" \/>\n<script type=\"application\/ld+json\" class=\"yoast-schema-graph\">{\"@context\":\"https:\/\/schema.org\",\"@graph\":[{\"@type\":\"Organization\",\"@id\":\"https:\/\/ntscalibracao.com.br\/loja\/#organization\",\"name\":\"NTS Calibra\\u00e7\\u00e3o de Balan\\u00e7as e Instrumentos\",\"url\":\"https:\/\/ntscalibracao.com.br\/loja\/\",\"sameAs\":[\"https:\/\/www.facebook.com\/NTS-Calibra\\u00e7\\u00e3o-de-Balan\\u00e7as-e-Instrumentos-253519321396719\"],\"logo\":{\"@type\":\"ImageObject\",\"@id\":\"https:\/\/ntscalibracao.com.br\/loja\/#logo\",\"inLanguage\":\"pt-BR\",\"url\":\"https:\/\/ntscalibracao.com.br\/loja\/wp-content\/uploads\/2021\/02\/cropped-logo-nts1.png\",\"width\":203,\"height\":60,\"caption\":\"NTS Calibra\\u00e7\\u00e3o de Balan\\u00e7as e Instrumentos\"},\"image\":{\"@id\":\"https:\/\/ntscalibracao.com.br\/loja\/#logo\"}},{\"@type\":\"WebSite\",\"@id\":\"https:\/\/ntscalibracao.com.br\/loja\/#website\",\"url\":\"https:\/\/ntscalibracao.com.br\/loja\/\",\"name\":\"NTS Calibra\\u00e7\\u00e3o - Loja de Balan\\u00e7as e Instrumentos de Medi\\u00e7\\u00e3o\",\"description\":\"Loja\",\"publisher\":{\"@id\":\"https:\/\/ntscalibracao.com.br\/loja\/#organization\"},\"potentialAction\":[{\"@type\":\"SearchAction\",\"target\":\"https:\/\/ntscalibracao.com.br\/loja\/?s={search_term_string}\",\"query-input\":\"required name=search_term_string\"}],\"inLanguage\":\"pt-BR\"},{\"@type\":\"ImageObject\",\"@id\":\"https:\/\/ntscalibracao.com.br\/loja\/produto\/balanca-semi-analitica-3-casas-new-pioneer\/#primaryimage\",\"inLanguage\":\"pt-BR\",\"url\":\"https:\/\/ntscalibracao.com.br\/loja\/wp-content\/uploads\/2021\/03\/balanca-semi-analitica-3-casa-new-pioner.png\",\"width\":1000,\"height\":1000},{\"@type\":\"WebPage\",\"@id\":\"https:\/\/ntscalibracao.com.br\/loja\/produto\/balanca-semi-analitica-3-casas-new-pioneer\/#webpage\",\"url\":\"https:\/\/ntscalibracao.com.br\/loja\/produto\/balanca-semi-analitica-3-casas-new-pioneer\/\",\"name\":\"Balan\\u00e7a Semi-Analitica 3 casas New Pioneer - NTS Calibra\\u00e7\\u00e3o\",\"isPartOf\":{\"@id\":\"https:\/\/ntscalibracao.com.br\/loja\/#website\"},\"primaryImageOfPage\":{\"@id\":\"https:\/\/ntscalibracao.com.br\/loja\/produto\/balanca-semi-analitica-3-casas-new-pioneer\/#primaryimage\"},\"datePublished\":\"2021-03-13T01:42:34+00:00\",\"dateModified\":\"2021-05-14T15:52:23+00:00\",\"inLanguage\":\"pt-BR\",\"potentialAction\":[{\"@type\":\"ReadAction\",\"target\":[\"https:\/\/ntscalibracao.com.br\/loja\/produto\/balanca-semi-analitica-3-casas-new-pioneer\/\"]}]}]}<\/script>\n<!-- \/ Yoast SEO Premium plugin. -->","brands":[],"_links":{"self":[{"href":"https:\/\/ntscalibracao.com.br\/loja\/wp-json\/wp\/v2\/product\/9416"}],"collection":[{"href":"https:\/\/ntscalibracao.com.br\/loja\/wp-json\/wp\/v2\/product"}],"about":[{"href":"https:\/\/ntscalibracao.com.br\/loja\/wp-json\/wp\/v2\/types\/product"}],"replies":[{"embeddable":true,"href":"https:\/\/ntscalibracao.com.br\/loja\/wp-json\/wp\/v2\/comments?post=9416"}],"wp:featuredmedia":[{"embeddable":true,"href":"https:\/\/ntscalibracao.com.br\/loja\/wp-json\/wp\/v2\/media\/9940"}],"wp:attachment":[{"href":"https:\/\/ntscalibracao.com.br\/loja\/wp-json\/wp\/v2\/media?parent=9416"}],"wp:term":[{"taxonomy":"pwb-brand","embeddable":true,"href":"https:\/\/ntscalibracao.com.br\/loja\/wp-json\/wp\/v2\/pwb-brand?post=9416"},{"taxonomy":"product_cat","embeddable":true,"href":"https:\/\/ntscalibracao.com.br\/loja\/wp-json\/wp\/v2\/product_cat?post=9416"},{"taxonomy":"product_tag","embeddable":true,"href":"https:\/\/ntscalibracao.com.br\/loja\/wp-json\/wp\/v2\/product_tag?post=9416"}],"curies":[{"name":"wp","href":"https:\/\/api.w.org\/{rel}","templated":true}]}}