{"id":9414,"date":"2021-03-12T22:42:28","date_gmt":"2021-03-13T01:42:28","guid":{"rendered":"https:\/\/ntscalibracao.com.br\/loja\/produto\/balanca-semi-analitica-explorer-3-casas-1100g\/"},"modified":"2021-05-14T12:44:55","modified_gmt":"2021-05-14T15:44:55","slug":"balanca-semi-analitica-explorer-3-casas-1100g","status":"publish","type":"product","link":"https:\/\/ntscalibracao.com.br\/loja\/produto\/balanca-semi-analitica-explorer-3-casas-1100g\/","title":{"rendered":"Balan\u00e7a Semi-Analitica Explorer 3 casas 1100g"},"content":{"rendered":"<p style=\"font-family: Poppins, sans-serif; margin-bottom: 10px; padding: 0px; border: 0px; font-size: 16px; color: #333333;\"><strong style=\"font-family: inherit; margin: 0px; padding: 0px;\">ESPECIFICA\u00c7\u00d5ES<\/strong><br style=\"font-family: inherit; margin: 0px; padding: 0px;\" \/><strong style=\"font-family: inherit; margin: 0px; padding: 0px;\">Capacidade M\u00e1xima:<\/strong>\u00a01.100 g<br style=\"font-family: inherit; margin: 0px; padding: 0px;\" \/><strong style=\"font-family: inherit; margin: 0px; padding: 0px;\">Resolu\u00e7\u00e3o:<\/strong>\u00a01 mg<br style=\"font-family: inherit; margin: 0px; padding: 0px;\" \/><strong style=\"font-family: inherit; margin: 0px; padding: 0px;\">Tamanho do prato:<\/strong>\u00a0130 mm<br style=\"font-family: inherit; margin: 0px; padding: 0px;\" \/><strong style=\"font-family: inherit; margin: 0px; padding: 0px;\">Calibra\u00e7\u00e3o:<\/strong>\u00a0SIM AutoCal Autom\u00e1tico<\/p>\n<p style=\"font-family: Poppins, sans-serif; margin-bottom: 10px; padding: 0px; border: 0px; font-size: 16px; color: #333333;\"><strong style=\"font-family: inherit; margin: 0px; padding: 0px;\">Fun\u00e7\u00e3o Administrador:\u00a0<\/strong>Acesso via login e senha para administrador e at\u00e9 5 usu\u00e1rios<br style=\"font-family: inherit; margin: 0px; padding: 0px;\" \/><strong style=\"font-family: inherit; margin: 0px; padding: 0px;\">Capela:<\/strong>\u00a0Incluso<br style=\"font-family: inherit; margin: 0px; padding: 0px;\" \/><strong style=\"font-family: inherit; margin: 0px; padding: 0px;\">Comunica\u00e7\u00e3o:<\/strong>\u00a0RS232 (Inclusa); USB (Inclusa);<br style=\"font-family: inherit; margin: 0px; padding: 0px;\" \/><strong style=\"font-family: inherit; margin: 0px; padding: 0px;\">Dimens\u00f5es (AxCxl):<\/strong>\u00a0350 mm x 393 mm x 230 mm<br style=\"font-family: inherit; margin: 0px; padding: 0px;\" \/><strong style=\"font-family: inherit; margin: 0px; padding: 0px;\">Display:<\/strong>\u00a0Colorido 5.7 em VGA, sens\u00edvel ao toque<br style=\"font-family: inherit; margin: 0px; padding: 0px;\" \/><strong style=\"font-family: inherit; margin: 0px; padding: 0px;\">Tampa durante o uso:<\/strong>\u00a0Incluso<br style=\"font-family: inherit; margin: 0px; padding: 0px;\" \/><strong style=\"font-family: inherit; margin: 0px; padding: 0px;\">Peso M\u00ednimo (USP, 0,1% t\u00edpico):<\/strong>\u00a02,1 g<br style=\"font-family: inherit; margin: 0px; padding: 0px;\" \/><strong style=\"font-family: inherit; margin: 0px; padding: 0px;\">Peso L\u00edquido:<\/strong>\u00a06,9 kg<br style=\"font-family: inherit; margin: 0px; padding: 0px;\" \/><strong style=\"font-family: inherit; margin: 0px; padding: 0px;\">Estrutura do Prato:<\/strong>\u00a0A\u00e7o Inoxid\u00e1vel<br style=\"font-family: inherit; margin: 0px; padding: 0px;\" \/><strong style=\"font-family: inherit; margin: 0px; padding: 0px;\">Alimenta\u00e7\u00e3o El\u00e9trica:<\/strong>\u00a0Adaptador CA (Incluso)<br style=\"font-family: inherit; margin: 0px; padding: 0px;\" \/><strong style=\"font-family: inherit; margin: 0px; padding: 0px;\">Tempo de Estabiliza\u00e7\u00e3o:<\/strong>\u00a01 s<br style=\"font-family: inherit; margin: 0px; padding: 0px;\" \/><strong style=\"font-family: inherit; margin: 0px; padding: 0px;\">Faixa de Tara:<\/strong>\u00a0Para capacidade por subtra\u00e7\u00e3o<br style=\"font-family: inherit; margin: 0px; padding: 0px;\" \/><strong style=\"font-family: inherit; margin: 0px; padding: 0px;\">Unidades de Medi\u00e7\u00e3o:<\/strong>\u00a0Baht;\u00a0 Quilate;\u00a0 Personalizada;\u00a0 gr\u00e3o;\u00a0 Grama;\u00a0 Tael de Hong Kong;\u00a0 Quilograma;\u00a0 miligrama;\u00a0 Mesghal;\u00a0 Momme;\u00a0 Newton;\u00a0 On\u00e7a;\u00a0 On\u00e7a Troy;\u00a0 Pennyweight;\u00a0 Libra;\u00a0 Tael de Cingapura;\u00a0 Tael de Taiwan;\u00a0 Tical;\u00a0 Tola<br style=\"font-family: inherit; margin: 0px; padding: 0px;\" \/><strong style=\"font-family: inherit; margin: 0px; padding: 0px;\">Ambiente de trabalho:<\/strong>\u00a010\u00b0C a 30\u00b0C, 85%UR, sem condensa\u00e7\u00e3o<\/p>\n","protected":false},"excerpt":{"rendered":"<p><strong style=\"font-family: inherit; margin: 0px; padding: 0px;\">ESPECIFICA\u00c7\u00d5ES<\/strong><br style=\"font-family: inherit; margin: 0px; padding: 0px;\" \/><strong style=\"font-family: inherit; margin: 0px; padding: 0px;\">Capacidade M\u00e1xima:<\/strong>\u00a01.100 g<br style=\"font-family: inherit; margin: 0px; padding: 0px;\" \/><strong style=\"font-family: inherit; margin: 0px; padding: 0px;\">Resolu\u00e7\u00e3o:<\/strong>\u00a01 mg<br style=\"font-family: inherit; margin: 0px; padding: 0px;\" \/><strong style=\"font-family: inherit; margin: 0px; padding: 0px;\">Tamanho do prato:<\/strong>\u00a0130 mm<br style=\"font-family: inherit; margin: 0px; padding: 0px;\" \/><strong style=\"font-family: inherit; margin: 0px; padding: 0px;\">Calibra\u00e7\u00e3o:<\/strong>\u00a0SIM AutoCal Autom\u00e1tico<\/p>\n","protected":false},"featured_media":9941,"comment_status":"open","ping_status":"closed","template":"","meta":[],"pwb-brand":[],"product_cat":[78,82,72],"product_tag":[],"yoast_head":"<!-- This site is optimized with the Yoast SEO Premium plugin v14.7 - https:\/\/yoast.com\/wordpress\/plugins\/seo\/ -->\n<title>Balan\u00e7a Semi-Analitica Explorer 3 casas 1100g - NTS Calibra\u00e7\u00e3o<\/title>\n<meta name=\"robots\" content=\"index, follow\" \/>\n<meta name=\"googlebot\" content=\"index, follow, max-snippet:-1, max-image-preview:large, max-video-preview:-1\" \/>\n<meta name=\"bingbot\" content=\"index, follow, max-snippet:-1, max-image-preview:large, max-video-preview:-1\" \/>\n<link rel=\"canonical\" href=\"https:\/\/ntscalibracao.com.br\/loja\/produto\/balanca-semi-analitica-explorer-3-casas-1100g\/\" \/>\n<meta property=\"og:locale\" content=\"pt_BR\" \/>\n<meta property=\"og:type\" content=\"article\" \/>\n<meta property=\"og:title\" content=\"Balan\u00e7a Semi-Analitica Explorer 3 casas 1100g - NTS Calibra\u00e7\u00e3o\" \/>\n<meta property=\"og:description\" content=\"ESPECIFICA\u00c7\u00d5ESCapacidade M\u00e1xima:\u00a01.100 gResolu\u00e7\u00e3o:\u00a01 mgTamanho do prato:\u00a0130 mmCalibra\u00e7\u00e3o:\u00a0SIM AutoCal Autom\u00e1tico\" \/>\n<meta property=\"og:url\" content=\"https:\/\/ntscalibracao.com.br\/loja\/produto\/balanca-semi-analitica-explorer-3-casas-1100g\/\" \/>\n<meta property=\"og:site_name\" content=\"NTS Calibra\u00e7\u00e3o\" \/>\n<meta property=\"article:publisher\" content=\"https:\/\/www.facebook.com\/NTS-Calibra%c3%a7%c3%a3o-de-Balan%c3%a7as-e-Instrumentos-253519321396719\" \/>\n<meta property=\"article:modified_time\" content=\"2021-05-14T15:44:55+00:00\" \/>\n<meta property=\"og:image\" content=\"https:\/\/ntscalibracao.com.br\/loja\/wp-content\/uploads\/2021\/03\/balanca-semi-analitica-explorer3-casa-1100gr.png\" \/>\n\t<meta property=\"og:image:width\" content=\"1000\" \/>\n\t<meta property=\"og:image:height\" content=\"1000\" \/>\n<meta name=\"twitter:card\" content=\"summary_large_image\" \/>\n<script type=\"application\/ld+json\" class=\"yoast-schema-graph\">{\"@context\":\"https:\/\/schema.org\",\"@graph\":[{\"@type\":\"Organization\",\"@id\":\"https:\/\/ntscalibracao.com.br\/loja\/#organization\",\"name\":\"NTS Calibra\\u00e7\\u00e3o de Balan\\u00e7as e Instrumentos\",\"url\":\"https:\/\/ntscalibracao.com.br\/loja\/\",\"sameAs\":[\"https:\/\/www.facebook.com\/NTS-Calibra\\u00e7\\u00e3o-de-Balan\\u00e7as-e-Instrumentos-253519321396719\"],\"logo\":{\"@type\":\"ImageObject\",\"@id\":\"https:\/\/ntscalibracao.com.br\/loja\/#logo\",\"inLanguage\":\"pt-BR\",\"url\":\"https:\/\/ntscalibracao.com.br\/loja\/wp-content\/uploads\/2021\/02\/cropped-logo-nts1.png\",\"width\":203,\"height\":60,\"caption\":\"NTS Calibra\\u00e7\\u00e3o de Balan\\u00e7as e Instrumentos\"},\"image\":{\"@id\":\"https:\/\/ntscalibracao.com.br\/loja\/#logo\"}},{\"@type\":\"WebSite\",\"@id\":\"https:\/\/ntscalibracao.com.br\/loja\/#website\",\"url\":\"https:\/\/ntscalibracao.com.br\/loja\/\",\"name\":\"NTS Calibra\\u00e7\\u00e3o - Loja de Balan\\u00e7as e Instrumentos de Medi\\u00e7\\u00e3o\",\"description\":\"Loja\",\"publisher\":{\"@id\":\"https:\/\/ntscalibracao.com.br\/loja\/#organization\"},\"potentialAction\":[{\"@type\":\"SearchAction\",\"target\":\"https:\/\/ntscalibracao.com.br\/loja\/?s={search_term_string}\",\"query-input\":\"required name=search_term_string\"}],\"inLanguage\":\"pt-BR\"},{\"@type\":\"ImageObject\",\"@id\":\"https:\/\/ntscalibracao.com.br\/loja\/produto\/balanca-semi-analitica-explorer-3-casas-1100g\/#primaryimage\",\"inLanguage\":\"pt-BR\",\"url\":\"https:\/\/ntscalibracao.com.br\/loja\/wp-content\/uploads\/2021\/03\/balanca-semi-analitica-explorer3-casa-1100gr.png\",\"width\":1000,\"height\":1000},{\"@type\":\"WebPage\",\"@id\":\"https:\/\/ntscalibracao.com.br\/loja\/produto\/balanca-semi-analitica-explorer-3-casas-1100g\/#webpage\",\"url\":\"https:\/\/ntscalibracao.com.br\/loja\/produto\/balanca-semi-analitica-explorer-3-casas-1100g\/\",\"name\":\"Balan\\u00e7a Semi-Analitica Explorer 3 casas 1100g - NTS Calibra\\u00e7\\u00e3o\",\"isPartOf\":{\"@id\":\"https:\/\/ntscalibracao.com.br\/loja\/#website\"},\"primaryImageOfPage\":{\"@id\":\"https:\/\/ntscalibracao.com.br\/loja\/produto\/balanca-semi-analitica-explorer-3-casas-1100g\/#primaryimage\"},\"datePublished\":\"2021-03-13T01:42:28+00:00\",\"dateModified\":\"2021-05-14T15:44:55+00:00\",\"inLanguage\":\"pt-BR\",\"potentialAction\":[{\"@type\":\"ReadAction\",\"target\":[\"https:\/\/ntscalibracao.com.br\/loja\/produto\/balanca-semi-analitica-explorer-3-casas-1100g\/\"]}]}]}<\/script>\n<!-- \/ Yoast SEO Premium plugin. -->","brands":[],"_links":{"self":[{"href":"https:\/\/ntscalibracao.com.br\/loja\/wp-json\/wp\/v2\/product\/9414"}],"collection":[{"href":"https:\/\/ntscalibracao.com.br\/loja\/wp-json\/wp\/v2\/product"}],"about":[{"href":"https:\/\/ntscalibracao.com.br\/loja\/wp-json\/wp\/v2\/types\/product"}],"replies":[{"embeddable":true,"href":"https:\/\/ntscalibracao.com.br\/loja\/wp-json\/wp\/v2\/comments?post=9414"}],"wp:featuredmedia":[{"embeddable":true,"href":"https:\/\/ntscalibracao.com.br\/loja\/wp-json\/wp\/v2\/media\/9941"}],"wp:attachment":[{"href":"https:\/\/ntscalibracao.com.br\/loja\/wp-json\/wp\/v2\/media?parent=9414"}],"wp:term":[{"taxonomy":"pwb-brand","embeddable":true,"href":"https:\/\/ntscalibracao.com.br\/loja\/wp-json\/wp\/v2\/pwb-brand?post=9414"},{"taxonomy":"product_cat","embeddable":true,"href":"https:\/\/ntscalibracao.com.br\/loja\/wp-json\/wp\/v2\/product_cat?post=9414"},{"taxonomy":"product_tag","embeddable":true,"href":"https:\/\/ntscalibracao.com.br\/loja\/wp-json\/wp\/v2\/product_tag?post=9414"}],"curies":[{"name":"wp","href":"https:\/\/api.w.org\/{rel}","templated":true}]}}