{"id":9412,"date":"2021-03-12T22:42:23","date_gmt":"2021-03-13T01:42:23","guid":{"rendered":"https:\/\/ntscalibracao.com.br\/loja\/produto\/balanca-semi-analitica-adventurer-3-casas-520g\/"},"modified":"2021-05-14T12:45:11","modified_gmt":"2021-05-14T15:45:11","slug":"balanca-semi-analitica-adventurer-3-casas-520g","status":"publish","type":"product","link":"https:\/\/ntscalibracao.com.br\/loja\/produto\/balanca-semi-analitica-adventurer-3-casas-520g\/","title":{"rendered":"Balan\u00e7a Semi-Analitica Adventurer 3 casas 520g"},"content":{"rendered":"<p style=\"font-family: Poppins, sans-serif; margin-bottom: 10px; padding: 0px; border: 0px; font-size: 16px; color: #333333; text-align: justify;\"><strong style=\"font-family: inherit; margin: 0px; padding: 0px;\">Aplica\u00e7\u00e3o:<\/strong>\u00a0Balan\u00e7a semi-anal\u00edtica 520g com precis\u00e3o de 3 casas decimais. Pesando, contagem, % peso, verificar a pesagem, pesagem, totaliza\u00e7\u00e3o\/estat\u00edsticas, formula\u00e7\u00e3o, determina\u00e7\u00e3o de densidade, Display Hold Animal\/din\u00e2mico<br style=\"font-family: inherit; margin: 0px; padding: 0px;\" \/><strong style=\"font-family: inherit; margin: 0px; padding: 0px;\">Constru\u00e7\u00e3o:<\/strong>\u00a0Base metal, ABS superior , prato de a\u00e7o inoxid\u00e1vel, com duas portas de vidro do lado ,superior montado e deslizando a porta superior, indicador do n\u00edvel de frontal iluminado, gancho inferior para pesagem, suporte de seguran\u00e7a, bloqueio de calibra\u00e7\u00e3o, capa de prote\u00e7\u00e3o em uso<br style=\"font-family: inherit; margin: 0px; padding: 0px;\" \/><strong style=\"font-family: inherit; margin: 0px; padding: 0px;\">Caracter\u00edsticas do Design:\u00a0<\/strong>Filtros ambientais Selecion\u00e1veis, auto Tara, pontos de calibra\u00e7\u00e3o span selecion\u00e1vel pelo usu\u00e1rio, bloqueio de software e redefinir menu, configura\u00e7\u00f5es de comunica\u00e7\u00e3o selecion\u00e1vel pelo usu\u00e1rio e as op\u00e7\u00f5es de impress\u00e3o de dados, projeto defin\u00edveis pelo usu\u00e1rio e IDs de usu\u00e1rio, at\u00e9 9 l\u00ednguas de funcionamento.<\/p>\n<p style=\"font-family: Poppins, sans-serif; margin-bottom: 10px; padding: 0px; border: 0px; font-size: 16px; color: #333333; text-align: justify;\"><strong style=\"font-family: inherit; margin: 0px; padding: 0px;\">Informa\u00e7\u00f5es T\u00e9cnicas:<\/strong><br style=\"font-family: inherit; margin: 0px; padding: 0px;\" \/><strong style=\"font-family: inherit; margin: 0px; padding: 0px;\">Capacidade M\u00e1xima:<\/strong>\u00a0520 g<br style=\"font-family: inherit; margin: 0px; padding: 0px;\" \/><strong style=\"font-family: inherit; margin: 0px; padding: 0px;\">Resolu\u00e7\u00e3o:<\/strong>\u00a01 mg; 0,001g<br style=\"font-family: inherit; margin: 0px; padding: 0px;\" \/><strong style=\"font-family: inherit; margin: 0px; padding: 0px;\">Tamanho do prato:<\/strong>\u00a0130 mm<br style=\"font-family: inherit; margin: 0px; padding: 0px;\" \/><strong style=\"font-family: inherit; margin: 0px; padding: 0px;\">Calibra\u00e7\u00e3o Interna:\u00a0<\/strong>SIM<br style=\"font-family: inherit; margin: 0px; padding: 0px;\" \/><strong style=\"font-family: inherit; margin: 0px; padding: 0px;\">Capela:<\/strong>\u00a0Incluso<br style=\"font-family: inherit; margin: 0px; padding: 0px;\" \/><strong style=\"font-family: inherit; margin: 0px; padding: 0px;\">Comunica\u00e7\u00e3o:<\/strong>\u00a0RS232 (Inclu\u00edda), USB, Host USB<br style=\"font-family: inherit; margin: 0px; padding: 0px;\" \/><strong style=\"font-family: inherit; margin: 0px; padding: 0px;\">Dimens\u00f5es (AxCxl):<\/strong>\u00a0340 mm x 354 mm x 230 mm<br style=\"font-family: inherit; margin: 0px; padding: 0px;\" \/><strong style=\"font-family: inherit; margin: 0px; padding: 0px;\">Display:<\/strong>\u00a04.3&#8243;\u00a0(109 mm) Full-color VGA gr\u00e1fico touchscreen com controle de brilho.<br style=\"font-family: inherit; margin: 0px; padding: 0px;\" \/><strong style=\"font-family: inherit; margin: 0px; padding: 0px;\">Tampa em uso:<\/strong>\u00a0Incluso<br style=\"font-family: inherit; margin: 0px; padding: 0px;\" \/><strong style=\"font-family: inherit; margin: 0px; padding: 0px;\">Para opera\u00e7\u00f5es aprovadas:<\/strong>\u00a0INMETRO<br style=\"font-family: inherit; margin: 0px; padding: 0px;\" \/><strong style=\"font-family: inherit; margin: 0px; padding: 0px;\">Peso M\u00ednimo (USP, 0,1% t\u00edpico):<\/strong>\u00a02 g<br style=\"font-family: inherit; margin: 0px; padding: 0px;\" \/><strong style=\"font-family: inherit; margin: 0px; padding: 0px;\">Peso L\u00edquido:<\/strong>\u00a05,8 kg<br style=\"font-family: inherit; margin: 0px; padding: 0px;\" \/><strong style=\"font-family: inherit; margin: 0px; padding: 0px;\">Estrutura do Prato:<\/strong>\u00a0A\u00e7o Inoxid\u00e1vel<br style=\"font-family: inherit; margin: 0px; padding: 0px;\" \/><strong style=\"font-family: inherit; margin: 0px; padding: 0px;\">Alimenta\u00e7\u00e3o El\u00e9trica:\u00a0<\/strong>Adaptador\u00a0CA (inclu\u00eddo)<br style=\"font-family: inherit; margin: 0px; padding: 0px;\" \/><strong style=\"font-family: inherit; margin: 0px; padding: 0px;\">Tempo de Estabiliza\u00e7\u00e3o:<\/strong>\u00a02 s<br style=\"font-family: inherit; margin: 0px; padding: 0px;\" \/><strong style=\"font-family: inherit; margin: 0px; padding: 0px;\">Faixa de Tara:<\/strong>\u00a0Para capacitar por subtra\u00e7\u00e3o<br style=\"font-family: inherit; margin: 0px; padding: 0px;\" \/><strong style=\"font-family: inherit; margin: 0px; padding: 0px;\">Unidades de Medi\u00e7\u00e3o:<\/strong>\u00a0Grama;\u00a0 miligrama;\u00a0 Quilate;\u00a0 On\u00e7a;\u00a0 On\u00e7a Troy;\u00a0 Libra;\u00a0 Pennyweight;\u00a0 gr\u00e3o;\u00a0 Newton;\u00a0 Momme;\u00a0 Mesghal;\u00a0 Hong (tael) Kong;\u00a0 Cingapura (tael);\u00a0 Taiwan (tael);\u00a0 Tical;\u00a0 Tola;\u00a0 Baht;\u00a0 Personalizada<br style=\"font-family: inherit; margin: 0px; padding: 0px;\" \/><strong style=\"font-family: inherit; margin: 0px; padding: 0px;\">Ambiente de Trabalho:<\/strong>\u00a010\u00b0C a 30\u00b0C, 80%RH, sem condensa\u00e7\u00e3o<\/p>\n","protected":false},"excerpt":{"rendered":"<p><strong style=\"font-family: inherit; margin: 0px; padding: 0px;\">Aplica\u00e7\u00e3o:<\/strong>\u00a0Balan\u00e7a semi-anal\u00edtica 520g com precis\u00e3o de 3 casas decimais. Pesando, contagem, % peso, verificar a pesagem, pesagem, totaliza\u00e7\u00e3o\/estat\u00edsticas, formula\u00e7\u00e3o, determina\u00e7\u00e3o de densidade, Display Hold Animal\/din\u00e2mico<\/p>\n","protected":false},"featured_media":9942,"comment_status":"open","ping_status":"closed","template":"","meta":[],"pwb-brand":[],"product_cat":[78,82,72],"product_tag":[],"yoast_head":"<!-- This site is optimized with the Yoast SEO Premium plugin v14.7 - https:\/\/yoast.com\/wordpress\/plugins\/seo\/ -->\n<title>Balan\u00e7a Semi-Analitica Adventurer 3 casas 520g - NTS Calibra\u00e7\u00e3o<\/title>\n<meta name=\"robots\" content=\"index, follow\" \/>\n<meta name=\"googlebot\" content=\"index, follow, max-snippet:-1, max-image-preview:large, max-video-preview:-1\" \/>\n<meta name=\"bingbot\" content=\"index, follow, max-snippet:-1, max-image-preview:large, max-video-preview:-1\" \/>\n<link rel=\"canonical\" href=\"https:\/\/ntscalibracao.com.br\/loja\/produto\/balanca-semi-analitica-adventurer-3-casas-520g\/\" \/>\n<meta property=\"og:locale\" content=\"pt_BR\" \/>\n<meta property=\"og:type\" content=\"article\" \/>\n<meta property=\"og:title\" content=\"Balan\u00e7a Semi-Analitica Adventurer 3 casas 520g - NTS Calibra\u00e7\u00e3o\" \/>\n<meta property=\"og:description\" content=\"Aplica\u00e7\u00e3o:\u00a0Balan\u00e7a semi-anal\u00edtica 520g com precis\u00e3o de 3 casas decimais. Pesando, contagem, % peso, verificar a pesagem, pesagem, totaliza\u00e7\u00e3o\/estat\u00edsticas, formula\u00e7\u00e3o, determina\u00e7\u00e3o de densidade, Display Hold Animal\/din\u00e2mico\" \/>\n<meta property=\"og:url\" content=\"https:\/\/ntscalibracao.com.br\/loja\/produto\/balanca-semi-analitica-adventurer-3-casas-520g\/\" \/>\n<meta property=\"og:site_name\" content=\"NTS Calibra\u00e7\u00e3o\" \/>\n<meta property=\"article:publisher\" content=\"https:\/\/www.facebook.com\/NTS-Calibra%c3%a7%c3%a3o-de-Balan%c3%a7as-e-Instrumentos-253519321396719\" \/>\n<meta property=\"article:modified_time\" content=\"2021-05-14T15:45:11+00:00\" \/>\n<meta property=\"og:image\" content=\"https:\/\/ntscalibracao.com.br\/loja\/wp-content\/uploads\/2021\/03\/balanca-semi-analitica-3-casas-adventur-520mg.png\" \/>\n\t<meta property=\"og:image:width\" content=\"1000\" \/>\n\t<meta property=\"og:image:height\" content=\"1000\" \/>\n<meta name=\"twitter:card\" content=\"summary_large_image\" \/>\n<script type=\"application\/ld+json\" class=\"yoast-schema-graph\">{\"@context\":\"https:\/\/schema.org\",\"@graph\":[{\"@type\":\"Organization\",\"@id\":\"https:\/\/ntscalibracao.com.br\/loja\/#organization\",\"name\":\"NTS Calibra\\u00e7\\u00e3o de Balan\\u00e7as e Instrumentos\",\"url\":\"https:\/\/ntscalibracao.com.br\/loja\/\",\"sameAs\":[\"https:\/\/www.facebook.com\/NTS-Calibra\\u00e7\\u00e3o-de-Balan\\u00e7as-e-Instrumentos-253519321396719\"],\"logo\":{\"@type\":\"ImageObject\",\"@id\":\"https:\/\/ntscalibracao.com.br\/loja\/#logo\",\"inLanguage\":\"pt-BR\",\"url\":\"https:\/\/ntscalibracao.com.br\/loja\/wp-content\/uploads\/2021\/02\/cropped-logo-nts1.png\",\"width\":203,\"height\":60,\"caption\":\"NTS Calibra\\u00e7\\u00e3o de Balan\\u00e7as e Instrumentos\"},\"image\":{\"@id\":\"https:\/\/ntscalibracao.com.br\/loja\/#logo\"}},{\"@type\":\"WebSite\",\"@id\":\"https:\/\/ntscalibracao.com.br\/loja\/#website\",\"url\":\"https:\/\/ntscalibracao.com.br\/loja\/\",\"name\":\"NTS Calibra\\u00e7\\u00e3o - Loja de Balan\\u00e7as e Instrumentos de Medi\\u00e7\\u00e3o\",\"description\":\"Loja\",\"publisher\":{\"@id\":\"https:\/\/ntscalibracao.com.br\/loja\/#organization\"},\"potentialAction\":[{\"@type\":\"SearchAction\",\"target\":\"https:\/\/ntscalibracao.com.br\/loja\/?s={search_term_string}\",\"query-input\":\"required name=search_term_string\"}],\"inLanguage\":\"pt-BR\"},{\"@type\":\"ImageObject\",\"@id\":\"https:\/\/ntscalibracao.com.br\/loja\/produto\/balanca-semi-analitica-adventurer-3-casas-520g\/#primaryimage\",\"inLanguage\":\"pt-BR\",\"url\":\"https:\/\/ntscalibracao.com.br\/loja\/wp-content\/uploads\/2021\/03\/balanca-semi-analitica-3-casas-adventur-520mg.png\",\"width\":1000,\"height\":1000},{\"@type\":\"WebPage\",\"@id\":\"https:\/\/ntscalibracao.com.br\/loja\/produto\/balanca-semi-analitica-adventurer-3-casas-520g\/#webpage\",\"url\":\"https:\/\/ntscalibracao.com.br\/loja\/produto\/balanca-semi-analitica-adventurer-3-casas-520g\/\",\"name\":\"Balan\\u00e7a Semi-Analitica Adventurer 3 casas 520g - NTS Calibra\\u00e7\\u00e3o\",\"isPartOf\":{\"@id\":\"https:\/\/ntscalibracao.com.br\/loja\/#website\"},\"primaryImageOfPage\":{\"@id\":\"https:\/\/ntscalibracao.com.br\/loja\/produto\/balanca-semi-analitica-adventurer-3-casas-520g\/#primaryimage\"},\"datePublished\":\"2021-03-13T01:42:23+00:00\",\"dateModified\":\"2021-05-14T15:45:11+00:00\",\"inLanguage\":\"pt-BR\",\"potentialAction\":[{\"@type\":\"ReadAction\",\"target\":[\"https:\/\/ntscalibracao.com.br\/loja\/produto\/balanca-semi-analitica-adventurer-3-casas-520g\/\"]}]}]}<\/script>\n<!-- \/ Yoast SEO Premium plugin. -->","brands":[],"_links":{"self":[{"href":"https:\/\/ntscalibracao.com.br\/loja\/wp-json\/wp\/v2\/product\/9412"}],"collection":[{"href":"https:\/\/ntscalibracao.com.br\/loja\/wp-json\/wp\/v2\/product"}],"about":[{"href":"https:\/\/ntscalibracao.com.br\/loja\/wp-json\/wp\/v2\/types\/product"}],"replies":[{"embeddable":true,"href":"https:\/\/ntscalibracao.com.br\/loja\/wp-json\/wp\/v2\/comments?post=9412"}],"wp:featuredmedia":[{"embeddable":true,"href":"https:\/\/ntscalibracao.com.br\/loja\/wp-json\/wp\/v2\/media\/9942"}],"wp:attachment":[{"href":"https:\/\/ntscalibracao.com.br\/loja\/wp-json\/wp\/v2\/media?parent=9412"}],"wp:term":[{"taxonomy":"pwb-brand","embeddable":true,"href":"https:\/\/ntscalibracao.com.br\/loja\/wp-json\/wp\/v2\/pwb-brand?post=9412"},{"taxonomy":"product_cat","embeddable":true,"href":"https:\/\/ntscalibracao.com.br\/loja\/wp-json\/wp\/v2\/product_cat?post=9412"},{"taxonomy":"product_tag","embeddable":true,"href":"https:\/\/ntscalibracao.com.br\/loja\/wp-json\/wp\/v2\/product_tag?post=9412"}],"curies":[{"name":"wp","href":"https:\/\/api.w.org\/{rel}","templated":true}]}}