{"id":9409,"date":"2021-03-12T22:42:15","date_gmt":"2021-03-13T01:42:15","guid":{"rendered":"https:\/\/ntscalibracao.com.br\/loja\/produto\/balanca-semi-analitica-explorer-3-casas-620g\/"},"modified":"2021-05-14T12:45:27","modified_gmt":"2021-05-14T15:45:27","slug":"balanca-semi-analitica-explorer-3-casas-620g","status":"publish","type":"product","link":"https:\/\/ntscalibracao.com.br\/loja\/produto\/balanca-semi-analitica-explorer-3-casas-620g\/","title":{"rendered":"Balan\u00e7a Semi-Analitica Explorer 3 casas 620g"},"content":{"rendered":"<p style=\"font-family: Poppins, sans-serif; margin-bottom: 10px; padding: 0px; border: 0px; font-size: 16px; color: #333333; text-align: justify;\">Surpreendentemente, a S\u00e9rie OHAUS Explorer de balan\u00e7a anal\u00edtica de precis\u00e3o decerto combina caracter\u00edsticas modernas e elementos de design para oferecer funcionalidade incompar\u00e1vel em uma linha de saldos de alto desempenho diferente de qualquer outro no mercado.<\/p>\n<p style=\"font-family: Poppins, sans-serif; margin-bottom: 10px; padding: 0px; border: 0px; font-size: 16px; color: #333333; text-align: justify;\">Estes saldos inteligentes e intuitivos e todos os seus recursos inteligentes simplificar mesmo as medi\u00e7\u00f5es laboratoriais mais complexas.<\/p>\n<h4 style=\"font-family: Poppins, sans-serif; margin: 10px 0px; padding: 0px; font-size: 18px; font-weight: 500; line-height: 1.1; color: #333333; text-align: justify;\"><strong style=\"font-family: inherit; margin: 0px; padding: 0px;\">Aplica\u00e7\u00e3o<\/strong><\/h4>\n<p style=\"font-family: Poppins, sans-serif; margin-bottom: 10px; padding: 0px; border: 0px; font-size: 16px; color: #333333; text-align: justify;\">De pesagem, contagem de pe\u00e7as, Percentagem de Pesagem, Pesagem de controlo, pesagem de animais \/ din\u00e2mico, Encher, totaliza\u00e7\u00e3o \/ Estat\u00edstica, Formula\u00e7\u00e3o, Pesagem diferencial, Densidade Determina\u00e7\u00e3o, reten\u00e7\u00e3o de pico, Ingrediente custeio, ajuste Pipeta, SQ<\/p>\n<h4 style=\"font-family: Poppins, sans-serif; margin: 10px 0px; padding: 0px; font-size: 18px; font-weight: 500; line-height: 1.1; color: #333333; text-align: justify;\"><strong style=\"font-family: inherit; margin: 0px; padding: 0px;\">Em acordo<\/strong><\/h4>\n<p style=\"font-family: Poppins, sans-serif; margin-bottom: 10px; padding: 0px; border: 0px; font-size: 16px; color: #333333; text-align: justify;\">Como resultado de tantos recursos tecnol\u00f3gicos, a Balan\u00e7a Semi-Anal\u00edtica de precis\u00e3o Explorer Ohaus Atende a norma FDA CFR 21 Part 11<\/p>\n<h4 style=\"font-family: Poppins, sans-serif; margin: 10px 0px; padding: 0px; font-size: 18px; font-weight: 500; line-height: 1.1; color: #333333; text-align: justify;\"><strong style=\"font-family: inherit; margin: 0px; padding: 0px;\">Tela<\/strong><\/h4>\n<p style=\"font-family: Poppins, sans-serif; margin-bottom: 10px; padding: 0px; border: 0px; font-size: 16px; color: #333333; text-align: justify;\">5,7&#8243; (145 mm) de cor pleno VGA display touchscreen gr\u00e1fico com brilho controlado pelo usu\u00e1rio<\/p>\n<h4 style=\"font-family: Poppins, sans-serif; margin: 10px 0px; padding: 0px; font-size: 18px; font-weight: 500; line-height: 1.1; color: #333333; text-align: justify;\"><strong style=\"font-family: inherit; margin: 0px; padding: 0px;\">Opera\u00e7\u00e3o<\/strong><\/h4>\n<p style=\"font-family: Poppins, sans-serif; margin-bottom: 10px; padding: 0px; border: 0px; font-size: 16px; color: #333333; text-align: justify;\">CA Adaptador (incluso)<\/p>\n<h4 style=\"font-family: Poppins, sans-serif; margin: 10px 0px; padding: 0px; font-size: 18px; font-weight: 500; line-height: 1.1; color: #333333; text-align: justify;\"><strong style=\"font-family: inherit; margin: 0px; padding: 0px;\">Comunica\u00e7\u00e3o<\/strong><\/h4>\n<p style=\"font-family: Poppins, sans-serif; margin-bottom: 10px; padding: 0px; border: 0px; font-size: 16px; color: #333333; text-align: justify;\">N\u00e3o apenas RS232, como tamb\u00e9m USB (inclu\u00eddo) ou RS232 segundo \/ Ethernet (acess\u00f3rios vendidos separadamente). Sa\u00edda de dados de GLP \/ GMP com o rel\u00f3gio em tempo real. Isto tudo para que o monitoramento seja perfeito.<\/p>\n<h4 style=\"font-family: Poppins, sans-serif; margin: 10px 0px; padding: 0px; font-size: 18px; font-weight: 500; line-height: 1.1; color: #333333; text-align: justify;\"><strong style=\"font-family: inherit; margin: 0px; padding: 0px;\">Constru\u00e7\u00e3o<\/strong><\/h4>\n<p style=\"font-family: Poppins, sans-serif; margin-bottom: 10px; padding: 0px; border: 0px; font-size: 16px; color: #333333;\">A fim de conferir uma maior robustez, a linha de balan\u00e7as Explorer ABS alojamento superior, panela de a\u00e7o inoxid\u00e1vel, draftshield vidro com top montado portas laterais e inverter \/ porta de correr topo, iluminado up-front indicador de n\u00edvel, integrante pesar abaixo de gancho, suporte de seguran\u00e7a, bloqueio de calibra\u00e7\u00e3o,<\/p>\n<h4 style=\"font-family: Poppins, sans-serif; margin: 10px 0px; padding: 0px; font-size: 18px; font-weight: 500; line-height: 1.1; color: #333333;\"><strong style=\"font-family: inherit; margin: 0px; padding: 0px;\">Caracter\u00edsticas do Design<\/strong><\/h4>\n<p style=\"font-family: Poppins, sans-serif; margin-bottom: 10px; padding: 0px; border: 0px; font-size: 16px; color: #333333; text-align: justify;\">Filtros ambientais selecion\u00e1veis, auto tara, pontos selecion\u00e1vel pelo usu\u00e1rio de calibra\u00e7\u00e3o de faixa, lockout software e menu RESET, configura\u00e7\u00f5es de comunica\u00e7\u00e3o selecion\u00e1veis pelo usu\u00e1rio e op\u00e7\u00f5es de impress\u00e3o de dados, usu\u00e1rio do projeto defin\u00edvel e IDs<\/p>\n<h4 style=\"font-family: Poppins, sans-serif; margin: 10px 0px; padding: 0px; font-size: 18px; font-weight: 500; line-height: 1.1; color: #333333; text-align: justify;\"><strong style=\"font-family: inherit; margin: 0px; padding: 0px;\">INFORMA\u00c7\u00d5ES T\u00c9CNICAS:<\/strong><\/h4>\n<p style=\"font-family: Poppins, sans-serif; margin-bottom: 10px; padding: 0px; border: 0px; font-size: 16px; color: #333333; text-align: justify;\"><strong style=\"font-family: inherit; margin: 0px; padding: 0px;\">Capacidade M\u00e1xima:<\/strong>\u00a0620 g<\/p>\n<p style=\"font-family: Poppins, sans-serif; margin-bottom: 10px; padding: 0px; border: 0px; font-size: 16px; color: #333333; text-align: justify;\"><strong style=\"font-family: inherit; margin: 0px; padding: 0px;\">Resolu\u00e7\u00e3o:<\/strong>\u00a01 mg<\/p>\n<p style=\"font-family: Poppins, sans-serif; margin-bottom: 10px; padding: 0px; border: 0px; font-size: 16px; color: #333333; text-align: justify;\"><strong style=\"font-family: inherit; margin: 0px; padding: 0px;\">Tamanho do prato:<\/strong>\u00a0130 mm<\/p>\n<p style=\"font-family: Poppins, sans-serif; margin-bottom: 10px; padding: 0px; border: 0px; font-size: 16px; color: #333333; text-align: justify;\"><strong style=\"font-family: inherit; margin: 0px; padding: 0px;\">Calibra\u00e7\u00e3o:<\/strong>\u00a0SIM AutoCal Autom\u00e1tico<\/p>\n<p style=\"font-family: Poppins, sans-serif; margin-bottom: 10px; padding: 0px; border: 0px; font-size: 16px; color: #333333; text-align: justify;\"><strong style=\"font-family: inherit; margin: 0px; padding: 0px;\">Capela:<\/strong>\u00a0Incluso<\/p>\n<p style=\"font-family: Poppins, sans-serif; margin-bottom: 10px; padding: 0px; border: 0px; font-size: 16px; color: #333333;\"><strong style=\"font-family: inherit; margin: 0px; padding: 0px;\">Fun\u00e7\u00e3o Administrador:<\/strong>\u00a0Controle de acesso pelo Administrador para at\u00e9 5 diferentes logins<\/p>\n<p style=\"font-family: Poppins, sans-serif; margin-bottom: 10px; padding: 0px; border: 0px; font-size: 16px; color: #333333; text-align: justify;\"><strong style=\"font-family: inherit; margin: 0px; padding: 0px;\">Comunica\u00e7\u00e3o:<\/strong>\u00a0RS232 (Inclusa); USB (Inclusa); Ethernet (Dispon\u00edvel como Acess\u00f3rio)<\/p>\n<p style=\"font-family: Poppins, sans-serif; margin-bottom: 10px; padding: 0px; border: 0px; font-size: 16px; color: #333333; text-align: justify;\"><strong style=\"font-family: inherit; margin: 0px; padding: 0px;\">Dimens\u00f5es (AxCxl):<\/strong>\u00a0350 mm x 393 mm x 230 mm<\/p>\n<p style=\"font-family: Poppins, sans-serif; margin-bottom: 10px; padding: 0px; border: 0px; font-size: 16px; color: #333333; text-align: justify;\"><strong style=\"font-family: inherit; margin: 0px; padding: 0px;\">Display:<\/strong>\u00a0Colorido 5.7 em VGA, sens\u00edvel ao toque<\/p>\n<p style=\"font-family: Poppins, sans-serif; margin-bottom: 10px; padding: 0px; border: 0px; font-size: 16px; color: #333333; text-align: justify;\"><strong style=\"font-family: inherit; margin: 0px; padding: 0px;\">Tampa durante o uso:<\/strong>\u00a0Incluso<\/p>\n<p style=\"font-family: Poppins, sans-serif; margin-bottom: 10px; padding: 0px; border: 0px; font-size: 16px; color: #333333; text-align: justify;\"><strong style=\"font-family: inherit; margin: 0px; padding: 0px;\">Peso M\u00ednimo (USP, 0,1% t\u00edpico):<\/strong>\u00a01,6 g<\/p>\n<p style=\"font-family: Poppins, sans-serif; margin-bottom: 10px; padding: 0px; border: 0px; font-size: 16px; color: #333333; text-align: justify;\"><strong style=\"font-family: inherit; margin: 0px; padding: 0px;\">Peso L\u00edquido:<\/strong>\u00a06,9 kg<\/p>\n<p style=\"font-family: Poppins, sans-serif; margin-bottom: 10px; padding: 0px; border: 0px; font-size: 16px; color: #333333; text-align: justify;\"><strong style=\"font-family: inherit; margin: 0px; padding: 0px;\">Estrutura do Prato:<\/strong>\u00a0A\u00e7o Inoxid\u00e1vel<\/p>\n<p style=\"font-family: Poppins, sans-serif; margin-bottom: 10px; padding: 0px; border: 0px; font-size: 16px; color: #333333; text-align: justify;\"><strong style=\"font-family: inherit; margin: 0px; padding: 0px;\">Alimenta\u00e7\u00e3o El\u00e9trica:<\/strong>\u00a0Adaptador CA (Incluso)<\/p>\n<p style=\"font-family: Poppins, sans-serif; margin-bottom: 10px; padding: 0px; border: 0px; font-size: 16px; color: #333333; text-align: justify;\"><strong style=\"font-family: inherit; margin: 0px; padding: 0px;\">Tempo de Estabiliza\u00e7\u00e3o:<\/strong>\u00a01 s<\/p>\n<p style=\"font-family: Poppins, sans-serif; margin-bottom: 10px; padding: 0px; border: 0px; font-size: 16px; color: #333333; text-align: justify;\"><strong style=\"font-family: inherit; margin: 0px; padding: 0px;\">Faixa de Tara:<\/strong>\u00a0Para capacidade por subtra\u00e7\u00e3o<\/p>\n<p style=\"font-family: Poppins, sans-serif; margin-bottom: 10px; padding: 0px; border: 0px; font-size: 16px; color: #333333; text-align: justify;\"><strong style=\"font-family: inherit; margin: 0px; padding: 0px;\">Unidades de Medi\u00e7\u00e3o:<\/strong>\u00a0Baht; Quilate; Personalizada; gr\u00e3o; Grama; Tael de Hong Kong; Quilograma; miligrama; Mesghal; Momme; Newton; On\u00e7a; On\u00e7a Troy; Pennyweight; Libra; Tael de Cingapura; Tael de Taiwan; Tical; Tola<\/p>\n<p style=\"font-family: Poppins, sans-serif; margin-bottom: 10px; padding: 0px; border: 0px; font-size: 16px; color: #333333; text-align: justify;\"><strong style=\"font-family: inherit; margin: 0px; padding: 0px;\">Ambiente de trabalho:<\/strong>\u00a010\u00b0C a 30\u00b0C, 85%UR, sem condensa\u00e7\u00e3o<\/p>\n","protected":false},"excerpt":{"rendered":"<p style=\"font-family: Poppins, sans-serif; margin-bottom: 10px; padding: 0px; border: 0px; font-size: 16px; color: #333333; text-align: justify;\">Surpreendentemente, a S\u00e9rie OHAUS Explorer de balan\u00e7a anal\u00edtica de precis\u00e3o decerto combina caracter\u00edsticas modernas e elementos de design para oferecer funcionalidade incompar\u00e1vel em uma linha de saldos de alto desempenho diferente de qualquer outro no mercado.<\/p>\n<p style=\"font-family: Poppins, sans-serif; margin-bottom: 10px; padding: 0px; border: 0px; font-size: 16px; color: #333333; text-align: justify;\">Estes saldos inteligentes e intuitivos e todos os seus recursos inteligentes simplificar mesmo as medi\u00e7\u00f5es laboratoriais mais complexas.<\/p>\n","protected":false},"featured_media":9944,"comment_status":"open","ping_status":"closed","template":"","meta":[],"pwb-brand":[],"product_cat":[78,82,72],"product_tag":[],"yoast_head":"<!-- This site is optimized with the Yoast SEO Premium plugin v14.7 - https:\/\/yoast.com\/wordpress\/plugins\/seo\/ -->\n<title>Balan\u00e7a Semi-Analitica Explorer 3 casas 620g - NTS Calibra\u00e7\u00e3o<\/title>\n<meta name=\"robots\" content=\"index, follow\" \/>\n<meta name=\"googlebot\" content=\"index, follow, max-snippet:-1, max-image-preview:large, max-video-preview:-1\" \/>\n<meta name=\"bingbot\" content=\"index, follow, max-snippet:-1, max-image-preview:large, max-video-preview:-1\" \/>\n<link rel=\"canonical\" href=\"https:\/\/ntscalibracao.com.br\/loja\/produto\/balanca-semi-analitica-explorer-3-casas-620g\/\" \/>\n<meta property=\"og:locale\" content=\"pt_BR\" \/>\n<meta property=\"og:type\" content=\"article\" \/>\n<meta property=\"og:title\" content=\"Balan\u00e7a Semi-Analitica Explorer 3 casas 620g - NTS Calibra\u00e7\u00e3o\" \/>\n<meta property=\"og:description\" content=\"Surpreendentemente, a S\u00e9rie OHAUS Explorer de balan\u00e7a anal\u00edtica de precis\u00e3o decerto combina caracter\u00edsticas modernas e elementos de design para oferecer funcionalidade incompar\u00e1vel em uma linha de saldos de alto desempenho diferente de qualquer outro no mercado. Estes saldos inteligentes e intuitivos e todos os seus recursos inteligentes simplificar mesmo as medi\u00e7\u00f5es laboratoriais mais complexas.\" \/>\n<meta property=\"og:url\" content=\"https:\/\/ntscalibracao.com.br\/loja\/produto\/balanca-semi-analitica-explorer-3-casas-620g\/\" \/>\n<meta property=\"og:site_name\" content=\"NTS Calibra\u00e7\u00e3o\" \/>\n<meta property=\"article:publisher\" content=\"https:\/\/www.facebook.com\/NTS-Calibra%c3%a7%c3%a3o-de-Balan%c3%a7as-e-Instrumentos-253519321396719\" \/>\n<meta property=\"article:modified_time\" content=\"2021-05-14T15:45:27+00:00\" \/>\n<meta property=\"og:image\" content=\"https:\/\/ntscalibracao.com.br\/loja\/wp-content\/uploads\/2021\/03\/balanca-semi-analitica-explorer-3-casas-620gr.png\" \/>\n\t<meta property=\"og:image:width\" content=\"1000\" \/>\n\t<meta property=\"og:image:height\" content=\"1000\" \/>\n<meta name=\"twitter:card\" content=\"summary_large_image\" \/>\n<script type=\"application\/ld+json\" class=\"yoast-schema-graph\">{\"@context\":\"https:\/\/schema.org\",\"@graph\":[{\"@type\":\"Organization\",\"@id\":\"https:\/\/ntscalibracao.com.br\/loja\/#organization\",\"name\":\"NTS Calibra\\u00e7\\u00e3o de Balan\\u00e7as e Instrumentos\",\"url\":\"https:\/\/ntscalibracao.com.br\/loja\/\",\"sameAs\":[\"https:\/\/www.facebook.com\/NTS-Calibra\\u00e7\\u00e3o-de-Balan\\u00e7as-e-Instrumentos-253519321396719\"],\"logo\":{\"@type\":\"ImageObject\",\"@id\":\"https:\/\/ntscalibracao.com.br\/loja\/#logo\",\"inLanguage\":\"pt-BR\",\"url\":\"https:\/\/ntscalibracao.com.br\/loja\/wp-content\/uploads\/2021\/02\/cropped-logo-nts1.png\",\"width\":203,\"height\":60,\"caption\":\"NTS Calibra\\u00e7\\u00e3o de Balan\\u00e7as e Instrumentos\"},\"image\":{\"@id\":\"https:\/\/ntscalibracao.com.br\/loja\/#logo\"}},{\"@type\":\"WebSite\",\"@id\":\"https:\/\/ntscalibracao.com.br\/loja\/#website\",\"url\":\"https:\/\/ntscalibracao.com.br\/loja\/\",\"name\":\"NTS Calibra\\u00e7\\u00e3o - Loja de Balan\\u00e7as e Instrumentos de Medi\\u00e7\\u00e3o\",\"description\":\"Loja\",\"publisher\":{\"@id\":\"https:\/\/ntscalibracao.com.br\/loja\/#organization\"},\"potentialAction\":[{\"@type\":\"SearchAction\",\"target\":\"https:\/\/ntscalibracao.com.br\/loja\/?s={search_term_string}\",\"query-input\":\"required name=search_term_string\"}],\"inLanguage\":\"pt-BR\"},{\"@type\":\"ImageObject\",\"@id\":\"https:\/\/ntscalibracao.com.br\/loja\/produto\/balanca-semi-analitica-explorer-3-casas-620g\/#primaryimage\",\"inLanguage\":\"pt-BR\",\"url\":\"https:\/\/ntscalibracao.com.br\/loja\/wp-content\/uploads\/2021\/03\/balanca-semi-analitica-explorer-3-casas-620gr.png\",\"width\":1000,\"height\":1000},{\"@type\":\"WebPage\",\"@id\":\"https:\/\/ntscalibracao.com.br\/loja\/produto\/balanca-semi-analitica-explorer-3-casas-620g\/#webpage\",\"url\":\"https:\/\/ntscalibracao.com.br\/loja\/produto\/balanca-semi-analitica-explorer-3-casas-620g\/\",\"name\":\"Balan\\u00e7a Semi-Analitica Explorer 3 casas 620g - NTS Calibra\\u00e7\\u00e3o\",\"isPartOf\":{\"@id\":\"https:\/\/ntscalibracao.com.br\/loja\/#website\"},\"primaryImageOfPage\":{\"@id\":\"https:\/\/ntscalibracao.com.br\/loja\/produto\/balanca-semi-analitica-explorer-3-casas-620g\/#primaryimage\"},\"datePublished\":\"2021-03-13T01:42:15+00:00\",\"dateModified\":\"2021-05-14T15:45:27+00:00\",\"inLanguage\":\"pt-BR\",\"potentialAction\":[{\"@type\":\"ReadAction\",\"target\":[\"https:\/\/ntscalibracao.com.br\/loja\/produto\/balanca-semi-analitica-explorer-3-casas-620g\/\"]}]}]}<\/script>\n<!-- \/ Yoast SEO Premium plugin. -->","brands":[],"_links":{"self":[{"href":"https:\/\/ntscalibracao.com.br\/loja\/wp-json\/wp\/v2\/product\/9409"}],"collection":[{"href":"https:\/\/ntscalibracao.com.br\/loja\/wp-json\/wp\/v2\/product"}],"about":[{"href":"https:\/\/ntscalibracao.com.br\/loja\/wp-json\/wp\/v2\/types\/product"}],"replies":[{"embeddable":true,"href":"https:\/\/ntscalibracao.com.br\/loja\/wp-json\/wp\/v2\/comments?post=9409"}],"wp:featuredmedia":[{"embeddable":true,"href":"https:\/\/ntscalibracao.com.br\/loja\/wp-json\/wp\/v2\/media\/9944"}],"wp:attachment":[{"href":"https:\/\/ntscalibracao.com.br\/loja\/wp-json\/wp\/v2\/media?parent=9409"}],"wp:term":[{"taxonomy":"pwb-brand","embeddable":true,"href":"https:\/\/ntscalibracao.com.br\/loja\/wp-json\/wp\/v2\/pwb-brand?post=9409"},{"taxonomy":"product_cat","embeddable":true,"href":"https:\/\/ntscalibracao.com.br\/loja\/wp-json\/wp\/v2\/product_cat?post=9409"},{"taxonomy":"product_tag","embeddable":true,"href":"https:\/\/ntscalibracao.com.br\/loja\/wp-json\/wp\/v2\/product_tag?post=9409"}],"curies":[{"name":"wp","href":"https:\/\/api.w.org\/{rel}","templated":true}]}}