{"id":9407,"date":"2021-03-12T22:42:10","date_gmt":"2021-03-13T01:42:10","guid":{"rendered":"https:\/\/ntscalibracao.com.br\/loja\/produto\/balanca-analitica-220g-4-casas-pr-series\/"},"modified":"2021-05-14T12:45:44","modified_gmt":"2021-05-14T15:45:44","slug":"balanca-analitica-220g-4-casas-pr-series","status":"publish","type":"product","link":"https:\/\/ntscalibracao.com.br\/loja\/produto\/balanca-analitica-220g-4-casas-pr-series\/","title":{"rendered":"Balan\u00e7a Anal\u00edtica 220g 4 casas PR Series"},"content":{"rendered":"<p><strong>Simplesmente o melhor custo x benef\u00edcio do mercado<\/strong><\/p>\n<p>M\u00e1ximo design para aplica\u00e7\u00f5es de pesagem de rotina em seu local de trabalho<\/p>\n<ul>\n<li>A balan\u00e7a anal\u00edtica 4 casas PR Series (antiga Ohaus AR2140) possui 3 modos de pesagem essenciais, conectividade RS-232 para transfer\u00eancia e armazenamento de dados e calibra\u00e7\u00e3o interna (modelos selecionados), ideal para aplica\u00e7\u00f5es de pesagem de rotina.<\/li>\n<li>Equipada com um display retroiluminado de f\u00e1cil leitura, e uma interface de usu\u00e1rio simples, a PR Series \u00e9 incrivelmente f\u00e1cil de operar, com quase nenhum treinamento necess\u00e1rio.<\/li>\n<li>A balan\u00e7a anal\u00edtica PR economiza espa\u00e7o na \u00e1rea de trabalho, proporcionando uma grande superf\u00edcie de pesagem. A PR \u00e9 constru\u00edda de forma dur\u00e1vel e possui uma bandeja de a\u00e7o inoxid\u00e1vel para suportar o uso di\u00e1rio.<\/li>\n<\/ul>\n<p><strong>Especifica\u00e7\u00f5es da Balan\u00e7a anal\u00edtica PR224BR 4 casas Ohaus:<\/strong><\/p>\n<p><strong>Capacidade M\u00e1xima:<\/strong>\u00a0220 g<\/p>\n<p><strong>Resolu\u00e7\u00e3o:<\/strong>\u00a00,1 mg ; 0,0001 grama<\/p>\n<p><strong>Tamanho do prato:<\/strong>\u00a090 mm<\/p>\n<p><strong>Comunica\u00e7\u00e3o:<\/strong>\u00a0RS232 (Inclu\u00edda)<\/p>\n<p><strong>Dimens\u00f5es (AxCxl):<\/strong>\u00a0303 mm x 317 mm x 201 mm<\/p>\n<p><strong>Display:<\/strong>\u00a0LCD com ilumina\u00e7\u00e3o<\/p>\n<p><strong>Peso M\u00ednimo (USP, 0,1% t\u00edpico):<\/strong>\u00a00,2 g ; 200 mg<\/p>\n<p><strong>Peso L\u00edquido:<\/strong>\u00a04,5 kg<\/p>\n<p><strong>Estrutura do Prato:<\/strong>\u00a0A\u00e7o Inoxid\u00e1vel<\/p>\n<p><strong>Alimenta\u00e7\u00e3o El\u00e9trica:<\/strong>\u00a0Adaptador CA (inclu\u00eddo)<\/p>\n<p><strong>Tempo de Estabiliza\u00e7\u00e3o:<\/strong>\u00a03 s<\/p>\n<p><strong>Faixa de Tara:<\/strong>\u00a0Para capacitar por subtra\u00e7\u00e3o<\/p>\n<p><strong>Unidades de Medi\u00e7\u00e3o:<\/strong>\u00a0Quilate;\u00a0Grama;\u00a0miligrama<\/p>\n<p><strong>Ambiente de Trabalho:<\/strong>\u00a010\u00b0C a 30\u00b0C, 80%UR, sem condensa\u00e7\u00e3o;\u00a0operacionalidade garantida entre 5\u00b0C e 40 \u00b0C<\/p>\n<p><strong>Calibra\u00e7\u00e3o Interna:<\/strong>\u00a0SIM (Modelo\u00a0<strong>PR224BR<\/strong>)<\/p>\n<p><strong>Calibra\u00e7\u00e3o Interna:<\/strong>\u00a0N\u00c3O (Modelo\u00a0<strong>PR224BR\/E<\/strong>)<\/p>\n<p><strong>OBS:<\/strong>\u00a0Calibra\u00e7\u00e3o interna (ou ajuste interno) \u00e9 um recurso tecnol\u00f3gico que as balan\u00e7as Ohaus possuem. Este recurso\u00a0dispensa\u00a0o uso de peso padr\u00e3o para a aferi\u00e7\u00e3o di\u00e1ria, mas n\u00e3o dispensa\u00a0a Calibra\u00e7\u00e3o RBC (servi\u00e7o opcional).<\/p>\n","protected":false},"excerpt":{"rendered":"<p><strong>Simplesmente o melhor custo x benef\u00edcio do mercado<\/strong><\/p>\n<p>M\u00e1ximo design para aplica\u00e7\u00f5es de pesagem de rotina em seu local de trabalho<\/p>\n<ul>\n<li>A balan\u00e7a anal\u00edtica 4 casas PR Series (antiga Ohaus AR2140) possui 3 modos de pesagem essenciais, conectividade RS-232 para transfer\u00eancia e armazenamento de dados e calibra\u00e7\u00e3o interna (modelos selecionados), ideal para aplica\u00e7\u00f5es de pesagem de rotina.<\/li>\n<li>Equipada com um display retroiluminado de f\u00e1cil leitura, e uma interface de usu\u00e1rio simples, a PR Series \u00e9 incrivelmente f\u00e1cil de operar, com quase nenhum treinamento necess\u00e1rio.<\/li>\n<li>A balan\u00e7a anal\u00edtica PR economiza espa\u00e7o na \u00e1rea de trabalho, proporcionando uma grande superf\u00edcie de pesagem. A PR \u00e9 constru\u00edda de forma dur\u00e1vel e possui uma bandeja de a\u00e7o inoxid\u00e1vel para suportar o uso di\u00e1rio.<\/li>\n<\/ul>\n","protected":false},"featured_media":9948,"comment_status":"open","ping_status":"closed","template":"","meta":[],"pwb-brand":[],"product_cat":[79,78,72],"product_tag":[],"yoast_head":"<!-- This site is optimized with the Yoast SEO Premium plugin v14.7 - https:\/\/yoast.com\/wordpress\/plugins\/seo\/ -->\n<title>Balan\u00e7a Anal\u00edtica 220g 4 casas PR Series - NTS Calibra\u00e7\u00e3o<\/title>\n<meta name=\"robots\" content=\"index, follow\" \/>\n<meta name=\"googlebot\" content=\"index, follow, max-snippet:-1, max-image-preview:large, max-video-preview:-1\" \/>\n<meta name=\"bingbot\" content=\"index, follow, max-snippet:-1, max-image-preview:large, max-video-preview:-1\" \/>\n<link rel=\"canonical\" href=\"https:\/\/ntscalibracao.com.br\/loja\/produto\/balanca-analitica-220g-4-casas-pr-series\/\" \/>\n<meta property=\"og:locale\" content=\"pt_BR\" \/>\n<meta property=\"og:type\" content=\"article\" \/>\n<meta property=\"og:title\" content=\"Balan\u00e7a Anal\u00edtica 220g 4 casas PR Series - NTS Calibra\u00e7\u00e3o\" \/>\n<meta property=\"og:description\" content=\"Simplesmente o melhor custo x benef\u00edcio do mercado  M\u00e1ximo design para aplica\u00e7\u00f5es de pesagem de rotina em seu local de trabalho   A balan\u00e7a anal\u00edtica 4 casas PR Series (antiga Ohaus AR2140) possui 3 modos de pesagem essenciais, conectividade RS-232 para transfer\u00eancia e armazenamento de dados e calibra\u00e7\u00e3o interna (modelos selecionados), ideal para aplica\u00e7\u00f5es de pesagem de rotina.  Equipada com um display retroiluminado de f\u00e1cil leitura, e uma interface de usu\u00e1rio simples, a PR Series \u00e9 incrivelmente f\u00e1cil de operar, com quase nenhum treinamento necess\u00e1rio.  A balan\u00e7a anal\u00edtica PR economiza espa\u00e7o na \u00e1rea de trabalho, proporcionando uma grande superf\u00edcie de pesagem. A PR \u00e9 constru\u00edda de forma dur\u00e1vel e possui uma bandeja de a\u00e7o inoxid\u00e1vel para suportar o uso di\u00e1rio.\" \/>\n<meta property=\"og:url\" content=\"https:\/\/ntscalibracao.com.br\/loja\/produto\/balanca-analitica-220g-4-casas-pr-series\/\" \/>\n<meta property=\"og:site_name\" content=\"NTS Calibra\u00e7\u00e3o\" \/>\n<meta property=\"article:publisher\" content=\"https:\/\/www.facebook.com\/NTS-Calibra%c3%a7%c3%a3o-de-Balan%c3%a7as-e-Instrumentos-253519321396719\" \/>\n<meta property=\"article:modified_time\" content=\"2021-05-14T15:45:44+00:00\" \/>\n<meta property=\"og:image\" content=\"https:\/\/ntscalibracao.com.br\/loja\/wp-content\/uploads\/2021\/03\/balanca-analitica-220gr-quatro-casa-pr-series.png\" \/>\n\t<meta property=\"og:image:width\" content=\"1000\" \/>\n\t<meta property=\"og:image:height\" content=\"1000\" \/>\n<meta name=\"twitter:card\" content=\"summary_large_image\" \/>\n<script type=\"application\/ld+json\" class=\"yoast-schema-graph\">{\"@context\":\"https:\/\/schema.org\",\"@graph\":[{\"@type\":\"Organization\",\"@id\":\"https:\/\/ntscalibracao.com.br\/loja\/#organization\",\"name\":\"NTS Calibra\\u00e7\\u00e3o de Balan\\u00e7as e Instrumentos\",\"url\":\"https:\/\/ntscalibracao.com.br\/loja\/\",\"sameAs\":[\"https:\/\/www.facebook.com\/NTS-Calibra\\u00e7\\u00e3o-de-Balan\\u00e7as-e-Instrumentos-253519321396719\"],\"logo\":{\"@type\":\"ImageObject\",\"@id\":\"https:\/\/ntscalibracao.com.br\/loja\/#logo\",\"inLanguage\":\"pt-BR\",\"url\":\"https:\/\/ntscalibracao.com.br\/loja\/wp-content\/uploads\/2021\/02\/cropped-logo-nts1.png\",\"width\":203,\"height\":60,\"caption\":\"NTS Calibra\\u00e7\\u00e3o de Balan\\u00e7as e Instrumentos\"},\"image\":{\"@id\":\"https:\/\/ntscalibracao.com.br\/loja\/#logo\"}},{\"@type\":\"WebSite\",\"@id\":\"https:\/\/ntscalibracao.com.br\/loja\/#website\",\"url\":\"https:\/\/ntscalibracao.com.br\/loja\/\",\"name\":\"NTS Calibra\\u00e7\\u00e3o - Loja de Balan\\u00e7as e Instrumentos de Medi\\u00e7\\u00e3o\",\"description\":\"Loja\",\"publisher\":{\"@id\":\"https:\/\/ntscalibracao.com.br\/loja\/#organization\"},\"potentialAction\":[{\"@type\":\"SearchAction\",\"target\":\"https:\/\/ntscalibracao.com.br\/loja\/?s={search_term_string}\",\"query-input\":\"required name=search_term_string\"}],\"inLanguage\":\"pt-BR\"},{\"@type\":\"ImageObject\",\"@id\":\"https:\/\/ntscalibracao.com.br\/loja\/produto\/balanca-analitica-220g-4-casas-pr-series\/#primaryimage\",\"inLanguage\":\"pt-BR\",\"url\":\"https:\/\/ntscalibracao.com.br\/loja\/wp-content\/uploads\/2021\/03\/balanca-analitica-220gr-quatro-casa-pr-series.png\",\"width\":1000,\"height\":1000},{\"@type\":\"WebPage\",\"@id\":\"https:\/\/ntscalibracao.com.br\/loja\/produto\/balanca-analitica-220g-4-casas-pr-series\/#webpage\",\"url\":\"https:\/\/ntscalibracao.com.br\/loja\/produto\/balanca-analitica-220g-4-casas-pr-series\/\",\"name\":\"Balan\\u00e7a Anal\\u00edtica 220g 4 casas PR Series - NTS Calibra\\u00e7\\u00e3o\",\"isPartOf\":{\"@id\":\"https:\/\/ntscalibracao.com.br\/loja\/#website\"},\"primaryImageOfPage\":{\"@id\":\"https:\/\/ntscalibracao.com.br\/loja\/produto\/balanca-analitica-220g-4-casas-pr-series\/#primaryimage\"},\"datePublished\":\"2021-03-13T01:42:10+00:00\",\"dateModified\":\"2021-05-14T15:45:44+00:00\",\"inLanguage\":\"pt-BR\",\"potentialAction\":[{\"@type\":\"ReadAction\",\"target\":[\"https:\/\/ntscalibracao.com.br\/loja\/produto\/balanca-analitica-220g-4-casas-pr-series\/\"]}]}]}<\/script>\n<!-- \/ Yoast SEO Premium plugin. -->","brands":[],"_links":{"self":[{"href":"https:\/\/ntscalibracao.com.br\/loja\/wp-json\/wp\/v2\/product\/9407"}],"collection":[{"href":"https:\/\/ntscalibracao.com.br\/loja\/wp-json\/wp\/v2\/product"}],"about":[{"href":"https:\/\/ntscalibracao.com.br\/loja\/wp-json\/wp\/v2\/types\/product"}],"replies":[{"embeddable":true,"href":"https:\/\/ntscalibracao.com.br\/loja\/wp-json\/wp\/v2\/comments?post=9407"}],"wp:featuredmedia":[{"embeddable":true,"href":"https:\/\/ntscalibracao.com.br\/loja\/wp-json\/wp\/v2\/media\/9948"}],"wp:attachment":[{"href":"https:\/\/ntscalibracao.com.br\/loja\/wp-json\/wp\/v2\/media?parent=9407"}],"wp:term":[{"taxonomy":"pwb-brand","embeddable":true,"href":"https:\/\/ntscalibracao.com.br\/loja\/wp-json\/wp\/v2\/pwb-brand?post=9407"},{"taxonomy":"product_cat","embeddable":true,"href":"https:\/\/ntscalibracao.com.br\/loja\/wp-json\/wp\/v2\/product_cat?post=9407"},{"taxonomy":"product_tag","embeddable":true,"href":"https:\/\/ntscalibracao.com.br\/loja\/wp-json\/wp\/v2\/product_tag?post=9407"}],"curies":[{"name":"wp","href":"https:\/\/api.w.org\/{rel}","templated":true}]}}