{"id":9399,"date":"2021-03-12T22:41:46","date_gmt":"2021-03-13T01:41:46","guid":{"rendered":"https:\/\/ntscalibracao.com.br\/loja\/produto\/balanca-analitica-explorer-220g\/"},"modified":"2021-05-28T11:59:26","modified_gmt":"2021-05-28T14:59:26","slug":"balanca-analitica-explorer-220g","status":"publish","type":"product","link":"https:\/\/ntscalibracao.com.br\/loja\/produto\/balanca-analitica-explorer-220g\/","title":{"rendered":"Balan\u00e7a Anal\u00edtica Explorer 220g"},"content":{"rendered":"<p>Com o intuito de atender \u00e0s mais exigentes normas, a Ohaus traz a linha Explorer. Ela \u00e9, portanto, completa e veio para facilitar as mais complexas rotinas de pesagem. Em outras palavras, tenha todos os recursos na bancada de seu laborat\u00f3rio com a mais alta confiabilidade. Ali\u00e1s, somente um fabricante com mais de um s\u00e9culo de tradi\u00e7\u00e3o em pesagens laboratoriais e industriais para garantir tanta qualidade.<\/p>\n<p>A linha Explorer \u00e9 a categoria Profissional de balan\u00e7as de precis\u00e3o da Ohaus e como resultado de tantos recursos tecnol\u00f3gicos ela est\u00e1 de acordo com a norma FDA CFR 21 Part 11.<\/p>\n<p><strong>INFORMA\u00c7\u00d5ES T\u00c9CNICAS:<\/strong><\/p>\n<p><strong>Capacidade M\u00e1xima:<\/strong>\u00a0220 g<\/p>\n<p><strong>Resolu\u00e7\u00e3o:<\/strong>\u00a00,1 mg<\/p>\n<p><strong>Tamanho do prato:<\/strong>\u00a090 mm<\/p>\n<p><strong>Calibra\u00e7\u00e3o:<\/strong>\u00a0SIM AutoCal\u00a0Autom\u00e1tico<\/p>\n<p><strong>Capela:<\/strong>\u00a0Incluso<\/p>\n<p><strong>Porta Autom\u00e1tica:<\/strong>\u00a0APENAS no modelo EX224\/AD (Sob consulta)<\/p>\n<p><strong>Comunica\u00e7\u00e3o:<\/strong>\u00a0RS232 (Inclusa); USB (Inclusa); Ethernet (Dispon\u00edvel como Acess\u00f3rio)<\/p>\n<p><strong>Dimens\u00f5es (AxCxl):<\/strong>\u00a0350 mm x 393 mm x 230 mm<\/p>\n<p><strong>Display:<\/strong>\u00a0Colorido 5.7 em VGA, sens\u00edvel ao toque<\/p>\n<p><strong>Peso M\u00ednimo (USP, 0,1% t\u00edpico):<\/strong>\u00a00,16 g<\/p>\n<p><strong>Peso L\u00edquido:<\/strong>\u00a06,9 kg<\/p>\n<p><strong>Estrutura do Prato:<\/strong>\u00a0A\u00e7o Inoxid\u00e1vel<\/p>\n<p><strong>Alimenta\u00e7\u00e3o<\/strong>\u00a0<strong>El\u00e9trica:<\/strong>\u00a0Adaptador CA (Incluso)<\/p>\n<p><strong>Tempo de Estabiliza\u00e7\u00e3o:<\/strong>\u00a02 s<\/p>\n<p><strong>Faixa de Tara:<\/strong>\u00a0Para capacidade por subtra\u00e7\u00e3o<\/p>\n<p><strong>Unidades de Medi\u00e7\u00e3o:<\/strong>\u00a0Baht; Quilate; Personalizada; gr\u00e3o; Grama; Quilograma; Mesghal; miligrama; Momme; Newton; On\u00e7a; On\u00e7a Troy; Pennyweight; Libra;<\/p>\n<p><strong>Ambiente de trabalho:<\/strong>\u00a010\u00b0C a 30\u00b0C, 85%UR, sem condensa\u00e7\u00e3o<\/p>\n<p><strong>Linha de produtos:\u00a0<\/strong>Balan\u00e7a de precis\u00e3o anal\u00edtica 4 casas<\/p>\n","protected":false},"excerpt":{"rendered":"<p>Com o intuito de atender \u00e0s mais exigentes normas, a Ohaus traz a linha Explorer. Ela \u00e9, portanto, completa e veio para facilitar as mais complexas rotinas de pesagem. Em outras palavras, tenha todos os recursos na bancada de seu laborat\u00f3rio com a mais alta confiabilidade. Ali\u00e1s, somente um fabricante com mais de um s\u00e9culo de tradi\u00e7\u00e3o em pesagens laboratoriais e industriais para garantir tanta qualidade.<\/p>\n<p>A linha Explorer \u00e9 a categoria Profissional de balan\u00e7as de precis\u00e3o da Ohaus e como resultado de tantos recursos tecnol\u00f3gicos ela est\u00e1 de acordo com a norma FDA CFR 21 Part 11.<\/p>\n","protected":false},"featured_media":9951,"comment_status":"open","ping_status":"closed","template":"","meta":[],"pwb-brand":[],"product_cat":[79,78,72],"product_tag":[],"yoast_head":"<!-- This site is optimized with the Yoast SEO Premium plugin v14.7 - https:\/\/yoast.com\/wordpress\/plugins\/seo\/ -->\n<title>Balan\u00e7a Anal\u00edtica Explorer 220g - NTS Calibra\u00e7\u00e3o<\/title>\n<meta name=\"robots\" content=\"index, follow\" \/>\n<meta name=\"googlebot\" content=\"index, follow, max-snippet:-1, max-image-preview:large, max-video-preview:-1\" \/>\n<meta name=\"bingbot\" content=\"index, follow, max-snippet:-1, max-image-preview:large, max-video-preview:-1\" \/>\n<link rel=\"canonical\" href=\"https:\/\/ntscalibracao.com.br\/loja\/produto\/balanca-analitica-explorer-220g\/\" \/>\n<meta property=\"og:locale\" content=\"pt_BR\" \/>\n<meta property=\"og:type\" content=\"article\" \/>\n<meta property=\"og:title\" content=\"Balan\u00e7a Anal\u00edtica Explorer 220g - NTS Calibra\u00e7\u00e3o\" \/>\n<meta property=\"og:description\" content=\"Com o intuito de atender \u00e0s mais exigentes normas, a Ohaus traz a linha Explorer. Ela \u00e9, portanto, completa e veio para facilitar as mais complexas rotinas de pesagem. Em outras palavras, tenha todos os recursos na bancada de seu laborat\u00f3rio com a mais alta confiabilidade. Ali\u00e1s, somente um fabricante com mais de um s\u00e9culo de tradi\u00e7\u00e3o em pesagens laboratoriais e industriais para garantir tanta qualidade.  A linha Explorer \u00e9 a categoria Profissional de balan\u00e7as de precis\u00e3o da Ohaus e como resultado de tantos recursos tecnol\u00f3gicos ela est\u00e1 de acordo com a norma FDA CFR 21 Part 11.\" \/>\n<meta property=\"og:url\" content=\"https:\/\/ntscalibracao.com.br\/loja\/produto\/balanca-analitica-explorer-220g\/\" \/>\n<meta property=\"og:site_name\" content=\"NTS Calibra\u00e7\u00e3o\" \/>\n<meta property=\"article:publisher\" content=\"https:\/\/www.facebook.com\/NTS-Calibra%c3%a7%c3%a3o-de-Balan%c3%a7as-e-Instrumentos-253519321396719\" \/>\n<meta property=\"article:modified_time\" content=\"2021-05-28T14:59:26+00:00\" \/>\n<meta property=\"og:image\" content=\"https:\/\/ntscalibracao.com.br\/loja\/wp-content\/uploads\/2021\/03\/balanca-analitica-explorer-220-gr.png\" \/>\n\t<meta property=\"og:image:width\" content=\"1000\" \/>\n\t<meta property=\"og:image:height\" content=\"1000\" \/>\n<meta name=\"twitter:card\" content=\"summary_large_image\" \/>\n<script type=\"application\/ld+json\" class=\"yoast-schema-graph\">{\"@context\":\"https:\/\/schema.org\",\"@graph\":[{\"@type\":\"Organization\",\"@id\":\"https:\/\/ntscalibracao.com.br\/loja\/#organization\",\"name\":\"NTS Calibra\\u00e7\\u00e3o de Balan\\u00e7as e Instrumentos\",\"url\":\"https:\/\/ntscalibracao.com.br\/loja\/\",\"sameAs\":[\"https:\/\/www.facebook.com\/NTS-Calibra\\u00e7\\u00e3o-de-Balan\\u00e7as-e-Instrumentos-253519321396719\"],\"logo\":{\"@type\":\"ImageObject\",\"@id\":\"https:\/\/ntscalibracao.com.br\/loja\/#logo\",\"inLanguage\":\"pt-BR\",\"url\":\"https:\/\/ntscalibracao.com.br\/loja\/wp-content\/uploads\/2021\/02\/cropped-logo-nts1.png\",\"width\":203,\"height\":60,\"caption\":\"NTS Calibra\\u00e7\\u00e3o de Balan\\u00e7as e Instrumentos\"},\"image\":{\"@id\":\"https:\/\/ntscalibracao.com.br\/loja\/#logo\"}},{\"@type\":\"WebSite\",\"@id\":\"https:\/\/ntscalibracao.com.br\/loja\/#website\",\"url\":\"https:\/\/ntscalibracao.com.br\/loja\/\",\"name\":\"NTS Calibra\\u00e7\\u00e3o - Loja de Balan\\u00e7as e Instrumentos de Medi\\u00e7\\u00e3o\",\"description\":\"Loja\",\"publisher\":{\"@id\":\"https:\/\/ntscalibracao.com.br\/loja\/#organization\"},\"potentialAction\":[{\"@type\":\"SearchAction\",\"target\":\"https:\/\/ntscalibracao.com.br\/loja\/?s={search_term_string}\",\"query-input\":\"required name=search_term_string\"}],\"inLanguage\":\"pt-BR\"},{\"@type\":\"ImageObject\",\"@id\":\"https:\/\/ntscalibracao.com.br\/loja\/produto\/balanca-analitica-explorer-220g\/#primaryimage\",\"inLanguage\":\"pt-BR\",\"url\":\"https:\/\/ntscalibracao.com.br\/loja\/wp-content\/uploads\/2021\/03\/balanca-analitica-explorer-220-gr.png\",\"width\":1000,\"height\":1000},{\"@type\":\"WebPage\",\"@id\":\"https:\/\/ntscalibracao.com.br\/loja\/produto\/balanca-analitica-explorer-220g\/#webpage\",\"url\":\"https:\/\/ntscalibracao.com.br\/loja\/produto\/balanca-analitica-explorer-220g\/\",\"name\":\"Balan\\u00e7a Anal\\u00edtica Explorer 220g - NTS Calibra\\u00e7\\u00e3o\",\"isPartOf\":{\"@id\":\"https:\/\/ntscalibracao.com.br\/loja\/#website\"},\"primaryImageOfPage\":{\"@id\":\"https:\/\/ntscalibracao.com.br\/loja\/produto\/balanca-analitica-explorer-220g\/#primaryimage\"},\"datePublished\":\"2021-03-13T01:41:46+00:00\",\"dateModified\":\"2021-05-28T14:59:26+00:00\",\"inLanguage\":\"pt-BR\",\"potentialAction\":[{\"@type\":\"ReadAction\",\"target\":[\"https:\/\/ntscalibracao.com.br\/loja\/produto\/balanca-analitica-explorer-220g\/\"]}]}]}<\/script>\n<!-- \/ Yoast SEO Premium plugin. -->","brands":[],"_links":{"self":[{"href":"https:\/\/ntscalibracao.com.br\/loja\/wp-json\/wp\/v2\/product\/9399"}],"collection":[{"href":"https:\/\/ntscalibracao.com.br\/loja\/wp-json\/wp\/v2\/product"}],"about":[{"href":"https:\/\/ntscalibracao.com.br\/loja\/wp-json\/wp\/v2\/types\/product"}],"replies":[{"embeddable":true,"href":"https:\/\/ntscalibracao.com.br\/loja\/wp-json\/wp\/v2\/comments?post=9399"}],"wp:featuredmedia":[{"embeddable":true,"href":"https:\/\/ntscalibracao.com.br\/loja\/wp-json\/wp\/v2\/media\/9951"}],"wp:attachment":[{"href":"https:\/\/ntscalibracao.com.br\/loja\/wp-json\/wp\/v2\/media?parent=9399"}],"wp:term":[{"taxonomy":"pwb-brand","embeddable":true,"href":"https:\/\/ntscalibracao.com.br\/loja\/wp-json\/wp\/v2\/pwb-brand?post=9399"},{"taxonomy":"product_cat","embeddable":true,"href":"https:\/\/ntscalibracao.com.br\/loja\/wp-json\/wp\/v2\/product_cat?post=9399"},{"taxonomy":"product_tag","embeddable":true,"href":"https:\/\/ntscalibracao.com.br\/loja\/wp-json\/wp\/v2\/product_tag?post=9399"}],"curies":[{"name":"wp","href":"https:\/\/api.w.org\/{rel}","templated":true}]}}