{"id":9373,"date":"2021-03-12T22:40:33","date_gmt":"2021-03-13T01:40:33","guid":{"rendered":"https:\/\/ntscalibracao.com.br\/loja\/produto\/balanca-analitica-5-casas-85g-new-pioneer-px\/"},"modified":"2021-05-12T15:56:04","modified_gmt":"2021-05-12T18:56:04","slug":"balanca-analitica-5-casas-85g-new-pioneer-px","status":"publish","type":"product","link":"https:\/\/ntscalibracao.com.br\/loja\/produto\/balanca-analitica-5-casas-85g-new-pioneer-px\/","title":{"rendered":"Balan\u00e7a Anal\u00edtica 5 casas 85g New Pioneer PX"},"content":{"rendered":"<p style=\"font-family: Poppins, sans-serif; margin-bottom: 10px; padding: 0px; border: 0px; font-size: 16px; color: #333333; text-align: justify;\"><strong style=\"font-family: inherit; margin: 0px; padding: 0px;\">Tela<\/strong><\/p>\n<p style=\"font-family: Poppins, sans-serif; margin-bottom: 10px; padding: 0px; border: 0px; font-size: 16px; color: #333333; text-align: justify;\">Visor de cristal l\u00edquido retroiluminado (LCD); exibi\u00e7\u00e3o de segunda linha para informa\u00e7\u00f5es adicionais ou orienta\u00e7\u00e3o (matriz de pontos)<\/p>\n<p style=\"font-family: Poppins, sans-serif; margin-bottom: 10px; padding: 0px; border: 0px; font-size: 16px; color: #333333; text-align: justify;\"><strong style=\"font-family: inherit; margin: 0px; padding: 0px;\">Opera\u00e7\u00e3o<\/strong><\/p>\n<p style=\"font-family: Poppins, sans-serif; margin-bottom: 10px; padding: 0px; border: 0px; font-size: 16px; color: #333333; text-align: justify;\">Adaptador CA (incluso)<\/p>\n<p style=\"font-family: Poppins, sans-serif; margin-bottom: 10px; padding: 0px; border: 0px; font-size: 16px; color: #333333; text-align: justify;\"><strong style=\"font-family: inherit; margin: 0px; padding: 0px;\">Comunica\u00e7\u00e3o<\/strong><\/p>\n<p style=\"font-family: Poppins, sans-serif; margin-bottom: 10px; padding: 0px; border: 0px; font-size: 16px; color: #333333; text-align: justify;\">RS232 e dispositivo USB (inclu\u00eddo); Sa\u00edda de dados GLP \/ GMP com rel\u00f3gio em tempo real (exceto vers\u00e3o US)<\/p>\n<p style=\"font-family: Poppins, sans-serif; margin-bottom: 10px; padding: 0px; border: 0px; font-size: 16px; color: #333333; text-align: justify;\"><strong style=\"font-family: inherit; margin: 0px; padding: 0px;\">Constru\u00e7\u00e3o<\/strong><\/p>\n<p style=\"font-family: Poppins, sans-serif; margin-bottom: 10px; padding: 0px; border: 0px; font-size: 16px; color: #333333; text-align: justify;\">A fim de conferir uma maior robustez, a balan\u00e7a semi-micro Ohaus possui base de metal, inv\u00f3lucro superior de pl\u00e1stico, bandeja de a\u00e7o inoxid\u00e1vel remov\u00edvel, capela de vidro, gancho de pesagem inferior integrado, suporte de seguran\u00e7a, trava de calibra\u00e7\u00e3o e prote\u00e7\u00e3o de uso<\/p>\n<p style=\"font-family: Poppins, sans-serif; margin-bottom: 10px; padding: 0px; border: 0px; font-size: 16px; color: #333333; text-align: justify;\"><strong style=\"font-family: inherit; margin: 0px; padding: 0px;\">Caracter\u00edsticas do Design<\/strong><\/p>\n<p style=\"font-family: Poppins, sans-serif; margin-bottom: 10px; padding: 0px; border: 0px; font-size: 16px; color: #333333; text-align: justify;\">Filtros ambientais selecion\u00e1veis pelo usu\u00e1rio e configura\u00e7\u00f5es de brilho, auto-tara, dim auto, pontos de calibra\u00e7\u00e3o selecion\u00e1veis pelo usu\u00e1rio, bloqueio de software e menu de reset, configura\u00e7\u00f5es de comunica\u00e7\u00e3o selecion\u00e1veis pelo usu\u00e1rio e op\u00e7\u00f5es de impress\u00e3o de dados, IDs de usu\u00e1rio e projeto definidos pelo usu\u00e1rio, indicador de sobrecarga \/ subcarga, indicador de estabilidade, quatro linguagens operacionais<\/p>\n<h4 style=\"font-family: Poppins, sans-serif; margin: 10px 0px; padding: 0px; font-size: 18px; font-weight: 500; line-height: 1.1; color: #333333; text-align: justify;\"><strong style=\"font-family: inherit; margin: 0px; padding: 0px;\">\u00a0<\/strong><strong style=\"font-family: inherit; margin: 0px; padding: 0px;\">INFORMA\u00c7\u00d5ES T\u00c9CNICAS:<\/strong><\/h4>\n<p style=\"font-family: Poppins, sans-serif; margin-bottom: 10px; padding: 0px; border: 0px; font-size: 16px; color: #333333; text-align: justify;\"><strong style=\"font-family: inherit; margin: 0px; padding: 0px;\">Capacidade M\u00e1xima:<\/strong>\u00a082 gramas<\/p>\n<p style=\"font-family: Poppins, sans-serif; margin-bottom: 10px; padding: 0px; border: 0px; font-size: 16px; color: #333333; text-align: justify;\"><strong style=\"font-family: inherit; margin: 0px; padding: 0px;\">Resolu\u00e7\u00e3o:<\/strong>\u00a00,01 mg ; 0,00001 g<\/p>\n<p style=\"font-family: Poppins, sans-serif; margin-bottom: 10px; padding: 0px; border: 0px; font-size: 16px; color: #333333; text-align: justify;\"><strong style=\"font-family: inherit; margin: 0px; padding: 0px;\">Tamanho do prato:<\/strong>\u00a080 mm<\/p>\n<p style=\"font-family: Poppins, sans-serif; margin-bottom: 10px; padding: 0px; border: 0px; font-size: 16px; color: #333333; text-align: justify;\"><strong style=\"font-family: inherit; margin: 0px; padding: 0px;\">Calibra\u00e7\u00e3o Interna:<\/strong>\u00a0SIM<\/p>\n<p style=\"font-family: Poppins, sans-serif; margin-bottom: 10px; padding: 0px; border: 0px; font-size: 16px; color: #333333; text-align: justify;\"><strong style=\"font-family: inherit; margin: 0px; padding: 0px;\">Capela:<\/strong>\u00a0Incluso<\/p>\n<p style=\"font-family: Poppins, sans-serif; margin-bottom: 10px; padding: 0px; border: 0px; font-size: 16px; color: #333333; text-align: justify;\"><strong style=\"font-family: inherit; margin: 0px; padding: 0px;\">Comunica\u00e7\u00e3o:<\/strong>\u00a0RS232 (Inclusa); USB (Inclusa)<\/p>\n<p style=\"font-family: Poppins, sans-serif; margin-bottom: 10px; padding: 0px; border: 0px; font-size: 16px; color: #333333; text-align: justify;\"><strong style=\"font-family: inherit; margin: 0px; padding: 0px;\">Dimens\u00f5es (AxCxl):<\/strong>\u00a0309 mm x 321 mm x 209 mm<\/p>\n<p style=\"font-family: Poppins, sans-serif; margin-bottom: 10px; padding: 0px; border: 0px; font-size: 16px; color: #333333; text-align: justify;\"><strong style=\"font-family: inherit; margin: 0px; padding: 0px;\">Display:<\/strong>\u00a0LCD com duas linhas com ilumina\u00e7\u00e3o<\/p>\n<p style=\"font-family: Poppins, sans-serif; margin-bottom: 10px; padding: 0px; border: 0px; font-size: 16px; color: #333333; text-align: justify;\"><strong style=\"font-family: inherit; margin: 0px; padding: 0px;\">Tampa durante o uso:<\/strong>\u00a0Incluso<\/p>\n<p style=\"font-family: Poppins, sans-serif; margin-bottom: 10px; padding: 0px; border: 0px; font-size: 16px; color: #333333; text-align: justify;\"><strong style=\"font-family: inherit; margin: 0px; padding: 0px;\">Peso L\u00edquido:<\/strong>\u00a04,5 kg<\/p>\n<p style=\"font-family: Poppins, sans-serif; margin-bottom: 10px; padding: 0px; border: 0px; font-size: 16px; color: #333333; text-align: justify;\"><strong style=\"font-family: inherit; margin: 0px; padding: 0px;\">Estrutura do Prato:<\/strong>\u00a0A\u00e7o Inoxid\u00e1vel<\/p>\n<p style=\"font-family: Poppins, sans-serif; margin-bottom: 10px; padding: 0px; border: 0px; font-size: 16px; color: #333333; text-align: justify;\"><strong style=\"font-family: inherit; margin: 0px; padding: 0px;\">Alimenta\u00e7\u00e3o<\/strong>\u00a0<strong style=\"font-family: inherit; margin: 0px; padding: 0px;\">El\u00e9trica:<\/strong>\u00a0Adaptador CA (Incluso)<\/p>\n<p style=\"font-family: Poppins, sans-serif; margin-bottom: 10px; padding: 0px; border: 0px; font-size: 16px; color: #333333; text-align: justify;\"><strong style=\"font-family: inherit; margin: 0px; padding: 0px;\">Tempo de Estabiliza\u00e7\u00e3o:<\/strong>\u00a010 s<\/p>\n<p style=\"font-family: Poppins, sans-serif; margin-bottom: 10px; padding: 0px; border: 0px; font-size: 16px; color: #333333; text-align: justify;\"><strong style=\"font-family: inherit; margin: 0px; padding: 0px;\">Faixa de Tara:<\/strong>\u00a0Para capacidade por subtra\u00e7\u00e3o<\/p>\n<p style=\"font-family: Poppins, sans-serif; margin-bottom: 10px; padding: 0px; border: 0px; font-size: 16px; color: #333333; text-align: justify;\"><strong style=\"font-family: inherit; margin: 0px; padding: 0px;\">Unidades de Medi\u00e7\u00e3o:<\/strong>\u00a0Quilate; Personalizada; gr\u00e3o; Grama; Quilograma; miligrama; Momme; Newton; Pennyweight; Libra;<\/p>\n<p style=\"font-family: Poppins, sans-serif; margin-bottom: 10px; padding: 0px; border: 0px; font-size: 16px; color: #333333; text-align: justify;\"><strong style=\"font-family: inherit; margin: 0px; padding: 0px;\">Ambiente de trabalho:<\/strong>\u00a010\u00b0C a 30\u00b0C, 80%UR, sem condensa\u00e7\u00e3o;\u00a0 operacionalidade garantida entre 5\u00b0C e 40 \u00b0C<\/p>\n","protected":false},"excerpt":{"rendered":"<p>Pesagem B\u00e1sica, Contagem de Pe\u00e7as, Pesagem em Percentual, Pesagem de Animais, Determina\u00e7\u00e3o de Densidade<\/p>\n","protected":false},"featured_media":9963,"comment_status":"open","ping_status":"closed","template":"","meta":[],"pwb-brand":[],"product_cat":[78],"product_tag":[],"yoast_head":"<!-- This site is optimized with the Yoast SEO Premium plugin v14.7 - https:\/\/yoast.com\/wordpress\/plugins\/seo\/ -->\n<title>Balan\u00e7a Anal\u00edtica 5 casas 85g New Pioneer PX - NTS Calibra\u00e7\u00e3o<\/title>\n<meta name=\"robots\" content=\"index, follow\" \/>\n<meta name=\"googlebot\" content=\"index, follow, max-snippet:-1, max-image-preview:large, max-video-preview:-1\" \/>\n<meta name=\"bingbot\" content=\"index, follow, max-snippet:-1, max-image-preview:large, max-video-preview:-1\" \/>\n<link rel=\"canonical\" href=\"https:\/\/ntscalibracao.com.br\/loja\/produto\/balanca-analitica-5-casas-85g-new-pioneer-px\/\" \/>\n<meta property=\"og:locale\" content=\"pt_BR\" \/>\n<meta property=\"og:type\" content=\"article\" \/>\n<meta property=\"og:title\" content=\"Balan\u00e7a Anal\u00edtica 5 casas 85g New Pioneer PX - NTS Calibra\u00e7\u00e3o\" \/>\n<meta property=\"og:description\" content=\"Pesagem B\u00e1sica, Contagem de Pe\u00e7as, Pesagem em Percentual, Pesagem de Animais, Determina\u00e7\u00e3o de Densidade\" \/>\n<meta property=\"og:url\" content=\"https:\/\/ntscalibracao.com.br\/loja\/produto\/balanca-analitica-5-casas-85g-new-pioneer-px\/\" \/>\n<meta property=\"og:site_name\" content=\"NTS Calibra\u00e7\u00e3o\" \/>\n<meta property=\"article:publisher\" content=\"https:\/\/www.facebook.com\/NTS-Calibra%c3%a7%c3%a3o-de-Balan%c3%a7as-e-Instrumentos-253519321396719\" \/>\n<meta property=\"article:modified_time\" content=\"2021-05-12T18:56:04+00:00\" \/>\n<meta property=\"og:image\" content=\"https:\/\/ntscalibracao.com.br\/loja\/wp-content\/uploads\/2021\/03\/balanca-analitica-5-casas-85g-nem-pioneer-px.png\" \/>\n\t<meta property=\"og:image:width\" content=\"1000\" \/>\n\t<meta property=\"og:image:height\" content=\"1000\" \/>\n<meta name=\"twitter:card\" content=\"summary_large_image\" \/>\n<script type=\"application\/ld+json\" class=\"yoast-schema-graph\">{\"@context\":\"https:\/\/schema.org\",\"@graph\":[{\"@type\":\"Organization\",\"@id\":\"https:\/\/ntscalibracao.com.br\/loja\/#organization\",\"name\":\"NTS Calibra\\u00e7\\u00e3o de Balan\\u00e7as e Instrumentos\",\"url\":\"https:\/\/ntscalibracao.com.br\/loja\/\",\"sameAs\":[\"https:\/\/www.facebook.com\/NTS-Calibra\\u00e7\\u00e3o-de-Balan\\u00e7as-e-Instrumentos-253519321396719\"],\"logo\":{\"@type\":\"ImageObject\",\"@id\":\"https:\/\/ntscalibracao.com.br\/loja\/#logo\",\"inLanguage\":\"pt-BR\",\"url\":\"https:\/\/ntscalibracao.com.br\/loja\/wp-content\/uploads\/2021\/02\/cropped-logo-nts1.png\",\"width\":203,\"height\":60,\"caption\":\"NTS Calibra\\u00e7\\u00e3o de Balan\\u00e7as e Instrumentos\"},\"image\":{\"@id\":\"https:\/\/ntscalibracao.com.br\/loja\/#logo\"}},{\"@type\":\"WebSite\",\"@id\":\"https:\/\/ntscalibracao.com.br\/loja\/#website\",\"url\":\"https:\/\/ntscalibracao.com.br\/loja\/\",\"name\":\"NTS Calibra\\u00e7\\u00e3o - Loja de Balan\\u00e7as e Instrumentos de Medi\\u00e7\\u00e3o\",\"description\":\"Loja\",\"publisher\":{\"@id\":\"https:\/\/ntscalibracao.com.br\/loja\/#organization\"},\"potentialAction\":[{\"@type\":\"SearchAction\",\"target\":\"https:\/\/ntscalibracao.com.br\/loja\/?s={search_term_string}\",\"query-input\":\"required name=search_term_string\"}],\"inLanguage\":\"pt-BR\"},{\"@type\":\"ImageObject\",\"@id\":\"https:\/\/ntscalibracao.com.br\/loja\/produto\/balanca-analitica-5-casas-85g-new-pioneer-px\/#primaryimage\",\"inLanguage\":\"pt-BR\",\"url\":\"https:\/\/ntscalibracao.com.br\/loja\/wp-content\/uploads\/2021\/03\/balanca-analitica-5-casas-85g-nem-pioneer-px.png\",\"width\":1000,\"height\":1000},{\"@type\":\"WebPage\",\"@id\":\"https:\/\/ntscalibracao.com.br\/loja\/produto\/balanca-analitica-5-casas-85g-new-pioneer-px\/#webpage\",\"url\":\"https:\/\/ntscalibracao.com.br\/loja\/produto\/balanca-analitica-5-casas-85g-new-pioneer-px\/\",\"name\":\"Balan\\u00e7a Anal\\u00edtica 5 casas 85g New Pioneer PX - NTS Calibra\\u00e7\\u00e3o\",\"isPartOf\":{\"@id\":\"https:\/\/ntscalibracao.com.br\/loja\/#website\"},\"primaryImageOfPage\":{\"@id\":\"https:\/\/ntscalibracao.com.br\/loja\/produto\/balanca-analitica-5-casas-85g-new-pioneer-px\/#primaryimage\"},\"datePublished\":\"2021-03-13T01:40:33+00:00\",\"dateModified\":\"2021-05-12T18:56:04+00:00\",\"inLanguage\":\"pt-BR\",\"potentialAction\":[{\"@type\":\"ReadAction\",\"target\":[\"https:\/\/ntscalibracao.com.br\/loja\/produto\/balanca-analitica-5-casas-85g-new-pioneer-px\/\"]}]}]}<\/script>\n<!-- \/ Yoast SEO Premium plugin. -->","brands":[],"_links":{"self":[{"href":"https:\/\/ntscalibracao.com.br\/loja\/wp-json\/wp\/v2\/product\/9373"}],"collection":[{"href":"https:\/\/ntscalibracao.com.br\/loja\/wp-json\/wp\/v2\/product"}],"about":[{"href":"https:\/\/ntscalibracao.com.br\/loja\/wp-json\/wp\/v2\/types\/product"}],"replies":[{"embeddable":true,"href":"https:\/\/ntscalibracao.com.br\/loja\/wp-json\/wp\/v2\/comments?post=9373"}],"wp:featuredmedia":[{"embeddable":true,"href":"https:\/\/ntscalibracao.com.br\/loja\/wp-json\/wp\/v2\/media\/9963"}],"wp:attachment":[{"href":"https:\/\/ntscalibracao.com.br\/loja\/wp-json\/wp\/v2\/media?parent=9373"}],"wp:term":[{"taxonomy":"pwb-brand","embeddable":true,"href":"https:\/\/ntscalibracao.com.br\/loja\/wp-json\/wp\/v2\/pwb-brand?post=9373"},{"taxonomy":"product_cat","embeddable":true,"href":"https:\/\/ntscalibracao.com.br\/loja\/wp-json\/wp\/v2\/product_cat?post=9373"},{"taxonomy":"product_tag","embeddable":true,"href":"https:\/\/ntscalibracao.com.br\/loja\/wp-json\/wp\/v2\/product_tag?post=9373"}],"curies":[{"name":"wp","href":"https:\/\/api.w.org\/{rel}","templated":true}]}}