{"id":9361,"date":"2021-03-12T22:39:58","date_gmt":"2021-03-13T01:39:58","guid":{"rendered":"https:\/\/ntscalibracao.com.br\/loja\/produto\/balanca-de-precisao-8200g-1-casa-pr-series\/"},"modified":"2021-05-14T12:54:06","modified_gmt":"2021-05-14T15:54:06","slug":"balanca-de-precisao-8200g-1-casa-pr-series","status":"publish","type":"product","link":"https:\/\/ntscalibracao.com.br\/loja\/produto\/balanca-de-precisao-8200g-1-casa-pr-series\/","title":{"rendered":"Balan\u00e7a de Precis\u00e3o 8200g 1 casa PR Series"},"content":{"rendered":"","protected":false},"excerpt":{"rendered":"<p style=\"font-family: Poppins, sans-serif; margin-bottom: 10px; padding: 0px; border: 0px; font-size: 16px; color: #333333; text-align: justify;\">Pesagem, Contagem de pe\u00e7as, Porcentagem, Checagem Peso, Totaliza\u00e7\u00e3o, Determina\u00e7\u00e3o de densidade, Reten\u00e7\u00e3o do peso<\/p>\n<p style=\"font-family: Poppins, sans-serif; margin-bottom: 10px; padding: 0px; border: 0px; font-size: 16px; color: #333333; text-align: justify;\"><strong style=\"font-family: inherit; margin: 0px; padding: 0px;\">Tela<\/strong><\/p>\n<p style=\"font-family: Poppins, sans-serif; margin-bottom: 10px; padding: 0px; border: 0px; font-size: 16px; color: #333333; text-align: justify;\">Tela de Cristal L\u00edquido (LCD) com Luz de Fundo<\/p>\n<p style=\"font-family: Poppins, sans-serif; margin-bottom: 10px; padding: 0px; border: 0px; font-size: 16px; color: #333333; text-align: justify;\"><strong style=\"font-family: inherit; margin: 0px; padding: 0px;\">Opera\u00e7\u00e3o<\/strong><\/p>\n<p style=\"font-family: Poppins, sans-serif; margin-bottom: 10px; padding: 0px; border: 0px; font-size: 16px; color: #333333; text-align: justify;\">Adaptador CA (inclu\u00eddo) ou 4 pilhas AA (n\u00e3o inclu\u00eddas)<\/p>\n<p style=\"font-family: Poppins, sans-serif; margin-bottom: 10px; padding: 0px; border: 0px; font-size: 16px; color: #333333; text-align: justify;\"><strong style=\"font-family: inherit; margin: 0px; padding: 0px;\">Comunica\u00e7\u00e3o<\/strong><\/p>\n<p style=\"font-family: Poppins, sans-serif; margin-bottom: 10px; padding: 0px; border: 0px; font-size: 16px; color: #333333; text-align: justify;\">RS232, USB Host, dispositivo USB ou Ethernet (dispon\u00edvel como acess\u00f3rio)<\/p>\n<p style=\"font-family: Poppins, sans-serif; margin-bottom: 10px; padding: 0px; border: 0px; font-size: 16px; color: #333333; text-align: justify;\"><strong style=\"font-family: inherit; margin: 0px; padding: 0px;\">Constru\u00e7\u00e3o<\/strong><\/p>\n<p style=\"font-family: Poppins, sans-serif; margin-bottom: 10px; padding: 0px; border: 0px; font-size: 16px; color: #333333; text-align: justify;\">Carca\u00e7a ABS, prato de a\u00e7o inoxid\u00e1vel, capela em ABS (somente modelo 1mg), pesagem por baixo com gancho, trava de transporte, interruptor de trava de calibra\u00e7\u00e3o manual, slot de seguran\u00e7a, p\u00e9s de nivelamento ajust\u00e1veis, indicador de n\u00edvel iluminado na parte frontal<\/p>\n<p style=\"font-family: Poppins, sans-serif; margin-bottom: 10px; padding: 0px; border: 0px; font-size: 16px; color: #333333; text-align: justify;\"><strong style=\"font-family: inherit; margin: 0px; padding: 0px;\">Caracter\u00edsticas do Design<\/strong><\/p>\n<p style=\"font-family: Poppins, sans-serif; margin-bottom: 10px; padding: 0px; border: 0px; font-size: 16px; color: #333333; text-align: justify;\">Indicador de estabilidade, prote\u00e7\u00e3o de software e mec\u00e2nica para sobrecarga \/ sobrecarga, indicador de bateria fraca, desligamento autom\u00e1tico e tara autom\u00e1tica<\/p>\n<p style=\"font-family: Poppins, sans-serif; margin-bottom: 10px; padding: 0px; border: 0px; font-size: 16px; color: #333333; text-align: justify;\"><strong style=\"font-family: inherit; margin: 0px; padding: 0px;\">Especifica\u00e7\u00f5es<\/strong><\/p>\n<p style=\"font-family: Poppins, sans-serif; margin-bottom: 10px; padding: 0px; border: 0px; font-size: 16px; color: #333333; text-align: justify;\"><strong style=\"font-family: inherit; margin: 0px; padding: 0px;\">Capacidade M\u00e1xima:<\/strong>\u00a08.200 g<\/p>\n<p style=\"font-family: Poppins, sans-serif; margin-bottom: 10px; padding: 0px; border: 0px; font-size: 16px; color: #333333; text-align: justify;\"><strong style=\"font-family: inherit; margin: 0px; padding: 0px;\">Resolu\u00e7\u00e3o:<\/strong>\u00a00,1 g<\/p>\n<p style=\"font-family: Poppins, sans-serif; margin-bottom: 10px; padding: 0px; border: 0px; font-size: 16px; color: #333333; text-align: justify;\"><strong style=\"font-family: inherit; margin: 0px; padding: 0px;\">Tamanho do prato:<\/strong>\u00a0170 mm<\/p>\n<p style=\"font-family: Poppins, sans-serif; margin-bottom: 10px; padding: 0px; border: 0px; font-size: 16px; color: #333333; text-align: justify;\"><strong style=\"font-family: inherit; margin: 0px; padding: 0px;\">Vida \u00datil da Bateria:<\/strong>\u00a080 horas com baterias descart\u00e1veis<\/p>\n<p style=\"font-family: Poppins, sans-serif; margin-bottom: 10px; padding: 0px; border: 0px; font-size: 16px; color: #333333; text-align: justify;\"><strong style=\"font-family: inherit; margin: 0px; padding: 0px;\">Comunica\u00e7\u00e3o:<\/strong>\u00a0RS232 (Dispon\u00edvel como Acess\u00f3rio); USB Host (Dispon\u00edvel como Acess\u00f3rio); Dispositivo USB (Dispon\u00edvel como Acess\u00f3rio); Ethernet (Dispon\u00edvel como Acess\u00f3rio)<\/p>\n<p style=\"font-family: Poppins, sans-serif; margin-bottom: 10px; padding: 0px; border: 0px; font-size: 16px; color: #333333; text-align: justify;\"><strong style=\"font-family: inherit; margin: 0px; padding: 0px;\">Dimens\u00f5es:<\/strong>\u00a068 mm x 230 mm x 202 mm<\/p>\n<p style=\"font-family: Poppins, sans-serif; margin-bottom: 10px; padding: 0px; border: 0px; font-size: 16px; color: #333333; text-align: justify;\"><strong style=\"font-family: inherit; margin: 0px; padding: 0px;\">Display:<\/strong>\u00a0LCD grande com ilumina\u00e7\u00e3o<\/p>\n<p style=\"font-family: Poppins, sans-serif; margin-bottom: 10px; padding: 0px; border: 0px; font-size: 16px; color: #333333; text-align: justify;\"><strong style=\"font-family: inherit; margin: 0px; padding: 0px;\">Para opera\u00e7\u00f5es aprovadas:<\/strong>\u00a0INMETRO<\/p>\n<p style=\"font-family: Poppins, sans-serif; margin-bottom: 10px; padding: 0px; border: 0px; font-size: 16px; color: #333333; text-align: justify;\"><strong style=\"font-family: inherit; margin: 0px; padding: 0px;\">Peso L\u00edquido:<\/strong>\u00a01,6 kg<\/p>\n<p style=\"font-family: Poppins, sans-serif; margin-bottom: 10px; padding: 0px; border: 0px; font-size: 16px; color: #333333; text-align: justify;\"><strong style=\"font-family: inherit; margin: 0px; padding: 0px;\">Estrutura do Prato:<\/strong>\u00a0A\u00e7o Inoxid\u00e1vel<\/p>\n<p style=\"font-family: Poppins, sans-serif; margin-bottom: 10px; padding: 0px; border: 0px; font-size: 16px; color: #333333; text-align: justify;\"><strong style=\"font-family: inherit; margin: 0px; padding: 0px;\">Alimenta\u00e7\u00e3o El\u00e9trica:<\/strong>\u00a0Adaptador CA (Incluso); 4 AA (LR6) Baterias (n\u00e3o incluso)<\/p>\n<p style=\"font-family: Poppins, sans-serif; margin-bottom: 10px; padding: 0px; border: 0px; font-size: 16px; color: #333333; text-align: justify;\"><strong style=\"font-family: inherit; margin: 0px; padding: 0px;\">Tempo de Estabiliza\u00e7\u00e3o:<\/strong>\u00a01 s<\/p>\n<p style=\"font-family: Poppins, sans-serif; margin-bottom: 10px; padding: 0px; border: 0px; font-size: 16px; color: #333333; text-align: justify;\"><strong style=\"font-family: inherit; margin: 0px; padding: 0px;\">Faixa de Tara:<\/strong>\u00a0Para capacidade por subtra\u00e7\u00e3o<\/p>\n<p style=\"font-family: Poppins, sans-serif; margin-bottom: 10px; padding: 0px; border: 0px; font-size: 16px; color: #333333; text-align: justify;\"><strong style=\"font-family: inherit; margin: 0px; padding: 0px;\">Estojo de transporte:<\/strong>\u00a0Dispon\u00edvel como um acess\u00f3rio<\/p>\n<p style=\"font-family: Poppins, sans-serif; margin-bottom: 10px; padding: 0px; border: 0px; font-size: 16px; color: #333333; text-align: justify;\"><strong style=\"font-family: inherit; margin: 0px; padding: 0px;\">Unidades de Medi\u00e7\u00e3o:<\/strong>\u00a0Quilate; Grama; Quilograma<\/p>\n<p style=\"font-family: Poppins, sans-serif; margin-bottom: 10px; padding: 0px; border: 0px; font-size: 16px; color: #333333; text-align: justify;\"><strong style=\"font-family: inherit; margin: 0px; padding: 0px;\">Ambiente de trabalho:<\/strong>\u00a010\u00b0C a\u00a030\u00b0C, 80%UR, sem condensa\u00e7\u00e3o<\/p>\n<p class=\"MsoNormal\" style=\"font-family: Roboto, -apple-system, BlinkMacSystemFont, 'Segoe UI', Roboto, Oxygen, Ubuntu, Cantarell, 'Open Sans', 'Helvetica Neue', sans-serif; margin-bottom: 14px; padding: 0px; border: 0px; color: #245061; font-size: 16px; text-align: justify;\"><strong style=\"font-family: inherit; margin: 0px; padding: 0px;\"><span style=\"font-family: Arial, sans-serif; margin: 0px; padding: 0px; font-size: 10.5pt; line-height: 14.98px;\">Calibra\u00e7\u00e3o Interna:<\/span><\/strong><span style=\"font-family: Arial, sans-serif; margin: 0px; padding: 0px; font-size: 10.5pt; line-height: 14.98px;\">\u00a0SIM (Modelo\u00a0<strong style=\"font-family: inherit; margin: 0px; padding: 0px;\">PR8201BR<\/strong>)<\/span><\/p>\n<p class=\"MsoNormal\" style=\"font-family: Roboto, -apple-system, BlinkMacSystemFont, 'Segoe UI', Roboto, Oxygen, Ubuntu, Cantarell, 'Open Sans', 'Helvetica Neue', sans-serif; margin-bottom: 14px; padding: 0px; border: 0px; color: #245061; font-size: 16px; text-align: justify;\"><strong style=\"font-family: inherit; margin: 0px; padding: 0px;\"><span style=\"font-family: Arial, sans-serif; margin: 0px; padding: 0px; font-size: 10.5pt; line-height: 14.98px;\">Calibra\u00e7\u00e3o Interna:<\/span><\/strong><span style=\"font-family: Arial, sans-serif; margin: 0px; padding: 0px; font-size: 10.5pt; line-height: 14.98px;\">\u00a0N\u00c3O (Modelo\u00a0<strong style=\"font-family: inherit; margin: 0px; padding: 0px;\">PR8201BR\/E<\/strong>)<\/span><\/p>\n<p class=\"MsoNormal\" style=\"font-family: Roboto, -apple-system, BlinkMacSystemFont, 'Segoe UI', Roboto, Oxygen, Ubuntu, Cantarell, 'Open Sans', 'Helvetica Neue', sans-serif; margin-bottom: 14px; padding: 0px; border: 0px; color: #245061; font-size: 16px; text-align: justify;\"><strong style=\"font-family: inherit; margin: 0px; padding: 0px;\">OBS:<\/strong>\u00a0Calibra\u00e7\u00e3o interna (ou ajuste interno) \u00e9 um recurso tecnol\u00f3gico que as balan\u00e7as Ohaus possuem. Este recurso dispensam o uso de peso padr\u00e3o para a aferi\u00e7\u00e3o di\u00e1ria, mas n\u00e3o dispensam a Calibra\u00e7\u00e3o RBC (servi\u00e7o opcional).<\/p>\n","protected":false},"featured_media":9967,"comment_status":"open","ping_status":"closed","template":"","meta":[],"pwb-brand":[],"product_cat":[78,80,72],"product_tag":[],"yoast_head":"<!-- This site is optimized with the Yoast SEO Premium plugin v14.7 - https:\/\/yoast.com\/wordpress\/plugins\/seo\/ -->\n<title>Balan\u00e7a de Precis\u00e3o 8200g 1 casa PR Series - NTS Calibra\u00e7\u00e3o<\/title>\n<meta name=\"robots\" content=\"index, follow\" \/>\n<meta name=\"googlebot\" content=\"index, follow, max-snippet:-1, max-image-preview:large, max-video-preview:-1\" \/>\n<meta name=\"bingbot\" content=\"index, follow, max-snippet:-1, max-image-preview:large, max-video-preview:-1\" \/>\n<link rel=\"canonical\" href=\"https:\/\/ntscalibracao.com.br\/loja\/produto\/balanca-de-precisao-8200g-1-casa-pr-series\/\" \/>\n<meta property=\"og:locale\" content=\"pt_BR\" \/>\n<meta property=\"og:type\" content=\"article\" \/>\n<meta property=\"og:title\" content=\"Balan\u00e7a de Precis\u00e3o 8200g 1 casa PR Series - NTS Calibra\u00e7\u00e3o\" \/>\n<meta property=\"og:description\" content=\"Pesagem, Contagem de pe\u00e7as, Porcentagem, Checagem Peso, Totaliza\u00e7\u00e3o, Determina\u00e7\u00e3o de densidade, Reten\u00e7\u00e3o do peso Tela Tela de Cristal L\u00edquido (LCD) com Luz de Fundo Opera\u00e7\u00e3o Adaptador CA (inclu\u00eddo) ou 4 pilhas AA (n\u00e3o inclu\u00eddas) Comunica\u00e7\u00e3o RS232, USB Host, dispositivo USB ou Ethernet (dispon\u00edvel como acess\u00f3rio) Constru\u00e7\u00e3o Carca\u00e7a ABS, prato de a\u00e7o inoxid\u00e1vel, capela em ABS (somente modelo 1mg), pesagem por baixo com gancho, trava de transporte, interruptor de trava de calibra\u00e7\u00e3o manual, slot de seguran\u00e7a, p\u00e9s de nivelamento ajust\u00e1veis, indicador de n\u00edvel iluminado na parte frontal Caracter\u00edsticas do Design Indicador de estabilidade, prote\u00e7\u00e3o de software e mec\u00e2nica para sobrecarga \/ sobrecarga, indicador de bateria fraca, desligamento autom\u00e1tico e tara autom\u00e1tica Especifica\u00e7\u00f5es Capacidade M\u00e1xima:\u00a08.200 g Resolu\u00e7\u00e3o:\u00a00,1 g Tamanho do prato:\u00a0170 mm Vida \u00datil da Bateria:\u00a080 horas com baterias descart\u00e1veis Comunica\u00e7\u00e3o:\u00a0RS232 (Dispon\u00edvel como Acess\u00f3rio); USB Host (Dispon\u00edvel como Acess\u00f3rio); Dispositivo USB (Dispon\u00edvel como Acess\u00f3rio); Ethernet (Dispon\u00edvel como Acess\u00f3rio) Dimens\u00f5es:\u00a068 mm x 230 mm x 202 mm Display:\u00a0LCD grande com ilumina\u00e7\u00e3o Para opera\u00e7\u00f5es aprovadas:\u00a0INMETRO Peso L\u00edquido:\u00a01,6 kg Estrutura do Prato:\u00a0A\u00e7o Inoxid\u00e1vel Alimenta\u00e7\u00e3o El\u00e9trica:\u00a0Adaptador CA (Incluso); 4 AA (LR6) Baterias (n\u00e3o incluso) Tempo de Estabiliza\u00e7\u00e3o:\u00a01 s Faixa de Tara:\u00a0Para capacidade por subtra\u00e7\u00e3o Estojo de transporte:\u00a0Dispon\u00edvel como um acess\u00f3rio Unidades de Medi\u00e7\u00e3o:\u00a0Quilate; Grama; Quilograma Ambiente de trabalho:\u00a010\u00b0C a\u00a030\u00b0C, 80%UR, sem condensa\u00e7\u00e3o Calibra\u00e7\u00e3o Interna:\u00a0SIM (Modelo\u00a0PR8201BR) Calibra\u00e7\u00e3o Interna:\u00a0N\u00c3O (Modelo\u00a0PR8201BR\/E) OBS:\u00a0Calibra\u00e7\u00e3o interna (ou ajuste interno) \u00e9 um recurso tecnol\u00f3gico que as balan\u00e7as Ohaus possuem. Este recurso dispensam o uso de peso padr\u00e3o para a aferi\u00e7\u00e3o di\u00e1ria, mas n\u00e3o dispensam a Calibra\u00e7\u00e3o RBC (servi\u00e7o opcional).\" \/>\n<meta property=\"og:url\" content=\"https:\/\/ntscalibracao.com.br\/loja\/produto\/balanca-de-precisao-8200g-1-casa-pr-series\/\" \/>\n<meta property=\"og:site_name\" content=\"NTS Calibra\u00e7\u00e3o\" \/>\n<meta property=\"article:publisher\" content=\"https:\/\/www.facebook.com\/NTS-Calibra%c3%a7%c3%a3o-de-Balan%c3%a7as-e-Instrumentos-253519321396719\" \/>\n<meta property=\"article:modified_time\" content=\"2021-05-14T15:54:06+00:00\" \/>\n<meta property=\"og:image\" content=\"https:\/\/ntscalibracao.com.br\/loja\/wp-content\/uploads\/2021\/03\/balanca-precisao-8200g-1-casa-pr-series.png\" \/>\n\t<meta property=\"og:image:width\" content=\"1000\" \/>\n\t<meta property=\"og:image:height\" content=\"1000\" \/>\n<meta name=\"twitter:card\" content=\"summary_large_image\" \/>\n<script type=\"application\/ld+json\" class=\"yoast-schema-graph\">{\"@context\":\"https:\/\/schema.org\",\"@graph\":[{\"@type\":\"Organization\",\"@id\":\"https:\/\/ntscalibracao.com.br\/loja\/#organization\",\"name\":\"NTS Calibra\\u00e7\\u00e3o de Balan\\u00e7as e Instrumentos\",\"url\":\"https:\/\/ntscalibracao.com.br\/loja\/\",\"sameAs\":[\"https:\/\/www.facebook.com\/NTS-Calibra\\u00e7\\u00e3o-de-Balan\\u00e7as-e-Instrumentos-253519321396719\"],\"logo\":{\"@type\":\"ImageObject\",\"@id\":\"https:\/\/ntscalibracao.com.br\/loja\/#logo\",\"inLanguage\":\"pt-BR\",\"url\":\"https:\/\/ntscalibracao.com.br\/loja\/wp-content\/uploads\/2021\/02\/cropped-logo-nts1.png\",\"width\":203,\"height\":60,\"caption\":\"NTS Calibra\\u00e7\\u00e3o de Balan\\u00e7as e Instrumentos\"},\"image\":{\"@id\":\"https:\/\/ntscalibracao.com.br\/loja\/#logo\"}},{\"@type\":\"WebSite\",\"@id\":\"https:\/\/ntscalibracao.com.br\/loja\/#website\",\"url\":\"https:\/\/ntscalibracao.com.br\/loja\/\",\"name\":\"NTS Calibra\\u00e7\\u00e3o - Loja de Balan\\u00e7as e Instrumentos de Medi\\u00e7\\u00e3o\",\"description\":\"Loja\",\"publisher\":{\"@id\":\"https:\/\/ntscalibracao.com.br\/loja\/#organization\"},\"potentialAction\":[{\"@type\":\"SearchAction\",\"target\":\"https:\/\/ntscalibracao.com.br\/loja\/?s={search_term_string}\",\"query-input\":\"required name=search_term_string\"}],\"inLanguage\":\"pt-BR\"},{\"@type\":\"ImageObject\",\"@id\":\"https:\/\/ntscalibracao.com.br\/loja\/produto\/balanca-de-precisao-8200g-1-casa-pr-series\/#primaryimage\",\"inLanguage\":\"pt-BR\",\"url\":\"https:\/\/ntscalibracao.com.br\/loja\/wp-content\/uploads\/2021\/03\/balanca-precisao-8200g-1-casa-pr-series.png\",\"width\":1000,\"height\":1000},{\"@type\":\"WebPage\",\"@id\":\"https:\/\/ntscalibracao.com.br\/loja\/produto\/balanca-de-precisao-8200g-1-casa-pr-series\/#webpage\",\"url\":\"https:\/\/ntscalibracao.com.br\/loja\/produto\/balanca-de-precisao-8200g-1-casa-pr-series\/\",\"name\":\"Balan\\u00e7a de Precis\\u00e3o 8200g 1 casa PR Series - NTS Calibra\\u00e7\\u00e3o\",\"isPartOf\":{\"@id\":\"https:\/\/ntscalibracao.com.br\/loja\/#website\"},\"primaryImageOfPage\":{\"@id\":\"https:\/\/ntscalibracao.com.br\/loja\/produto\/balanca-de-precisao-8200g-1-casa-pr-series\/#primaryimage\"},\"datePublished\":\"2021-03-13T01:39:58+00:00\",\"dateModified\":\"2021-05-14T15:54:06+00:00\",\"inLanguage\":\"pt-BR\",\"potentialAction\":[{\"@type\":\"ReadAction\",\"target\":[\"https:\/\/ntscalibracao.com.br\/loja\/produto\/balanca-de-precisao-8200g-1-casa-pr-series\/\"]}]}]}<\/script>\n<!-- \/ Yoast SEO Premium plugin. -->","brands":[],"_links":{"self":[{"href":"https:\/\/ntscalibracao.com.br\/loja\/wp-json\/wp\/v2\/product\/9361"}],"collection":[{"href":"https:\/\/ntscalibracao.com.br\/loja\/wp-json\/wp\/v2\/product"}],"about":[{"href":"https:\/\/ntscalibracao.com.br\/loja\/wp-json\/wp\/v2\/types\/product"}],"replies":[{"embeddable":true,"href":"https:\/\/ntscalibracao.com.br\/loja\/wp-json\/wp\/v2\/comments?post=9361"}],"wp:featuredmedia":[{"embeddable":true,"href":"https:\/\/ntscalibracao.com.br\/loja\/wp-json\/wp\/v2\/media\/9967"}],"wp:attachment":[{"href":"https:\/\/ntscalibracao.com.br\/loja\/wp-json\/wp\/v2\/media?parent=9361"}],"wp:term":[{"taxonomy":"pwb-brand","embeddable":true,"href":"https:\/\/ntscalibracao.com.br\/loja\/wp-json\/wp\/v2\/pwb-brand?post=9361"},{"taxonomy":"product_cat","embeddable":true,"href":"https:\/\/ntscalibracao.com.br\/loja\/wp-json\/wp\/v2\/product_cat?post=9361"},{"taxonomy":"product_tag","embeddable":true,"href":"https:\/\/ntscalibracao.com.br\/loja\/wp-json\/wp\/v2\/product_tag?post=9361"}],"curies":[{"name":"wp","href":"https:\/\/api.w.org\/{rel}","templated":true}]}}