{"id":9357,"date":"2021-03-12T22:39:47","date_gmt":"2021-03-13T01:39:47","guid":{"rendered":"https:\/\/ntscalibracao.com.br\/loja\/produto\/balanca-de-precisao-6200g-1-casa-pr-series\/"},"modified":"2021-05-14T12:54:33","modified_gmt":"2021-05-14T15:54:33","slug":"balanca-de-precisao-6200g-1-casa-pr-series","status":"publish","type":"product","link":"https:\/\/ntscalibracao.com.br\/loja\/produto\/balanca-de-precisao-6200g-1-casa-pr-series\/","title":{"rendered":"Balan\u00e7a de Precis\u00e3o 6200g 1 casa PR Series"},"content":{"rendered":"<p>Oferecendo precis\u00e3o e repetitividade em aplica\u00e7\u00f5es de pesagem essenciais em ambientes laboratoriais, industriais e educacionais, as balan\u00e7as PR anal\u00edticas e de precis\u00e3o proporcionam desempenho competitivo a um pre\u00e7o econ\u00f4mico. Com conectividade RS232 para f\u00e1cil comunica\u00e7\u00e3o, e um display retroiluminado e uma interface simples para opera\u00e7\u00e3o descomplicada, o PR \u00e9 perfeitamente projetado para o seu local de trabalho.<\/p>\n<p><strong>ESPECIFICA\u00c7\u00d5ES<\/strong><br \/>\n<strong>Capacidade m\u00e1xima:<\/strong>\u00a06.200 g<br \/>\n<strong>Resolu\u00e7\u00e3o:<\/strong>\u00a00,1 g<br \/>\n<strong>Tamanho do prato: (<\/strong>A x \u00d8) 180 mm<br \/>\n<strong>Capela:\u00a0<\/strong>N\u00c3O<br \/>\n<strong>Comunica\u00e7\u00e3o:<\/strong>\u00a0RS232<br \/>\n<strong>Dimens\u00f5es (A x C x L):<\/strong>\u00a093 mm x 317 mm x 201 mm<br \/>\n<strong>Display:<\/strong>\u00a0LCD com luz de fundo<br \/>\n<strong>Peso l\u00edquido:<\/strong>\u00a03,5 kg<br \/>\n<strong>Estrutura do prato:<\/strong>\u00a0A\u00e7o inoxid\u00e1vel<br \/>\n<strong>Alimenta\u00e7\u00e3o El\u00e9trica:<\/strong>\u00a0Adaptador CA (inclu\u00eddo)<br \/>\n<strong>Tempo de estabiliza\u00e7\u00e3o:<\/strong>\u00a01 s<br \/>\n<strong>Faixa de Tara:<\/strong>\u00a0Para capacidade por subtra\u00e7\u00e3o<br \/>\n<strong>Unidades de medida:<\/strong>\u00a0Grama;\u00a0 Quilograma;\u00a0 Quilate<br \/>\n<strong>Ambiente de trabalho:<\/strong>\u00a010\u00b0C a 30\u00b0C, 80%UR, sem condensa\u00e7\u00e3o;\u00a0 operacionalidade garantida entre 5\u00b0C e 40 \u00b0C<\/p>\n<p><strong>Calibra\u00e7\u00e3o Interna:<\/strong>\u00a0SIM (Modelo\u00a0<strong>PR6201BR<\/strong>)<\/p>\n<p><strong>Calibra\u00e7\u00e3o Interna:<\/strong>\u00a0N\u00c3O (Modelo\u00a0<strong>PR6201BR\/E<\/strong>)<\/p>\n<p><strong>OBS:<\/strong>\u00a0Calibra\u00e7\u00e3o interna (ou ajuste interno) \u00e9 um recurso tecnol\u00f3gico que as balan\u00e7as Ohaus possuem. Este recurso dispensa o uso de peso padr\u00e3o para a aferi\u00e7\u00e3o di\u00e1ria, mas n\u00e3o dispensa\u00a0a Calibra\u00e7\u00e3o RBC (servi\u00e7o opcional).<\/p>\n","protected":false},"excerpt":{"rendered":"<p>Oferecendo precis\u00e3o e repetitividade em aplica\u00e7\u00f5es de pesagem essenciais em ambientes laboratoriais, industriais e educacionais, as balan\u00e7as PR anal\u00edticas e de precis\u00e3o proporcionam desempenho competitivo a um pre\u00e7o econ\u00f4mico. Com conectividade RS232 para f\u00e1cil comunica\u00e7\u00e3o, e um display retroiluminado e uma interface simples para opera\u00e7\u00e3o descomplicada, o PR \u00e9 perfeitamente projetado para o seu local de trabalho.<\/p>\n","protected":false},"featured_media":9969,"comment_status":"open","ping_status":"closed","template":"","meta":[],"pwb-brand":[],"product_cat":[78,80,72],"product_tag":[],"yoast_head":"<!-- This site is optimized with the Yoast SEO Premium plugin v14.7 - https:\/\/yoast.com\/wordpress\/plugins\/seo\/ -->\n<title>Balan\u00e7a de Precis\u00e3o 6200g 1 casa PR Series - NTS Calibra\u00e7\u00e3o<\/title>\n<meta name=\"robots\" content=\"index, follow\" \/>\n<meta name=\"googlebot\" content=\"index, follow, max-snippet:-1, max-image-preview:large, max-video-preview:-1\" \/>\n<meta name=\"bingbot\" content=\"index, follow, max-snippet:-1, max-image-preview:large, max-video-preview:-1\" \/>\n<link rel=\"canonical\" href=\"https:\/\/ntscalibracao.com.br\/loja\/produto\/balanca-de-precisao-6200g-1-casa-pr-series\/\" \/>\n<meta property=\"og:locale\" content=\"pt_BR\" \/>\n<meta property=\"og:type\" content=\"article\" \/>\n<meta property=\"og:title\" content=\"Balan\u00e7a de Precis\u00e3o 6200g 1 casa PR Series - NTS Calibra\u00e7\u00e3o\" \/>\n<meta property=\"og:description\" content=\"Oferecendo precis\u00e3o e repetitividade em aplica\u00e7\u00f5es de pesagem essenciais em ambientes laboratoriais, industriais e educacionais, as balan\u00e7as PR anal\u00edticas e de precis\u00e3o proporcionam desempenho competitivo a um pre\u00e7o econ\u00f4mico. Com conectividade RS232 para f\u00e1cil comunica\u00e7\u00e3o, e um display retroiluminado e uma interface simples para opera\u00e7\u00e3o descomplicada, o PR \u00e9 perfeitamente projetado para o seu local de trabalho.\" \/>\n<meta property=\"og:url\" content=\"https:\/\/ntscalibracao.com.br\/loja\/produto\/balanca-de-precisao-6200g-1-casa-pr-series\/\" \/>\n<meta property=\"og:site_name\" content=\"NTS Calibra\u00e7\u00e3o\" \/>\n<meta property=\"article:publisher\" content=\"https:\/\/www.facebook.com\/NTS-Calibra%c3%a7%c3%a3o-de-Balan%c3%a7as-e-Instrumentos-253519321396719\" \/>\n<meta property=\"article:modified_time\" content=\"2021-05-14T15:54:33+00:00\" \/>\n<meta property=\"og:image\" content=\"https:\/\/ntscalibracao.com.br\/loja\/wp-content\/uploads\/2021\/03\/balanca-precisao-6200g-1-casa-pr-series.png\" \/>\n\t<meta property=\"og:image:width\" content=\"1000\" \/>\n\t<meta property=\"og:image:height\" content=\"1000\" \/>\n<meta name=\"twitter:card\" content=\"summary_large_image\" \/>\n<script type=\"application\/ld+json\" class=\"yoast-schema-graph\">{\"@context\":\"https:\/\/schema.org\",\"@graph\":[{\"@type\":\"Organization\",\"@id\":\"https:\/\/ntscalibracao.com.br\/loja\/#organization\",\"name\":\"NTS Calibra\\u00e7\\u00e3o de Balan\\u00e7as e Instrumentos\",\"url\":\"https:\/\/ntscalibracao.com.br\/loja\/\",\"sameAs\":[\"https:\/\/www.facebook.com\/NTS-Calibra\\u00e7\\u00e3o-de-Balan\\u00e7as-e-Instrumentos-253519321396719\"],\"logo\":{\"@type\":\"ImageObject\",\"@id\":\"https:\/\/ntscalibracao.com.br\/loja\/#logo\",\"inLanguage\":\"pt-BR\",\"url\":\"https:\/\/ntscalibracao.com.br\/loja\/wp-content\/uploads\/2021\/02\/cropped-logo-nts1.png\",\"width\":203,\"height\":60,\"caption\":\"NTS Calibra\\u00e7\\u00e3o de Balan\\u00e7as e Instrumentos\"},\"image\":{\"@id\":\"https:\/\/ntscalibracao.com.br\/loja\/#logo\"}},{\"@type\":\"WebSite\",\"@id\":\"https:\/\/ntscalibracao.com.br\/loja\/#website\",\"url\":\"https:\/\/ntscalibracao.com.br\/loja\/\",\"name\":\"NTS Calibra\\u00e7\\u00e3o - Loja de Balan\\u00e7as e Instrumentos de Medi\\u00e7\\u00e3o\",\"description\":\"Loja\",\"publisher\":{\"@id\":\"https:\/\/ntscalibracao.com.br\/loja\/#organization\"},\"potentialAction\":[{\"@type\":\"SearchAction\",\"target\":\"https:\/\/ntscalibracao.com.br\/loja\/?s={search_term_string}\",\"query-input\":\"required name=search_term_string\"}],\"inLanguage\":\"pt-BR\"},{\"@type\":\"ImageObject\",\"@id\":\"https:\/\/ntscalibracao.com.br\/loja\/produto\/balanca-de-precisao-6200g-1-casa-pr-series\/#primaryimage\",\"inLanguage\":\"pt-BR\",\"url\":\"https:\/\/ntscalibracao.com.br\/loja\/wp-content\/uploads\/2021\/03\/balanca-precisao-6200g-1-casa-pr-series.png\",\"width\":1000,\"height\":1000},{\"@type\":\"WebPage\",\"@id\":\"https:\/\/ntscalibracao.com.br\/loja\/produto\/balanca-de-precisao-6200g-1-casa-pr-series\/#webpage\",\"url\":\"https:\/\/ntscalibracao.com.br\/loja\/produto\/balanca-de-precisao-6200g-1-casa-pr-series\/\",\"name\":\"Balan\\u00e7a de Precis\\u00e3o 6200g 1 casa PR Series - NTS Calibra\\u00e7\\u00e3o\",\"isPartOf\":{\"@id\":\"https:\/\/ntscalibracao.com.br\/loja\/#website\"},\"primaryImageOfPage\":{\"@id\":\"https:\/\/ntscalibracao.com.br\/loja\/produto\/balanca-de-precisao-6200g-1-casa-pr-series\/#primaryimage\"},\"datePublished\":\"2021-03-13T01:39:47+00:00\",\"dateModified\":\"2021-05-14T15:54:33+00:00\",\"inLanguage\":\"pt-BR\",\"potentialAction\":[{\"@type\":\"ReadAction\",\"target\":[\"https:\/\/ntscalibracao.com.br\/loja\/produto\/balanca-de-precisao-6200g-1-casa-pr-series\/\"]}]}]}<\/script>\n<!-- \/ Yoast SEO Premium plugin. -->","brands":[],"_links":{"self":[{"href":"https:\/\/ntscalibracao.com.br\/loja\/wp-json\/wp\/v2\/product\/9357"}],"collection":[{"href":"https:\/\/ntscalibracao.com.br\/loja\/wp-json\/wp\/v2\/product"}],"about":[{"href":"https:\/\/ntscalibracao.com.br\/loja\/wp-json\/wp\/v2\/types\/product"}],"replies":[{"embeddable":true,"href":"https:\/\/ntscalibracao.com.br\/loja\/wp-json\/wp\/v2\/comments?post=9357"}],"wp:featuredmedia":[{"embeddable":true,"href":"https:\/\/ntscalibracao.com.br\/loja\/wp-json\/wp\/v2\/media\/9969"}],"wp:attachment":[{"href":"https:\/\/ntscalibracao.com.br\/loja\/wp-json\/wp\/v2\/media?parent=9357"}],"wp:term":[{"taxonomy":"pwb-brand","embeddable":true,"href":"https:\/\/ntscalibracao.com.br\/loja\/wp-json\/wp\/v2\/pwb-brand?post=9357"},{"taxonomy":"product_cat","embeddable":true,"href":"https:\/\/ntscalibracao.com.br\/loja\/wp-json\/wp\/v2\/product_cat?post=9357"},{"taxonomy":"product_tag","embeddable":true,"href":"https:\/\/ntscalibracao.com.br\/loja\/wp-json\/wp\/v2\/product_tag?post=9357"}],"curies":[{"name":"wp","href":"https:\/\/api.w.org\/{rel}","templated":true}]}}