{"id":9348,"date":"2021-03-12T22:39:22","date_gmt":"2021-03-13T01:39:22","guid":{"rendered":"https:\/\/ntscalibracao.com.br\/loja\/produto\/balanca-de-precisao-adventurer-1-casa-620g\/"},"modified":"2021-05-14T12:54:57","modified_gmt":"2021-05-14T15:54:57","slug":"balanca-de-precisao-adventurer-1-casa-620g","status":"publish","type":"product","link":"https:\/\/ntscalibracao.com.br\/loja\/produto\/balanca-de-precisao-adventurer-1-casa-620g\/","title":{"rendered":"Balan\u00e7a de Precis\u00e3o Adventurer 1 casa 620g"},"content":{"rendered":"<p style=\"font-family: Poppins, sans-serif; margin-bottom: 10px; padding: 0px; border: 0px; font-size: 16px; color: #333333; text-align: justify;\">Desde j\u00e1, encontre o equil\u00edbrio ideal entre recursos de pesagem funcionais, simples e inventivo. A Balan\u00e7a anal\u00edtica Adventurer OHAUS incorpora todas as aplica\u00e7\u00f5es necess\u00e1rias para atividades rotineiras de pesagem e medi\u00e7\u00e3o. Ela possui uma excelente intera\u00e7\u00e3o com o usu\u00e1rio. Ainda mais com um display t\u00e1ctil de cor, recursos de conformidade GLP\/GMP, duas portas USB e muito mais, ADVENTURER \u00e9 o equil\u00edbrio mais completo em sua classe. Em suma, a linha de balan\u00e7as anal\u00edticas 1 casa Adventurer substituiu as antigas balan\u00e7as anal\u00edticas Ohaus Discovery e Adventurer Pro.<\/p>\n<p style=\"font-family: Poppins, sans-serif; margin-bottom: 10px; padding: 0px; border: 0px; font-size: 16px; color: #333333; text-align: justify;\"><strong style=\"font-family: inherit; margin: 0px; padding: 0px;\">Aplica\u00e7\u00e3o:\u00a0<\/strong>Pesando, contagem, % peso, verificar a pesagem, pesagem, totaliza\u00e7\u00e3o\/estat\u00edsticas, formula\u00e7\u00e3o, determina\u00e7\u00e3o de densidade, Display Hold Animal\/din\u00e2mico.<\/p>\n<p style=\"font-family: Poppins, sans-serif; margin-bottom: 10px; padding: 0px; border: 0px; font-size: 16px; color: #333333; text-align: justify;\"><strong style=\"font-family: inherit; margin: 0px; padding: 0px;\">Tela:\u00a0<\/strong>4.3? (109 mm) Full-color VGA gr\u00e1fico touchscreen com controle de brilho.<\/p>\n<p style=\"font-family: Poppins, sans-serif; margin-bottom: 10px; padding: 0px; border: 0px; font-size: 16px; color: #333333; text-align: justify;\"><strong style=\"font-family: inherit; margin: 0px; padding: 0px;\">Opera\u00e7\u00e3o:\u00a0<\/strong>AC adaptado (incluso).<\/p>\n<p style=\"font-family: Poppins, sans-serif; margin-bottom: 10px; padding: 0px; border: 0px; font-size: 16px; color: #333333; text-align: justify;\"><strong style=\"font-family: inherit; margin: 0px; padding: 0px;\">Comunica\u00e7\u00e3o:\u00a0<\/strong>RS232, USB Host, USB Device (incluso). GLP\/GMP sa\u00edda de dados em tempo real.<\/p>\n<p style=\"font-family: Poppins, sans-serif; margin-bottom: 10px; padding: 0px; border: 0px; font-size: 16px; color: #333333; text-align: justify;\"><strong style=\"font-family: inherit; margin: 0px; padding: 0px;\">Constru\u00e7\u00e3o:\u00a0<\/strong>Base metal, ABS superior , prato de a\u00e7o inoxid\u00e1vel, com duas portas de vidro do lado ,superior montado e deslizando a porta superior, indicador do n\u00edvel de frontal iluminado, gancho inferior para pesagem, suporte de seguran\u00e7a, bloqueio de calibra\u00e7\u00e3o, capa de prote\u00e7\u00e3o em uso.<\/p>\n<p style=\"font-family: Poppins, sans-serif; margin-bottom: 10px; padding: 0px; border: 0px; font-size: 16px; color: #333333; text-align: justify;\"><strong style=\"font-family: inherit; margin: 0px; padding: 0px;\">Caracter\u00edsticas do Design:\u00a0<\/strong>Filtros ambientais Selecion\u00e1veis, auto Tara, pontos de calibra\u00e7\u00e3o span selecion\u00e1vel pelo usu\u00e1rio, bloqueio de software e redefinir menu, configura\u00e7\u00f5es de comunica\u00e7\u00e3o selecion\u00e1vel pelo usu\u00e1rio e as op\u00e7\u00f5es de impress\u00e3o de dados, projeto defin\u00edveis pelo usu\u00e1rio e IDs de usu\u00e1rio, at\u00e9 9 l\u00ednguas de funcionamento.<\/p>\n<p style=\"font-family: Poppins, sans-serif; margin-bottom: 10px; padding: 0px; border: 0px; font-size: 16px; color: #333333;\">Capacidade M\u00e1xima: 8.200 g<\/p>\n<p style=\"font-family: Poppins, sans-serif; margin-bottom: 10px; padding: 0px; border: 0px; font-size: 16px; color: #333333;\"><strong style=\"font-family: inherit; margin: 0px; padding: 0px;\">Resolu\u00e7\u00e3o:<\/strong>\u00a00,1 g<\/p>\n<p style=\"font-family: Poppins, sans-serif; margin-bottom: 10px; padding: 0px; border: 0px; font-size: 16px; color: #333333;\"><strong style=\"font-family: inherit; margin: 0px; padding: 0px;\">Tamanho do prato:<\/strong>\u00a0175 mm<\/p>\n<p style=\"font-family: Poppins, sans-serif; margin-bottom: 10px; padding: 0px; border: 0px; font-size: 16px; color: #333333;\"><strong style=\"font-family: inherit; margin: 0px; padding: 0px;\">Calibra\u00e7\u00e3o Interna:<\/strong>\u00a0SIM (AutoCal\u00a0Autom\u00e1tico)<\/p>\n<p style=\"font-family: Poppins, sans-serif; margin-bottom: 10px; padding: 0px; border: 0px; font-size: 16px; color: #333333;\"><strong style=\"font-family: inherit; margin: 0px; padding: 0px;\">Capela:<\/strong>\u00a0N\u00c3O<\/p>\n<p style=\"font-family: Poppins, sans-serif; margin-bottom: 10px; padding: 0px; border: 0px; font-size: 16px; color: #333333;\"><strong style=\"font-family: inherit; margin: 0px; padding: 0px;\">Comunica\u00e7\u00e3o<\/strong>: RS232 (Inclusa); USB; Host USB<\/p>\n<p style=\"font-family: Poppins, sans-serif; margin-bottom: 10px; padding: 0px; border: 0px; font-size: 16px; color: #333333;\"><strong style=\"font-family: inherit; margin: 0px; padding: 0px;\">Dimens\u00f5es:<\/strong>\u00a0100 mm x 354 mm x 230 mm<\/p>\n<p style=\"font-family: Poppins, sans-serif; margin-bottom: 10px; padding: 0px; border: 0px; font-size: 16px; color: #333333;\"><strong style=\"font-family: inherit; margin: 0px; padding: 0px;\">Display:<\/strong>\u00a0Tela touch, alta resolu\u00e7\u00e3o, colorida VGA<\/p>\n<p style=\"font-family: Poppins, sans-serif; margin-bottom: 10px; padding: 0px; border: 0px; font-size: 16px; color: #333333;\"><strong style=\"font-family: inherit; margin: 0px; padding: 0px;\">Tampa durante o uso:<\/strong>\u00a0Incluso<\/p>\n<p style=\"font-family: Poppins, sans-serif; margin-bottom: 10px; padding: 0px; border: 0px; font-size: 16px; color: #333333;\"><strong style=\"font-family: inherit; margin: 0px; padding: 0px;\">Peso M\u00ednimo (USP, 0,1% t\u00edpico):<\/strong>\u00a0200 g<\/p>\n<p style=\"font-family: Poppins, sans-serif; margin-bottom: 10px; padding: 0px; border: 0px; font-size: 16px; color: #333333;\"><strong style=\"font-family: inherit; margin: 0px; padding: 0px;\">Peso L\u00edquido:<\/strong>\u00a03,8 kg<\/p>\n<p style=\"font-family: Poppins, sans-serif; margin-bottom: 10px; padding: 0px; border: 0px; font-size: 16px; color: #333333;\"><strong style=\"font-family: inherit; margin: 0px; padding: 0px;\">Estrutura do Prato:<\/strong>\u00a0A\u00e7o Inoxid\u00e1vel<\/p>\n<p style=\"font-family: Poppins, sans-serif; margin-bottom: 10px; padding: 0px; border: 0px; font-size: 16px; color: #333333;\"><strong style=\"font-family: inherit; margin: 0px; padding: 0px;\">Alimenta\u00e7\u00e3o El\u00e9trica:<\/strong>\u00a0Adaptador CA (Incluso)<\/p>\n<p style=\"font-family: Poppins, sans-serif; margin-bottom: 10px; padding: 0px; border: 0px; font-size: 16px; color: #333333;\"><strong style=\"font-family: inherit; margin: 0px; padding: 0px;\">Tempo de Estabiliza\u00e7\u00e3o:<\/strong>\u00a01,5 s<\/p>\n<p style=\"font-family: Poppins, sans-serif; margin-bottom: 10px; padding: 0px; border: 0px; font-size: 16px; color: #333333;\"><strong style=\"font-family: inherit; margin: 0px; padding: 0px;\">Faixa de Tara:<\/strong>\u00a0Para capacidade por subtra\u00e7\u00e3o<\/p>\n<p style=\"font-family: Poppins, sans-serif; margin-bottom: 10px; padding: 0px; border: 0px; font-size: 16px; color: #333333;\"><strong style=\"font-family: inherit; margin: 0px; padding: 0px;\">Unidades de Medi\u00e7\u00e3o:<\/strong>\u00a0Grama; miligrama; Quilate; Libra; Pennyweight; gr\u00e3o; Newton; Personalizada.<\/p>\n<p style=\"font-family: Poppins, sans-serif; margin-bottom: 10px; padding: 0px; border: 0px; font-size: 16px; color: #333333;\"><strong style=\"font-family: inherit; margin: 0px; padding: 0px;\">Ambiente de trabalho:<\/strong>\u00a010\u00b0C a\u00a030\u00b0C, 80%UR, sem condensa\u00e7\u00e3o<\/p>\n","protected":false},"excerpt":{"rendered":"<p style=\"font-family: Poppins, sans-serif; margin-bottom: 10px; padding: 0px; border: 0px; font-size: 16px; color: #333333; text-align: justify;\">Desde j\u00e1, encontre o equil\u00edbrio ideal entre recursos de pesagem funcionais, simples e inventivo. A Balan\u00e7a anal\u00edtica Adventurer OHAUS incorpora todas as aplica\u00e7\u00f5es necess\u00e1rias para atividades rotineiras de pesagem e medi\u00e7\u00e3o. Ela possui uma excelente intera\u00e7\u00e3o com o usu\u00e1rio. Ainda mais com um display t\u00e1ctil de cor, recursos de conformidade GLP\/GMP, duas portas USB e muito mais, ADVENTURER \u00e9 o equil\u00edbrio mais completo em sua classe. Em suma, a linha de balan\u00e7as anal\u00edticas 1 casa Adventurer substituiu as antigas balan\u00e7as anal\u00edticas Ohaus Discovery e Adventurer Pro.<\/p>\n<p style=\"font-family: Poppins, sans-serif; margin-bottom: 10px; padding: 0px; border: 0px; font-size: 16px; color: #333333; text-align: justify;\"><strong style=\"font-family: inherit; margin: 0px; padding: 0px;\">Aplica\u00e7\u00e3o:\u00a0<\/strong>Pesando, contagem, % peso, verificar a pesagem, pesagem, totaliza\u00e7\u00e3o\/estat\u00edsticas, formula\u00e7\u00e3o, determina\u00e7\u00e3o de densidade, Display Hold Animal\/din\u00e2mico.<\/p>\n","protected":false},"featured_media":9974,"comment_status":"open","ping_status":"closed","template":"","meta":[],"pwb-brand":[],"product_cat":[78,80,72],"product_tag":[],"yoast_head":"<!-- This site is optimized with the Yoast SEO Premium plugin v14.7 - https:\/\/yoast.com\/wordpress\/plugins\/seo\/ -->\n<title>Balan\u00e7a de Precis\u00e3o Adventurer 1 casa 620g - NTS Calibra\u00e7\u00e3o<\/title>\n<meta name=\"robots\" content=\"index, follow\" \/>\n<meta name=\"googlebot\" content=\"index, follow, max-snippet:-1, max-image-preview:large, max-video-preview:-1\" \/>\n<meta name=\"bingbot\" content=\"index, follow, max-snippet:-1, max-image-preview:large, max-video-preview:-1\" \/>\n<link rel=\"canonical\" href=\"https:\/\/ntscalibracao.com.br\/loja\/produto\/balanca-de-precisao-adventurer-1-casa-620g\/\" \/>\n<meta property=\"og:locale\" content=\"pt_BR\" \/>\n<meta property=\"og:type\" content=\"article\" \/>\n<meta property=\"og:title\" content=\"Balan\u00e7a de Precis\u00e3o Adventurer 1 casa 620g - NTS Calibra\u00e7\u00e3o\" \/>\n<meta property=\"og:description\" content=\"Desde j\u00e1, encontre o equil\u00edbrio ideal entre recursos de pesagem funcionais, simples e inventivo. A Balan\u00e7a anal\u00edtica Adventurer OHAUS incorpora todas as aplica\u00e7\u00f5es necess\u00e1rias para atividades rotineiras de pesagem e medi\u00e7\u00e3o. Ela possui uma excelente intera\u00e7\u00e3o com o usu\u00e1rio. Ainda mais com um display t\u00e1ctil de cor, recursos de conformidade GLP\/GMP, duas portas USB e muito mais, ADVENTURER \u00e9 o equil\u00edbrio mais completo em sua classe. Em suma, a linha de balan\u00e7as anal\u00edticas 1 casa Adventurer substituiu as antigas balan\u00e7as anal\u00edticas Ohaus Discovery e Adventurer Pro. Aplica\u00e7\u00e3o:\u00a0Pesando, contagem, % peso, verificar a pesagem, pesagem, totaliza\u00e7\u00e3o\/estat\u00edsticas, formula\u00e7\u00e3o, determina\u00e7\u00e3o de densidade, Display Hold Animal\/din\u00e2mico.\" \/>\n<meta property=\"og:url\" content=\"https:\/\/ntscalibracao.com.br\/loja\/produto\/balanca-de-precisao-adventurer-1-casa-620g\/\" \/>\n<meta property=\"og:site_name\" content=\"NTS Calibra\u00e7\u00e3o\" \/>\n<meta property=\"article:publisher\" content=\"https:\/\/www.facebook.com\/NTS-Calibra%c3%a7%c3%a3o-de-Balan%c3%a7as-e-Instrumentos-253519321396719\" \/>\n<meta property=\"article:modified_time\" content=\"2021-05-14T15:54:57+00:00\" \/>\n<meta property=\"og:image\" content=\"https:\/\/ntscalibracao.com.br\/loja\/wp-content\/uploads\/2021\/03\/balanca-precisao-adventur-1-casa-620g.png\" \/>\n\t<meta property=\"og:image:width\" content=\"1000\" \/>\n\t<meta property=\"og:image:height\" content=\"1000\" \/>\n<meta name=\"twitter:card\" content=\"summary_large_image\" \/>\n<script type=\"application\/ld+json\" class=\"yoast-schema-graph\">{\"@context\":\"https:\/\/schema.org\",\"@graph\":[{\"@type\":\"Organization\",\"@id\":\"https:\/\/ntscalibracao.com.br\/loja\/#organization\",\"name\":\"NTS Calibra\\u00e7\\u00e3o de Balan\\u00e7as e Instrumentos\",\"url\":\"https:\/\/ntscalibracao.com.br\/loja\/\",\"sameAs\":[\"https:\/\/www.facebook.com\/NTS-Calibra\\u00e7\\u00e3o-de-Balan\\u00e7as-e-Instrumentos-253519321396719\"],\"logo\":{\"@type\":\"ImageObject\",\"@id\":\"https:\/\/ntscalibracao.com.br\/loja\/#logo\",\"inLanguage\":\"pt-BR\",\"url\":\"https:\/\/ntscalibracao.com.br\/loja\/wp-content\/uploads\/2021\/02\/cropped-logo-nts1.png\",\"width\":203,\"height\":60,\"caption\":\"NTS Calibra\\u00e7\\u00e3o de Balan\\u00e7as e Instrumentos\"},\"image\":{\"@id\":\"https:\/\/ntscalibracao.com.br\/loja\/#logo\"}},{\"@type\":\"WebSite\",\"@id\":\"https:\/\/ntscalibracao.com.br\/loja\/#website\",\"url\":\"https:\/\/ntscalibracao.com.br\/loja\/\",\"name\":\"NTS Calibra\\u00e7\\u00e3o - Loja de Balan\\u00e7as e Instrumentos de Medi\\u00e7\\u00e3o\",\"description\":\"Loja\",\"publisher\":{\"@id\":\"https:\/\/ntscalibracao.com.br\/loja\/#organization\"},\"potentialAction\":[{\"@type\":\"SearchAction\",\"target\":\"https:\/\/ntscalibracao.com.br\/loja\/?s={search_term_string}\",\"query-input\":\"required name=search_term_string\"}],\"inLanguage\":\"pt-BR\"},{\"@type\":\"ImageObject\",\"@id\":\"https:\/\/ntscalibracao.com.br\/loja\/produto\/balanca-de-precisao-adventurer-1-casa-620g\/#primaryimage\",\"inLanguage\":\"pt-BR\",\"url\":\"https:\/\/ntscalibracao.com.br\/loja\/wp-content\/uploads\/2021\/03\/balanca-precisao-adventur-1-casa-620g.png\",\"width\":1000,\"height\":1000},{\"@type\":\"WebPage\",\"@id\":\"https:\/\/ntscalibracao.com.br\/loja\/produto\/balanca-de-precisao-adventurer-1-casa-620g\/#webpage\",\"url\":\"https:\/\/ntscalibracao.com.br\/loja\/produto\/balanca-de-precisao-adventurer-1-casa-620g\/\",\"name\":\"Balan\\u00e7a de Precis\\u00e3o Adventurer 1 casa 620g - NTS Calibra\\u00e7\\u00e3o\",\"isPartOf\":{\"@id\":\"https:\/\/ntscalibracao.com.br\/loja\/#website\"},\"primaryImageOfPage\":{\"@id\":\"https:\/\/ntscalibracao.com.br\/loja\/produto\/balanca-de-precisao-adventurer-1-casa-620g\/#primaryimage\"},\"datePublished\":\"2021-03-13T01:39:22+00:00\",\"dateModified\":\"2021-05-14T15:54:57+00:00\",\"inLanguage\":\"pt-BR\",\"potentialAction\":[{\"@type\":\"ReadAction\",\"target\":[\"https:\/\/ntscalibracao.com.br\/loja\/produto\/balanca-de-precisao-adventurer-1-casa-620g\/\"]}]}]}<\/script>\n<!-- \/ Yoast SEO Premium plugin. -->","brands":[],"_links":{"self":[{"href":"https:\/\/ntscalibracao.com.br\/loja\/wp-json\/wp\/v2\/product\/9348"}],"collection":[{"href":"https:\/\/ntscalibracao.com.br\/loja\/wp-json\/wp\/v2\/product"}],"about":[{"href":"https:\/\/ntscalibracao.com.br\/loja\/wp-json\/wp\/v2\/types\/product"}],"replies":[{"embeddable":true,"href":"https:\/\/ntscalibracao.com.br\/loja\/wp-json\/wp\/v2\/comments?post=9348"}],"wp:featuredmedia":[{"embeddable":true,"href":"https:\/\/ntscalibracao.com.br\/loja\/wp-json\/wp\/v2\/media\/9974"}],"wp:attachment":[{"href":"https:\/\/ntscalibracao.com.br\/loja\/wp-json\/wp\/v2\/media?parent=9348"}],"wp:term":[{"taxonomy":"pwb-brand","embeddable":true,"href":"https:\/\/ntscalibracao.com.br\/loja\/wp-json\/wp\/v2\/pwb-brand?post=9348"},{"taxonomy":"product_cat","embeddable":true,"href":"https:\/\/ntscalibracao.com.br\/loja\/wp-json\/wp\/v2\/product_cat?post=9348"},{"taxonomy":"product_tag","embeddable":true,"href":"https:\/\/ntscalibracao.com.br\/loja\/wp-json\/wp\/v2\/product_tag?post=9348"}],"curies":[{"name":"wp","href":"https:\/\/api.w.org\/{rel}","templated":true}]}}