{"id":9195,"date":"2021-03-08T03:53:44","date_gmt":"2021-03-08T06:53:44","guid":{"rendered":"https:\/\/ntscalibracao.com.br\/loja\/?post_type=product&#038;p=9195"},"modified":"2024-07-02T09:48:52","modified_gmt":"2024-07-02T12:48:52","slug":"proveta-graduada-base-hexagonal-de-vidro-com-rolha-de-poli","status":"publish","type":"product","link":"https:\/\/ntscalibracao.com.br\/loja\/produto\/proveta-graduada-base-hexagonal-de-vidro-com-rolha-de-poli\/","title":{"rendered":"Proveta Graduada Base Hexagonal de Vidro\u00a0com Rolha de Poli\u00a0"},"content":{"rendered":"<p><b><span data-contrast=\"auto\">Descri\u00e7\u00e3o:\u00a0<\/span><\/b><span data-contrast=\"auto\">Proveta Graduada Base Hexagonal de Vidro<\/span><span data-contrast=\"auto\">\u00a0com Rolha de Poli<\/span><span data-ccp-props=\"{&quot;201341983&quot;:0,&quot;335559739&quot;:160,&quot;335559740&quot;:259}\">\u00a0<\/span><\/p>\n<p><span data-contrast=\"auto\">Prove<\/span><span data-contrast=\"auto\">ta\u00a0<\/span><span data-contrast=\"auto\">Plena-Lab<\/span><span data-contrast=\"auto\">\u00a0fabricado em Vidro<\/span><span data-contrast=\"auto\">;<\/span><span data-ccp-props=\"{&quot;201341983&quot;:0,&quot;335559739&quot;:0,&quot;335559740&quot;:240}\">\u00a0<\/span><\/p>\n<p><span data-contrast=\"auto\">A grande base hexagonal evita que o cilindro role;<\/span><span data-ccp-props=\"{&quot;201341983&quot;:0,&quot;335559739&quot;:0,&quot;335559740&quot;:240}\">\u00a0<\/span><\/p>\n<p><span data-contrast=\"auto\">Grava\u00e7\u00e3o em tinta cer\u00e2mica de alta durabilidade na cor branca;<\/span><span data-ccp-props=\"{&quot;201341983&quot;:0,&quot;335559739&quot;:0,&quot;335559740&quot;:240}\">\u00a0<\/span><\/p>\n<p><span data-contrast=\"auto\">Possui alta resist\u00eancia t\u00e9rmica, mec\u00e2nica e a ataques qu\u00edmicos;<\/span><span data-ccp-props=\"{&quot;201341983&quot;:0,&quot;335559739&quot;:0,&quot;335559740&quot;:240}\">\u00a0<\/span><\/p>\n<p><span data-ccp-props=\"{&quot;201341983&quot;:0,&quot;335559739&quot;:0,&quot;335559740&quot;:240}\">\u00a0<\/span><\/p>\n<p><b><span data-contrast=\"auto\">Capacidade:\u00a0<\/span><\/b><span data-contrast=\"auto\">10 ml, 2<\/span><span data-contrast=\"auto\">5 ml,\u00a0<\/span><span data-contrast=\"auto\">50 ml, 100 ml,\u00a0<\/span><span data-contrast=\"auto\">25<\/span><span data-contrast=\"auto\">0<\/span><span data-contrast=\"auto\">\u00a0ml, 500 ml, 1000 ml, 2000 ml<\/span><span data-ccp-props=\"{&quot;201341983&quot;:0,&quot;335559739&quot;:160,&quot;335559740&quot;:259}\">\u00a0<\/span><\/p>\n","protected":false},"excerpt":{"rendered":"<p>Descri\u00e7\u00e3o:\u00a0Proveta Graduada Base Hexagonal de Vidro\u00a0com Rolha de Poli\u00a0 Proveta\u00a0Plena-Lab\u00a0fabricado em Vidro;\u00a0 A grande base hexagonal evita que o cilindro role;\u00a0 Grava\u00e7\u00e3o em tinta cer\u00e2mica de alta durabilidade na cor branca;\u00a0 Possui alta resist\u00eancia t\u00e9rmica, mec\u00e2nica e a ataques qu\u00edmicos;\u00a0 \u00a0 Capacidade:\u00a010 ml, 25 ml,\u00a050 ml, 100 ml,\u00a0250\u00a0ml, 500 ml, 1000 ml, 2000 ml\u00a0<\/p>\n","protected":false},"featured_media":9486,"comment_status":"open","ping_status":"closed","template":"","meta":[],"pwb-brand":[],"product_cat":[71,72],"product_tag":[],"yoast_head":"<!-- This site is optimized with the Yoast SEO Premium plugin v14.7 - https:\/\/yoast.com\/wordpress\/plugins\/seo\/ -->\n<title>Proveta Graduada Base Hexagonal de Vidro\u00a0com Rolha de Poli\u00a0 - NTS Calibra\u00e7\u00e3o<\/title>\n<meta name=\"robots\" content=\"index, follow\" \/>\n<meta name=\"googlebot\" content=\"index, follow, max-snippet:-1, max-image-preview:large, max-video-preview:-1\" \/>\n<meta name=\"bingbot\" content=\"index, follow, max-snippet:-1, max-image-preview:large, max-video-preview:-1\" \/>\n<link rel=\"canonical\" href=\"https:\/\/ntscalibracao.com.br\/loja\/produto\/proveta-graduada-base-hexagonal-de-vidro-com-rolha-de-poli\/\" \/>\n<meta property=\"og:locale\" content=\"pt_BR\" \/>\n<meta property=\"og:type\" content=\"article\" \/>\n<meta property=\"og:title\" content=\"Proveta Graduada Base Hexagonal de Vidro\u00a0com Rolha de Poli\u00a0 - NTS Calibra\u00e7\u00e3o\" \/>\n<meta property=\"og:description\" content=\"Descri\u00e7\u00e3o:\u00a0Proveta Graduada Base Hexagonal de Vidro\u00a0com Rolha de Poli\u00a0 Proveta\u00a0Plena-Lab\u00a0fabricado em Vidro;\u00a0 A grande base hexagonal evita que o cilindro role;\u00a0 Grava\u00e7\u00e3o em tinta cer\u00e2mica de alta durabilidade na cor branca;\u00a0 Possui alta resist\u00eancia t\u00e9rmica, mec\u00e2nica e a ataques qu\u00edmicos;\u00a0 \u00a0 Capacidade:\u00a010 ml, 25 ml,\u00a050 ml, 100 ml,\u00a0250\u00a0ml, 500 ml, 1000 ml, 2000 ml\u00a0\" \/>\n<meta property=\"og:url\" content=\"https:\/\/ntscalibracao.com.br\/loja\/produto\/proveta-graduada-base-hexagonal-de-vidro-com-rolha-de-poli\/\" \/>\n<meta property=\"og:site_name\" content=\"NTS Calibra\u00e7\u00e3o\" \/>\n<meta property=\"article:publisher\" content=\"https:\/\/www.facebook.com\/NTS-Calibra%c3%a7%c3%a3o-de-Balan%c3%a7as-e-Instrumentos-253519321396719\" \/>\n<meta property=\"article:modified_time\" content=\"2024-07-02T12:48:52+00:00\" \/>\n<meta property=\"og:image\" content=\"https:\/\/ntscalibracao.com.br\/loja\/wp-content\/uploads\/2021\/03\/11578393842_proveta-graduada-base-hexagonal-vidro-rolha-poli.png\" \/>\n\t<meta property=\"og:image:width\" content=\"1000\" \/>\n\t<meta property=\"og:image:height\" content=\"1000\" \/>\n<meta name=\"twitter:card\" content=\"summary_large_image\" \/>\n<script type=\"application\/ld+json\" class=\"yoast-schema-graph\">{\"@context\":\"https:\/\/schema.org\",\"@graph\":[{\"@type\":\"Organization\",\"@id\":\"https:\/\/ntscalibracao.com.br\/loja\/#organization\",\"name\":\"NTS Calibra\\u00e7\\u00e3o de Balan\\u00e7as e Instrumentos\",\"url\":\"https:\/\/ntscalibracao.com.br\/loja\/\",\"sameAs\":[\"https:\/\/www.facebook.com\/NTS-Calibra\\u00e7\\u00e3o-de-Balan\\u00e7as-e-Instrumentos-253519321396719\"],\"logo\":{\"@type\":\"ImageObject\",\"@id\":\"https:\/\/ntscalibracao.com.br\/loja\/#logo\",\"inLanguage\":\"pt-BR\",\"url\":\"https:\/\/ntscalibracao.com.br\/loja\/wp-content\/uploads\/2021\/02\/cropped-logo-nts1.png\",\"width\":203,\"height\":60,\"caption\":\"NTS Calibra\\u00e7\\u00e3o de Balan\\u00e7as e Instrumentos\"},\"image\":{\"@id\":\"https:\/\/ntscalibracao.com.br\/loja\/#logo\"}},{\"@type\":\"WebSite\",\"@id\":\"https:\/\/ntscalibracao.com.br\/loja\/#website\",\"url\":\"https:\/\/ntscalibracao.com.br\/loja\/\",\"name\":\"NTS Calibra\\u00e7\\u00e3o - Loja de Balan\\u00e7as e Instrumentos de Medi\\u00e7\\u00e3o\",\"description\":\"Loja\",\"publisher\":{\"@id\":\"https:\/\/ntscalibracao.com.br\/loja\/#organization\"},\"potentialAction\":[{\"@type\":\"SearchAction\",\"target\":\"https:\/\/ntscalibracao.com.br\/loja\/?s={search_term_string}\",\"query-input\":\"required name=search_term_string\"}],\"inLanguage\":\"pt-BR\"},{\"@type\":\"ImageObject\",\"@id\":\"https:\/\/ntscalibracao.com.br\/loja\/produto\/proveta-graduada-base-hexagonal-de-vidro-com-rolha-de-poli\/#primaryimage\",\"inLanguage\":\"pt-BR\",\"url\":\"https:\/\/ntscalibracao.com.br\/loja\/wp-content\/uploads\/2021\/03\/11578393842_proveta-graduada-base-hexagonal-vidro-rolha-poli.png\",\"width\":1000,\"height\":1000},{\"@type\":\"WebPage\",\"@id\":\"https:\/\/ntscalibracao.com.br\/loja\/produto\/proveta-graduada-base-hexagonal-de-vidro-com-rolha-de-poli\/#webpage\",\"url\":\"https:\/\/ntscalibracao.com.br\/loja\/produto\/proveta-graduada-base-hexagonal-de-vidro-com-rolha-de-poli\/\",\"name\":\"Proveta Graduada Base Hexagonal de Vidro\\u00a0com Rolha de Poli\\u00a0 - NTS Calibra\\u00e7\\u00e3o\",\"isPartOf\":{\"@id\":\"https:\/\/ntscalibracao.com.br\/loja\/#website\"},\"primaryImageOfPage\":{\"@id\":\"https:\/\/ntscalibracao.com.br\/loja\/produto\/proveta-graduada-base-hexagonal-de-vidro-com-rolha-de-poli\/#primaryimage\"},\"datePublished\":\"2021-03-08T06:53:44+00:00\",\"dateModified\":\"2024-07-02T12:48:52+00:00\",\"inLanguage\":\"pt-BR\",\"potentialAction\":[{\"@type\":\"ReadAction\",\"target\":[\"https:\/\/ntscalibracao.com.br\/loja\/produto\/proveta-graduada-base-hexagonal-de-vidro-com-rolha-de-poli\/\"]}]}]}<\/script>\n<!-- \/ Yoast SEO Premium plugin. -->","brands":[],"_links":{"self":[{"href":"https:\/\/ntscalibracao.com.br\/loja\/wp-json\/wp\/v2\/product\/9195"}],"collection":[{"href":"https:\/\/ntscalibracao.com.br\/loja\/wp-json\/wp\/v2\/product"}],"about":[{"href":"https:\/\/ntscalibracao.com.br\/loja\/wp-json\/wp\/v2\/types\/product"}],"replies":[{"embeddable":true,"href":"https:\/\/ntscalibracao.com.br\/loja\/wp-json\/wp\/v2\/comments?post=9195"}],"wp:featuredmedia":[{"embeddable":true,"href":"https:\/\/ntscalibracao.com.br\/loja\/wp-json\/wp\/v2\/media\/9486"}],"wp:attachment":[{"href":"https:\/\/ntscalibracao.com.br\/loja\/wp-json\/wp\/v2\/media?parent=9195"}],"wp:term":[{"taxonomy":"pwb-brand","embeddable":true,"href":"https:\/\/ntscalibracao.com.br\/loja\/wp-json\/wp\/v2\/pwb-brand?post=9195"},{"taxonomy":"product_cat","embeddable":true,"href":"https:\/\/ntscalibracao.com.br\/loja\/wp-json\/wp\/v2\/product_cat?post=9195"},{"taxonomy":"product_tag","embeddable":true,"href":"https:\/\/ntscalibracao.com.br\/loja\/wp-json\/wp\/v2\/product_tag?post=9195"}],"curies":[{"name":"wp","href":"https:\/\/api.w.org\/{rel}","templated":true}]}}