{"id":10046,"date":"2021-05-21T12:14:16","date_gmt":"2021-05-21T15:14:16","guid":{"rendered":"https:\/\/ntscalibracao.com.br\/loja\/?post_type=product&#038;p=10046"},"modified":"2024-03-10T09:52:59","modified_gmt":"2024-03-10T12:52:59","slug":"medidor-de-ph-mb10","status":"publish","type":"product","link":"https:\/\/ntscalibracao.com.br\/loja\/produto\/medidor-de-ph-mb10\/","title":{"rendered":"Medidor de pH MB10"},"content":{"rendered":"<p>Medidor de pH microprocessado, determina pH, mV e temperatura da amostra.<\/p>\n<p>Display alfanum\u00e9rico em LCD fornece mensagens que orientam o usu\u00e1rio e impedem erros de opera\u00e7\u00e3o.<\/p>\n<p>Mostra simultaneamente o pH e temperatura da amostra.<\/p>\n<p>F\u00e1cil manuseio, a partir de apenas 3 teclas multifuncionais.<\/p>\n<p>Gabinete em ABS que evita a corros\u00e3o.<\/p>\n<p>Reconhece automaticamente os tamp\u00f5es de calibra\u00e7\u00e3o.<\/p>\n<p>Compensa\u00e7\u00e3o de temperatura manual ou autom\u00e1tica.<\/p>\n<p>Indicador de estabilidade de leitura.<\/p>\n<p>Permite conex\u00e3o com a rede el\u00e9trica.<\/p>\n<p><strong>Informa\u00e7\u00f5es T\u00e9cnicas:<\/strong><\/p>\n<p>Faixa de pH:\u00a0\u00a0\u00a0\u00a0\u00a0\u00a0 -2 a 16<\/p>\n<p>Resolu\u00e7\u00e3o:\u00a0\u00a0\u00a0\u00a0\u00a0\u00a0\u00a0\u00a0 0,01<\/p>\n<p>Faixa de Temperatura (\u00baC): 0 a 80<\/p>\n<p>Resolu\u00e7\u00e3o (\u00baC): 0,1<\/p>\n<p>Alimenta\u00e7\u00e3o (V) : 110\/220<\/p>\n","protected":false},"excerpt":{"rendered":"<p>Medidor de pH microprocessado, determina pH, mV e temperatura da amostra. Display alfanum\u00e9rico em LCD fornece mensagens que orientam o usu\u00e1rio e impedem erros de opera\u00e7\u00e3o. Mostra simultaneamente o pH e temperatura da amostra. F\u00e1cil manuseio, a partir de apenas 3 teclas multifuncionais. Gabinete em ABS que evita a corros\u00e3o. Reconhece automaticamente os tamp\u00f5es de [&hellip;]<\/p>\n","protected":false},"featured_media":10053,"comment_status":"open","ping_status":"closed","template":"","meta":[],"pwb-brand":[],"product_cat":[74,73,83,72],"product_tag":[],"yoast_head":"<!-- This site is optimized with the Yoast SEO Premium plugin v14.7 - https:\/\/yoast.com\/wordpress\/plugins\/seo\/ -->\n<title>Medidor de pH MB10 - NTS Calibra\u00e7\u00e3o<\/title>\n<meta name=\"robots\" content=\"index, follow\" \/>\n<meta name=\"googlebot\" content=\"index, follow, max-snippet:-1, max-image-preview:large, max-video-preview:-1\" \/>\n<meta name=\"bingbot\" content=\"index, follow, max-snippet:-1, max-image-preview:large, max-video-preview:-1\" \/>\n<link rel=\"canonical\" href=\"https:\/\/ntscalibracao.com.br\/loja\/produto\/medidor-de-ph-mb10\/\" \/>\n<meta property=\"og:locale\" content=\"pt_BR\" \/>\n<meta property=\"og:type\" content=\"article\" \/>\n<meta property=\"og:title\" content=\"Medidor de pH MB10 - NTS Calibra\u00e7\u00e3o\" \/>\n<meta property=\"og:description\" content=\"Medidor de pH microprocessado, determina pH, mV e temperatura da amostra. Display alfanum\u00e9rico em LCD fornece mensagens que orientam o usu\u00e1rio e impedem erros de opera\u00e7\u00e3o. Mostra simultaneamente o pH e temperatura da amostra. F\u00e1cil manuseio, a partir de apenas 3 teclas multifuncionais. Gabinete em ABS que evita a corros\u00e3o. Reconhece automaticamente os tamp\u00f5es de [&hellip;]\" \/>\n<meta property=\"og:url\" content=\"https:\/\/ntscalibracao.com.br\/loja\/produto\/medidor-de-ph-mb10\/\" \/>\n<meta property=\"og:site_name\" content=\"NTS Calibra\u00e7\u00e3o\" \/>\n<meta property=\"article:publisher\" content=\"https:\/\/www.facebook.com\/NTS-Calibra%c3%a7%c3%a3o-de-Balan%c3%a7as-e-Instrumentos-253519321396719\" \/>\n<meta property=\"article:modified_time\" content=\"2024-03-10T12:52:59+00:00\" \/>\n<meta property=\"og:image\" content=\"https:\/\/ntscalibracao.com.br\/loja\/wp-content\/uploads\/2021\/05\/PH-MB10.jpg\" \/>\n\t<meta property=\"og:image:width\" content=\"330\" \/>\n\t<meta property=\"og:image:height\" content=\"330\" \/>\n<meta name=\"twitter:card\" content=\"summary_large_image\" \/>\n<script type=\"application\/ld+json\" class=\"yoast-schema-graph\">{\"@context\":\"https:\/\/schema.org\",\"@graph\":[{\"@type\":\"Organization\",\"@id\":\"https:\/\/ntscalibracao.com.br\/loja\/#organization\",\"name\":\"NTS Calibra\\u00e7\\u00e3o de Balan\\u00e7as e Instrumentos\",\"url\":\"https:\/\/ntscalibracao.com.br\/loja\/\",\"sameAs\":[\"https:\/\/www.facebook.com\/NTS-Calibra\\u00e7\\u00e3o-de-Balan\\u00e7as-e-Instrumentos-253519321396719\"],\"logo\":{\"@type\":\"ImageObject\",\"@id\":\"https:\/\/ntscalibracao.com.br\/loja\/#logo\",\"inLanguage\":\"pt-BR\",\"url\":\"https:\/\/ntscalibracao.com.br\/loja\/wp-content\/uploads\/2021\/02\/cropped-logo-nts1.png\",\"width\":203,\"height\":60,\"caption\":\"NTS Calibra\\u00e7\\u00e3o de Balan\\u00e7as e Instrumentos\"},\"image\":{\"@id\":\"https:\/\/ntscalibracao.com.br\/loja\/#logo\"}},{\"@type\":\"WebSite\",\"@id\":\"https:\/\/ntscalibracao.com.br\/loja\/#website\",\"url\":\"https:\/\/ntscalibracao.com.br\/loja\/\",\"name\":\"NTS Calibra\\u00e7\\u00e3o - Loja de Balan\\u00e7as e Instrumentos de Medi\\u00e7\\u00e3o\",\"description\":\"Loja\",\"publisher\":{\"@id\":\"https:\/\/ntscalibracao.com.br\/loja\/#organization\"},\"potentialAction\":[{\"@type\":\"SearchAction\",\"target\":\"https:\/\/ntscalibracao.com.br\/loja\/?s={search_term_string}\",\"query-input\":\"required name=search_term_string\"}],\"inLanguage\":\"pt-BR\"},{\"@type\":\"ImageObject\",\"@id\":\"https:\/\/ntscalibracao.com.br\/loja\/produto\/medidor-de-ph-mb10\/#primaryimage\",\"inLanguage\":\"pt-BR\",\"url\":\"https:\/\/ntscalibracao.com.br\/loja\/wp-content\/uploads\/2021\/05\/PH-MB10.jpg\",\"width\":330,\"height\":330},{\"@type\":\"WebPage\",\"@id\":\"https:\/\/ntscalibracao.com.br\/loja\/produto\/medidor-de-ph-mb10\/#webpage\",\"url\":\"https:\/\/ntscalibracao.com.br\/loja\/produto\/medidor-de-ph-mb10\/\",\"name\":\"Medidor de pH MB10 - NTS Calibra\\u00e7\\u00e3o\",\"isPartOf\":{\"@id\":\"https:\/\/ntscalibracao.com.br\/loja\/#website\"},\"primaryImageOfPage\":{\"@id\":\"https:\/\/ntscalibracao.com.br\/loja\/produto\/medidor-de-ph-mb10\/#primaryimage\"},\"datePublished\":\"2021-05-21T15:14:16+00:00\",\"dateModified\":\"2024-03-10T12:52:59+00:00\",\"inLanguage\":\"pt-BR\",\"potentialAction\":[{\"@type\":\"ReadAction\",\"target\":[\"https:\/\/ntscalibracao.com.br\/loja\/produto\/medidor-de-ph-mb10\/\"]}]}]}<\/script>\n<!-- \/ Yoast SEO Premium plugin. -->","brands":[],"_links":{"self":[{"href":"https:\/\/ntscalibracao.com.br\/loja\/wp-json\/wp\/v2\/product\/10046"}],"collection":[{"href":"https:\/\/ntscalibracao.com.br\/loja\/wp-json\/wp\/v2\/product"}],"about":[{"href":"https:\/\/ntscalibracao.com.br\/loja\/wp-json\/wp\/v2\/types\/product"}],"replies":[{"embeddable":true,"href":"https:\/\/ntscalibracao.com.br\/loja\/wp-json\/wp\/v2\/comments?post=10046"}],"wp:featuredmedia":[{"embeddable":true,"href":"https:\/\/ntscalibracao.com.br\/loja\/wp-json\/wp\/v2\/media\/10053"}],"wp:attachment":[{"href":"https:\/\/ntscalibracao.com.br\/loja\/wp-json\/wp\/v2\/media?parent=10046"}],"wp:term":[{"taxonomy":"pwb-brand","embeddable":true,"href":"https:\/\/ntscalibracao.com.br\/loja\/wp-json\/wp\/v2\/pwb-brand?post=10046"},{"taxonomy":"product_cat","embeddable":true,"href":"https:\/\/ntscalibracao.com.br\/loja\/wp-json\/wp\/v2\/product_cat?post=10046"},{"taxonomy":"product_tag","embeddable":true,"href":"https:\/\/ntscalibracao.com.br\/loja\/wp-json\/wp\/v2\/product_tag?post=10046"}],"curies":[{"name":"wp","href":"https:\/\/api.w.org\/{rel}","templated":true}]}}