{"id":10040,"date":"2021-05-21T10:28:23","date_gmt":"2021-05-21T13:28:23","guid":{"rendered":"https:\/\/ntscalibracao.com.br\/loja\/?post_type=product&#038;p=10040"},"modified":"2025-04-11T12:17:48","modified_gmt":"2025-04-11T15:17:48","slug":"balanca-semi-analitica-ad330","status":"publish","type":"product","link":"https:\/\/ntscalibracao.com.br\/loja\/produto\/balanca-semi-analitica-ad330\/","title":{"rendered":"Balan\u00e7a Semi-Anal\u00edtica AD330"},"content":{"rendered":"<p>Balan\u00e7a eletr\u00f4nica com capacidade de 340g, precis\u00e3o de 0,001g, com microprocessador, tara subtrativa em toda a escala e com capela em acr\u00edlico transparente.<\/p>\n<p><strong>Calibra\u00e7\u00e3o sob consulta.<\/strong><\/p>\n<p>Display digital de cristal l\u00edquido (LCD) com 8 d\u00edgitos de 7 segmentos que facilita a leitura pelo usu\u00e1rio e indicador de estabilidade de leitura e de capacidade j\u00e1 utilizada.<\/p>\n<p>As balan\u00e7as da linha AD possuem 9 fun\u00e7\u00f5es: pesagem simples, contagem de pe\u00e7as, porcentagem absoluta, porcentagem relativa, determina\u00e7\u00e3o de densidade, verifica\u00e7\u00e3o de peso, c\u00e1lculo estat\u00edstico, pesagem de animais vivos e fun\u00e7\u00e3o b\u00e1sica (incorpora contagem de pe\u00e7as e porcentagens absoluta e relativa).<\/p>\n<p>\u00c9 poss\u00edvel a inser\u00e7\u00e3o de identidade da balan\u00e7a, composta por 6 caracteres num\u00e9ricos, onde o display mostrar\u00e1 a identidade atual registrada.<\/p>\n<p>Balan\u00e7a ajust\u00e1vel ao ambiente de trabalho com dois n\u00edveis de velocidade de leitura.<\/p>\n<p>Unidades de pesagem dispon\u00edveis: g, kg e ct.<\/p>\n<p>Possui comunica\u00e7\u00e3o com Excel, Hiperterminal e Bloco de Notas atrav\u00e9s da sa\u00edda serial RS232.<\/p>\n<p>Modelo aprovado pelo Inmetro conforme portaria Inmetro\/dimel n\u00ba 0008, de 05 de janeiro de 2012.<\/p>\n<p>Acompanha: fonte de alimenta\u00e7\u00e3o e manual de instru\u00e7\u00f5es em portugu\u00eas.<\/p>\n","protected":false},"excerpt":{"rendered":"<p>Balan\u00e7a eletr\u00f4nica com capacidade de 340g, precis\u00e3o de 0,001g, com microprocessador, tara subtrativa em toda a escala e com capela em acr\u00edlico transparente. Calibra\u00e7\u00e3o sob consulta. Display digital de cristal l\u00edquido (LCD) com 8 d\u00edgitos de 7 segmentos que facilita a leitura pelo usu\u00e1rio e indicador de estabilidade de leitura e de capacidade j\u00e1 utilizada. [&hellip;]<\/p>\n","protected":false},"featured_media":10041,"comment_status":"open","ping_status":"closed","template":"","meta":[],"pwb-brand":[],"product_cat":[78,82,72],"product_tag":[],"yoast_head":"<!-- This site is optimized with the Yoast SEO Premium plugin v14.7 - https:\/\/yoast.com\/wordpress\/plugins\/seo\/ -->\n<title>Balan\u00e7a Semi-Anal\u00edtica AD330 - NTS Calibra\u00e7\u00e3o<\/title>\n<meta name=\"robots\" content=\"index, follow\" \/>\n<meta name=\"googlebot\" content=\"index, follow, max-snippet:-1, max-image-preview:large, max-video-preview:-1\" \/>\n<meta name=\"bingbot\" content=\"index, follow, max-snippet:-1, max-image-preview:large, max-video-preview:-1\" \/>\n<link rel=\"canonical\" href=\"https:\/\/ntscalibracao.com.br\/loja\/produto\/balanca-semi-analitica-ad330\/\" \/>\n<meta property=\"og:locale\" content=\"pt_BR\" \/>\n<meta property=\"og:type\" content=\"article\" \/>\n<meta property=\"og:title\" content=\"Balan\u00e7a Semi-Anal\u00edtica AD330 - NTS Calibra\u00e7\u00e3o\" \/>\n<meta property=\"og:description\" content=\"Balan\u00e7a eletr\u00f4nica com capacidade de 340g, precis\u00e3o de 0,001g, com microprocessador, tara subtrativa em toda a escala e com capela em acr\u00edlico transparente. Calibra\u00e7\u00e3o sob consulta. Display digital de cristal l\u00edquido (LCD) com 8 d\u00edgitos de 7 segmentos que facilita a leitura pelo usu\u00e1rio e indicador de estabilidade de leitura e de capacidade j\u00e1 utilizada. [&hellip;]\" \/>\n<meta property=\"og:url\" content=\"https:\/\/ntscalibracao.com.br\/loja\/produto\/balanca-semi-analitica-ad330\/\" \/>\n<meta property=\"og:site_name\" content=\"NTS Calibra\u00e7\u00e3o\" \/>\n<meta property=\"article:publisher\" content=\"https:\/\/www.facebook.com\/NTS-Calibra%c3%a7%c3%a3o-de-Balan%c3%a7as-e-Instrumentos-253519321396719\" \/>\n<meta property=\"article:modified_time\" content=\"2025-04-11T15:17:48+00:00\" \/>\n<meta property=\"og:image\" content=\"https:\/\/ntscalibracao.com.br\/loja\/wp-content\/uploads\/2021\/05\/Balanca-Semi-analitica-AD330.jpg\" \/>\n\t<meta property=\"og:image:width\" content=\"330\" \/>\n\t<meta property=\"og:image:height\" content=\"330\" \/>\n<meta name=\"twitter:card\" content=\"summary_large_image\" \/>\n<script type=\"application\/ld+json\" class=\"yoast-schema-graph\">{\"@context\":\"https:\/\/schema.org\",\"@graph\":[{\"@type\":\"Organization\",\"@id\":\"https:\/\/ntscalibracao.com.br\/loja\/#organization\",\"name\":\"NTS Calibra\\u00e7\\u00e3o de Balan\\u00e7as e Instrumentos\",\"url\":\"https:\/\/ntscalibracao.com.br\/loja\/\",\"sameAs\":[\"https:\/\/www.facebook.com\/NTS-Calibra\\u00e7\\u00e3o-de-Balan\\u00e7as-e-Instrumentos-253519321396719\"],\"logo\":{\"@type\":\"ImageObject\",\"@id\":\"https:\/\/ntscalibracao.com.br\/loja\/#logo\",\"inLanguage\":\"pt-BR\",\"url\":\"https:\/\/ntscalibracao.com.br\/loja\/wp-content\/uploads\/2021\/02\/cropped-logo-nts1.png\",\"width\":203,\"height\":60,\"caption\":\"NTS Calibra\\u00e7\\u00e3o de Balan\\u00e7as e Instrumentos\"},\"image\":{\"@id\":\"https:\/\/ntscalibracao.com.br\/loja\/#logo\"}},{\"@type\":\"WebSite\",\"@id\":\"https:\/\/ntscalibracao.com.br\/loja\/#website\",\"url\":\"https:\/\/ntscalibracao.com.br\/loja\/\",\"name\":\"NTS Calibra\\u00e7\\u00e3o - Loja de Balan\\u00e7as e Instrumentos de Medi\\u00e7\\u00e3o\",\"description\":\"Loja\",\"publisher\":{\"@id\":\"https:\/\/ntscalibracao.com.br\/loja\/#organization\"},\"potentialAction\":[{\"@type\":\"SearchAction\",\"target\":\"https:\/\/ntscalibracao.com.br\/loja\/?s={search_term_string}\",\"query-input\":\"required name=search_term_string\"}],\"inLanguage\":\"pt-BR\"},{\"@type\":\"ImageObject\",\"@id\":\"https:\/\/ntscalibracao.com.br\/loja\/produto\/balanca-semi-analitica-ad330\/#primaryimage\",\"inLanguage\":\"pt-BR\",\"url\":\"https:\/\/ntscalibracao.com.br\/loja\/wp-content\/uploads\/2021\/05\/Balanca-Semi-analitica-AD330.jpg\",\"width\":330,\"height\":330},{\"@type\":\"WebPage\",\"@id\":\"https:\/\/ntscalibracao.com.br\/loja\/produto\/balanca-semi-analitica-ad330\/#webpage\",\"url\":\"https:\/\/ntscalibracao.com.br\/loja\/produto\/balanca-semi-analitica-ad330\/\",\"name\":\"Balan\\u00e7a Semi-Anal\\u00edtica AD330 - NTS Calibra\\u00e7\\u00e3o\",\"isPartOf\":{\"@id\":\"https:\/\/ntscalibracao.com.br\/loja\/#website\"},\"primaryImageOfPage\":{\"@id\":\"https:\/\/ntscalibracao.com.br\/loja\/produto\/balanca-semi-analitica-ad330\/#primaryimage\"},\"datePublished\":\"2021-05-21T13:28:23+00:00\",\"dateModified\":\"2025-04-11T15:17:48+00:00\",\"inLanguage\":\"pt-BR\",\"potentialAction\":[{\"@type\":\"ReadAction\",\"target\":[\"https:\/\/ntscalibracao.com.br\/loja\/produto\/balanca-semi-analitica-ad330\/\"]}]}]}<\/script>\n<!-- \/ Yoast SEO Premium plugin. -->","brands":[],"_links":{"self":[{"href":"https:\/\/ntscalibracao.com.br\/loja\/wp-json\/wp\/v2\/product\/10040"}],"collection":[{"href":"https:\/\/ntscalibracao.com.br\/loja\/wp-json\/wp\/v2\/product"}],"about":[{"href":"https:\/\/ntscalibracao.com.br\/loja\/wp-json\/wp\/v2\/types\/product"}],"replies":[{"embeddable":true,"href":"https:\/\/ntscalibracao.com.br\/loja\/wp-json\/wp\/v2\/comments?post=10040"}],"wp:featuredmedia":[{"embeddable":true,"href":"https:\/\/ntscalibracao.com.br\/loja\/wp-json\/wp\/v2\/media\/10041"}],"wp:attachment":[{"href":"https:\/\/ntscalibracao.com.br\/loja\/wp-json\/wp\/v2\/media?parent=10040"}],"wp:term":[{"taxonomy":"pwb-brand","embeddable":true,"href":"https:\/\/ntscalibracao.com.br\/loja\/wp-json\/wp\/v2\/pwb-brand?post=10040"},{"taxonomy":"product_cat","embeddable":true,"href":"https:\/\/ntscalibracao.com.br\/loja\/wp-json\/wp\/v2\/product_cat?post=10040"},{"taxonomy":"product_tag","embeddable":true,"href":"https:\/\/ntscalibracao.com.br\/loja\/wp-json\/wp\/v2\/product_tag?post=10040"}],"curies":[{"name":"wp","href":"https:\/\/api.w.org\/{rel}","templated":true}]}}