{"id":10026,"date":"2021-05-13T14:25:43","date_gmt":"2021-05-13T17:25:43","guid":{"rendered":"https:\/\/ntscalibracao.com.br\/loja\/?post_type=product&#038;p=10026"},"modified":"2021-05-13T14:25:44","modified_gmt":"2021-05-13T17:25:44","slug":"termometro-digital-tipo-espeto-c-capa-protetora-incoterm","status":"publish","type":"product","link":"https:\/\/ntscalibracao.com.br\/loja\/produto\/termometro-digital-tipo-espeto-c-capa-protetora-incoterm\/","title":{"rendered":"TERM\u00d4METRO DIGITAL TIPO ESPETO C\/ CAPA PROTETORA INCOTERM"},"content":{"rendered":"<p>Term\u00f4metros Tipo Espeto, s\u00e3o utilizados para medi\u00e7\u00e3o de temperaturas em l\u00edquidos e s\u00f3lidos perfur\u00e1veis, onde a haste tenha contato total com a superf\u00edcie a ser medida.<\/p>\n<p>&nbsp;<\/p>\n<p>* Sensor haste \u00e0 prova d\u2019\u00e1gua;<\/p>\n<p>* Desligamento autom\u00e1tico ap\u00f3s 45min sem opera\u00e7\u00e3o;<\/p>\n<p>* Possui fun\u00e7\u00e3o HOLD, onde fixa o valor apresentado no visor, mesmo ap\u00f3s o sensor ser retirado da subst\u00e2ncia;<\/p>\n<p>&nbsp;<\/p>\n<p>Aplica\u00e7\u00f5es:<\/p>\n<p>* Laborat\u00f3rios;<\/p>\n<p>* Alimentos;<\/p>\n<p>* Processos;<\/p>\n<p>* Aquecimento, refrigera\u00e7\u00e3o;<\/p>\n<p>* Industrial.<\/p>\n<p>&nbsp;<\/p>\n<p><strong>INFORMA\u00c7\u00d5ES T\u00c9CNICAS<\/strong><\/p>\n<p>Faixa de medi\u00e7\u00e3o: -45\u00b0C&#8230; +230\u00b0C<\/p>\n<p>Resolu\u00e7\u00e3o:\u00a0\u00a0\u00a0 0,1\u00b0C<\/p>\n<p>Exatid\u00e3o: De -20\u00b0C&#8230; +80\u00b0C\u00a0 \u00b1 1\u00b0C de -45\u00b0C&#8230; -19,9\u00b0C e\u00a0 de 80,1\u00b0C&#8230; +200\u00b0C \u00b1 2 \u00b0C<\/p>\n<p>Exatid\u00e3o no restante da escala:\u00a0\u00a0\u00a0 \u00b14% da leitura<\/p>\n<p>Tamanho da haste:\u00a0\u00a0\u00a0 127mm<\/p>\n<p>Alimenta\u00e7\u00e3o:\u00a0\u00a0\u00a0 LR 44&#215;1,5V<\/p>\n<p>Vida \u00fatil de:\u00a0\u00a0\u00a0 6.000 horas<\/p>\n<p>Peso (sem a pilha):\u00a0\u00a0\u00a0 22g<\/p>\n<p>Temperatura de armazenamento\u00a0\u00a0\u00a0 -10\u00b0C a +50\u00b0C<\/p>\n","protected":false},"excerpt":{"rendered":"<p>Term\u00f4metros Tipo Espeto, s\u00e3o utilizados para medi\u00e7\u00e3o de temperaturas em l\u00edquidos e s\u00f3lidos perfur\u00e1veis, onde a haste tenha contato total com a superf\u00edcie a ser medida. &nbsp; * Sensor haste \u00e0 prova d\u2019\u00e1gua; * Desligamento autom\u00e1tico ap\u00f3s 45min sem opera\u00e7\u00e3o; * Possui fun\u00e7\u00e3o HOLD, onde fixa o valor apresentado no visor, mesmo ap\u00f3s o sensor [&hellip;]<\/p>\n","protected":false},"featured_media":10029,"comment_status":"open","ping_status":"closed","template":"","meta":[],"pwb-brand":[],"product_cat":[92,72],"product_tag":[],"yoast_head":"<!-- This site is optimized with the Yoast SEO Premium plugin v14.7 - https:\/\/yoast.com\/wordpress\/plugins\/seo\/ -->\n<title>TERM\u00d4METRO DIGITAL TIPO ESPETO C\/ CAPA PROTETORA INCOTERM - NTS Calibra\u00e7\u00e3o<\/title>\n<meta name=\"robots\" content=\"index, follow\" \/>\n<meta name=\"googlebot\" content=\"index, follow, max-snippet:-1, max-image-preview:large, max-video-preview:-1\" \/>\n<meta name=\"bingbot\" content=\"index, follow, max-snippet:-1, max-image-preview:large, max-video-preview:-1\" \/>\n<link rel=\"canonical\" href=\"https:\/\/ntscalibracao.com.br\/loja\/produto\/termometro-digital-tipo-espeto-c-capa-protetora-incoterm\/\" \/>\n<meta property=\"og:locale\" content=\"pt_BR\" \/>\n<meta property=\"og:type\" content=\"article\" \/>\n<meta property=\"og:title\" content=\"TERM\u00d4METRO DIGITAL TIPO ESPETO C\/ CAPA PROTETORA INCOTERM - NTS Calibra\u00e7\u00e3o\" \/>\n<meta property=\"og:description\" content=\"Term\u00f4metros Tipo Espeto, s\u00e3o utilizados para medi\u00e7\u00e3o de temperaturas em l\u00edquidos e s\u00f3lidos perfur\u00e1veis, onde a haste tenha contato total com a superf\u00edcie a ser medida. &nbsp; * Sensor haste \u00e0 prova d\u2019\u00e1gua; * Desligamento autom\u00e1tico ap\u00f3s 45min sem opera\u00e7\u00e3o; * Possui fun\u00e7\u00e3o HOLD, onde fixa o valor apresentado no visor, mesmo ap\u00f3s o sensor [&hellip;]\" \/>\n<meta property=\"og:url\" content=\"https:\/\/ntscalibracao.com.br\/loja\/produto\/termometro-digital-tipo-espeto-c-capa-protetora-incoterm\/\" \/>\n<meta property=\"og:site_name\" content=\"NTS Calibra\u00e7\u00e3o\" \/>\n<meta property=\"article:publisher\" content=\"https:\/\/www.facebook.com\/NTS-Calibra%c3%a7%c3%a3o-de-Balan%c3%a7as-e-Instrumentos-253519321396719\" \/>\n<meta property=\"article:modified_time\" content=\"2021-05-13T17:25:44+00:00\" \/>\n<meta property=\"og:image\" content=\"https:\/\/ntscalibracao.com.br\/loja\/wp-content\/uploads\/2021\/05\/6132-a.png\" \/>\n\t<meta property=\"og:image:width\" content=\"800\" \/>\n\t<meta property=\"og:image:height\" content=\"800\" \/>\n<meta name=\"twitter:card\" content=\"summary_large_image\" \/>\n<script type=\"application\/ld+json\" class=\"yoast-schema-graph\">{\"@context\":\"https:\/\/schema.org\",\"@graph\":[{\"@type\":\"Organization\",\"@id\":\"https:\/\/ntscalibracao.com.br\/loja\/#organization\",\"name\":\"NTS Calibra\\u00e7\\u00e3o de Balan\\u00e7as e Instrumentos\",\"url\":\"https:\/\/ntscalibracao.com.br\/loja\/\",\"sameAs\":[\"https:\/\/www.facebook.com\/NTS-Calibra\\u00e7\\u00e3o-de-Balan\\u00e7as-e-Instrumentos-253519321396719\"],\"logo\":{\"@type\":\"ImageObject\",\"@id\":\"https:\/\/ntscalibracao.com.br\/loja\/#logo\",\"inLanguage\":\"pt-BR\",\"url\":\"https:\/\/ntscalibracao.com.br\/loja\/wp-content\/uploads\/2021\/02\/cropped-logo-nts1.png\",\"width\":203,\"height\":60,\"caption\":\"NTS Calibra\\u00e7\\u00e3o de Balan\\u00e7as e Instrumentos\"},\"image\":{\"@id\":\"https:\/\/ntscalibracao.com.br\/loja\/#logo\"}},{\"@type\":\"WebSite\",\"@id\":\"https:\/\/ntscalibracao.com.br\/loja\/#website\",\"url\":\"https:\/\/ntscalibracao.com.br\/loja\/\",\"name\":\"NTS Calibra\\u00e7\\u00e3o - Loja de Balan\\u00e7as e Instrumentos de Medi\\u00e7\\u00e3o\",\"description\":\"Loja\",\"publisher\":{\"@id\":\"https:\/\/ntscalibracao.com.br\/loja\/#organization\"},\"potentialAction\":[{\"@type\":\"SearchAction\",\"target\":\"https:\/\/ntscalibracao.com.br\/loja\/?s={search_term_string}\",\"query-input\":\"required name=search_term_string\"}],\"inLanguage\":\"pt-BR\"},{\"@type\":\"ImageObject\",\"@id\":\"https:\/\/ntscalibracao.com.br\/loja\/produto\/termometro-digital-tipo-espeto-c-capa-protetora-incoterm\/#primaryimage\",\"inLanguage\":\"pt-BR\",\"url\":\"https:\/\/ntscalibracao.com.br\/loja\/wp-content\/uploads\/2021\/05\/6132-a.png\",\"width\":800,\"height\":800},{\"@type\":\"WebPage\",\"@id\":\"https:\/\/ntscalibracao.com.br\/loja\/produto\/termometro-digital-tipo-espeto-c-capa-protetora-incoterm\/#webpage\",\"url\":\"https:\/\/ntscalibracao.com.br\/loja\/produto\/termometro-digital-tipo-espeto-c-capa-protetora-incoterm\/\",\"name\":\"TERM\\u00d4METRO DIGITAL TIPO ESPETO C\/ CAPA PROTETORA INCOTERM - NTS Calibra\\u00e7\\u00e3o\",\"isPartOf\":{\"@id\":\"https:\/\/ntscalibracao.com.br\/loja\/#website\"},\"primaryImageOfPage\":{\"@id\":\"https:\/\/ntscalibracao.com.br\/loja\/produto\/termometro-digital-tipo-espeto-c-capa-protetora-incoterm\/#primaryimage\"},\"datePublished\":\"2021-05-13T17:25:43+00:00\",\"dateModified\":\"2021-05-13T17:25:44+00:00\",\"inLanguage\":\"pt-BR\",\"potentialAction\":[{\"@type\":\"ReadAction\",\"target\":[\"https:\/\/ntscalibracao.com.br\/loja\/produto\/termometro-digital-tipo-espeto-c-capa-protetora-incoterm\/\"]}]}]}<\/script>\n<!-- \/ Yoast SEO Premium plugin. -->","brands":[],"_links":{"self":[{"href":"https:\/\/ntscalibracao.com.br\/loja\/wp-json\/wp\/v2\/product\/10026"}],"collection":[{"href":"https:\/\/ntscalibracao.com.br\/loja\/wp-json\/wp\/v2\/product"}],"about":[{"href":"https:\/\/ntscalibracao.com.br\/loja\/wp-json\/wp\/v2\/types\/product"}],"replies":[{"embeddable":true,"href":"https:\/\/ntscalibracao.com.br\/loja\/wp-json\/wp\/v2\/comments?post=10026"}],"wp:featuredmedia":[{"embeddable":true,"href":"https:\/\/ntscalibracao.com.br\/loja\/wp-json\/wp\/v2\/media\/10029"}],"wp:attachment":[{"href":"https:\/\/ntscalibracao.com.br\/loja\/wp-json\/wp\/v2\/media?parent=10026"}],"wp:term":[{"taxonomy":"pwb-brand","embeddable":true,"href":"https:\/\/ntscalibracao.com.br\/loja\/wp-json\/wp\/v2\/pwb-brand?post=10026"},{"taxonomy":"product_cat","embeddable":true,"href":"https:\/\/ntscalibracao.com.br\/loja\/wp-json\/wp\/v2\/product_cat?post=10026"},{"taxonomy":"product_tag","embeddable":true,"href":"https:\/\/ntscalibracao.com.br\/loja\/wp-json\/wp\/v2\/product_tag?post=10026"}],"curies":[{"name":"wp","href":"https:\/\/api.w.org\/{rel}","templated":true}]}}