{"id":10022,"date":"2021-05-13T13:59:26","date_gmt":"2021-05-13T16:59:26","guid":{"rendered":"https:\/\/ntscalibracao.com.br\/loja\/?post_type=product&#038;p=10022"},"modified":"2024-03-09T20:45:41","modified_gmt":"2024-03-09T23:45:41","slug":"termo-higrometro-digital-incoterm","status":"publish","type":"product","link":"https:\/\/ntscalibracao.com.br\/loja\/produto\/termo-higrometro-digital-incoterm\/","title":{"rendered":"TERMO-HIGR\u00d4METRO DIGITAL INCOTERM"},"content":{"rendered":"<p>&#8211; M\u00e1xima e M\u00ednima para temperatura e umidade<\/p>\n<p>&#8211; Indicador do n\u00edvel de conforto<\/p>\n<p>&#8211; Im\u00e3 para fixa\u00e7\u00e3o em superf\u00edcies met\u00e1licas<\/p>\n<p>&nbsp;<\/p>\n<p>Principais Aplica\u00e7\u00f5es<\/p>\n<p>&#8211; Monitoramento de ambientes climatizados<\/p>\n<p><strong>\u00a0<\/strong><\/p>\n<p><strong>INFORMA\u00c7\u00d5ES T\u00c9CNICAS<\/strong><\/p>\n<p>Faixa de medi\u00e7\u00e3o temperatura:\u00a0\u00a0\u00a0 -10\u00b0C a 50\u00b0C<\/p>\n<p>Resolu\u00e7\u00e3o temperatura:\u00a0\u00a0\u00a0 1\u00b0C<\/p>\n<p>Exatid\u00e3o temperatura:\u00a0\u00a0\u00a0 \u00b1 1\u00b0C<\/p>\n<p>Faixa de medi\u00e7\u00e3o umidade:\u00a0\u00a0\u00a0 20% a 95% UR<\/p>\n<p>Resolu\u00e7\u00e3o umidade:\u00a0\u00a0\u00a0\u00a0 1% UR<\/p>\n<p>Exatid\u00e3o umidade:\u00a0\u00a0\u00a0 \u00b1 5% UR<\/p>\n<p>Dimens\u00f5es:\u00a0\u00a0\u00a0 88 x 48 x 17 mm<\/p>\n<p>Alimenta\u00e7\u00e3o:\u00a0\u00a0\u00a0 1 x 1.5V LR44<\/p>\n","protected":false},"excerpt":{"rendered":"<p>&#8211; M\u00e1xima e M\u00ednima para temperatura e umidade &#8211; Indicador do n\u00edvel de conforto &#8211; Im\u00e3 para fixa\u00e7\u00e3o em superf\u00edcies met\u00e1licas &nbsp; Principais Aplica\u00e7\u00f5es &#8211; Monitoramento de ambientes climatizados \u00a0 INFORMA\u00c7\u00d5ES T\u00c9CNICAS Faixa de medi\u00e7\u00e3o temperatura:\u00a0\u00a0\u00a0 -10\u00b0C a 50\u00b0C Resolu\u00e7\u00e3o temperatura:\u00a0\u00a0\u00a0 1\u00b0C Exatid\u00e3o temperatura:\u00a0\u00a0\u00a0 \u00b1 1\u00b0C Faixa de medi\u00e7\u00e3o umidade:\u00a0\u00a0\u00a0 20% a 95% UR Resolu\u00e7\u00e3o [&hellip;]<\/p>\n","protected":false},"featured_media":10024,"comment_status":"open","ping_status":"closed","template":"","meta":[],"pwb-brand":[],"product_cat":[76,67,72],"product_tag":[],"yoast_head":"<!-- This site is optimized with the Yoast SEO Premium plugin v14.7 - https:\/\/yoast.com\/wordpress\/plugins\/seo\/ -->\n<title>TERMO-HIGR\u00d4METRO DIGITAL INCOTERM - NTS Calibra\u00e7\u00e3o<\/title>\n<meta name=\"robots\" content=\"index, follow\" \/>\n<meta name=\"googlebot\" content=\"index, follow, max-snippet:-1, max-image-preview:large, max-video-preview:-1\" \/>\n<meta name=\"bingbot\" content=\"index, follow, max-snippet:-1, max-image-preview:large, max-video-preview:-1\" \/>\n<link rel=\"canonical\" href=\"https:\/\/ntscalibracao.com.br\/loja\/produto\/termo-higrometro-digital-incoterm\/\" \/>\n<meta property=\"og:locale\" content=\"pt_BR\" \/>\n<meta property=\"og:type\" content=\"article\" \/>\n<meta property=\"og:title\" content=\"TERMO-HIGR\u00d4METRO DIGITAL INCOTERM - NTS Calibra\u00e7\u00e3o\" \/>\n<meta property=\"og:description\" content=\"&#8211; M\u00e1xima e M\u00ednima para temperatura e umidade &#8211; Indicador do n\u00edvel de conforto &#8211; Im\u00e3 para fixa\u00e7\u00e3o em superf\u00edcies met\u00e1licas &nbsp; Principais Aplica\u00e7\u00f5es &#8211; Monitoramento de ambientes climatizados \u00a0 INFORMA\u00c7\u00d5ES T\u00c9CNICAS Faixa de medi\u00e7\u00e3o temperatura:\u00a0\u00a0\u00a0 -10\u00b0C a 50\u00b0C Resolu\u00e7\u00e3o temperatura:\u00a0\u00a0\u00a0 1\u00b0C Exatid\u00e3o temperatura:\u00a0\u00a0\u00a0 \u00b1 1\u00b0C Faixa de medi\u00e7\u00e3o umidade:\u00a0\u00a0\u00a0 20% a 95% UR Resolu\u00e7\u00e3o [&hellip;]\" \/>\n<meta property=\"og:url\" content=\"https:\/\/ntscalibracao.com.br\/loja\/produto\/termo-higrometro-digital-incoterm\/\" \/>\n<meta property=\"og:site_name\" content=\"NTS Calibra\u00e7\u00e3o\" \/>\n<meta property=\"article:publisher\" content=\"https:\/\/www.facebook.com\/NTS-Calibra%c3%a7%c3%a3o-de-Balan%c3%a7as-e-Instrumentos-253519321396719\" \/>\n<meta property=\"article:modified_time\" content=\"2024-03-09T23:45:41+00:00\" \/>\n<meta property=\"og:image\" content=\"https:\/\/ntscalibracao.com.br\/loja\/wp-content\/uploads\/2021\/05\/imagem-t-thi-0030-00.png\" \/>\n\t<meta property=\"og:image:width\" content=\"800\" \/>\n\t<meta property=\"og:image:height\" content=\"800\" \/>\n<meta name=\"twitter:card\" content=\"summary_large_image\" \/>\n<script type=\"application\/ld+json\" class=\"yoast-schema-graph\">{\"@context\":\"https:\/\/schema.org\",\"@graph\":[{\"@type\":\"Organization\",\"@id\":\"https:\/\/ntscalibracao.com.br\/loja\/#organization\",\"name\":\"NTS Calibra\\u00e7\\u00e3o de Balan\\u00e7as e Instrumentos\",\"url\":\"https:\/\/ntscalibracao.com.br\/loja\/\",\"sameAs\":[\"https:\/\/www.facebook.com\/NTS-Calibra\\u00e7\\u00e3o-de-Balan\\u00e7as-e-Instrumentos-253519321396719\"],\"logo\":{\"@type\":\"ImageObject\",\"@id\":\"https:\/\/ntscalibracao.com.br\/loja\/#logo\",\"inLanguage\":\"pt-BR\",\"url\":\"https:\/\/ntscalibracao.com.br\/loja\/wp-content\/uploads\/2021\/02\/cropped-logo-nts1.png\",\"width\":203,\"height\":60,\"caption\":\"NTS Calibra\\u00e7\\u00e3o de Balan\\u00e7as e Instrumentos\"},\"image\":{\"@id\":\"https:\/\/ntscalibracao.com.br\/loja\/#logo\"}},{\"@type\":\"WebSite\",\"@id\":\"https:\/\/ntscalibracao.com.br\/loja\/#website\",\"url\":\"https:\/\/ntscalibracao.com.br\/loja\/\",\"name\":\"NTS Calibra\\u00e7\\u00e3o - Loja de Balan\\u00e7as e Instrumentos de Medi\\u00e7\\u00e3o\",\"description\":\"Loja\",\"publisher\":{\"@id\":\"https:\/\/ntscalibracao.com.br\/loja\/#organization\"},\"potentialAction\":[{\"@type\":\"SearchAction\",\"target\":\"https:\/\/ntscalibracao.com.br\/loja\/?s={search_term_string}\",\"query-input\":\"required name=search_term_string\"}],\"inLanguage\":\"pt-BR\"},{\"@type\":\"ImageObject\",\"@id\":\"https:\/\/ntscalibracao.com.br\/loja\/produto\/termo-higrometro-digital-incoterm\/#primaryimage\",\"inLanguage\":\"pt-BR\",\"url\":\"https:\/\/ntscalibracao.com.br\/loja\/wp-content\/uploads\/2021\/05\/imagem-t-thi-0030-00.png\",\"width\":800,\"height\":800},{\"@type\":\"WebPage\",\"@id\":\"https:\/\/ntscalibracao.com.br\/loja\/produto\/termo-higrometro-digital-incoterm\/#webpage\",\"url\":\"https:\/\/ntscalibracao.com.br\/loja\/produto\/termo-higrometro-digital-incoterm\/\",\"name\":\"TERMO-HIGR\\u00d4METRO DIGITAL INCOTERM - NTS Calibra\\u00e7\\u00e3o\",\"isPartOf\":{\"@id\":\"https:\/\/ntscalibracao.com.br\/loja\/#website\"},\"primaryImageOfPage\":{\"@id\":\"https:\/\/ntscalibracao.com.br\/loja\/produto\/termo-higrometro-digital-incoterm\/#primaryimage\"},\"datePublished\":\"2021-05-13T16:59:26+00:00\",\"dateModified\":\"2024-03-09T23:45:41+00:00\",\"inLanguage\":\"pt-BR\",\"potentialAction\":[{\"@type\":\"ReadAction\",\"target\":[\"https:\/\/ntscalibracao.com.br\/loja\/produto\/termo-higrometro-digital-incoterm\/\"]}]}]}<\/script>\n<!-- \/ Yoast SEO Premium plugin. -->","brands":[],"_links":{"self":[{"href":"https:\/\/ntscalibracao.com.br\/loja\/wp-json\/wp\/v2\/product\/10022"}],"collection":[{"href":"https:\/\/ntscalibracao.com.br\/loja\/wp-json\/wp\/v2\/product"}],"about":[{"href":"https:\/\/ntscalibracao.com.br\/loja\/wp-json\/wp\/v2\/types\/product"}],"replies":[{"embeddable":true,"href":"https:\/\/ntscalibracao.com.br\/loja\/wp-json\/wp\/v2\/comments?post=10022"}],"wp:featuredmedia":[{"embeddable":true,"href":"https:\/\/ntscalibracao.com.br\/loja\/wp-json\/wp\/v2\/media\/10024"}],"wp:attachment":[{"href":"https:\/\/ntscalibracao.com.br\/loja\/wp-json\/wp\/v2\/media?parent=10022"}],"wp:term":[{"taxonomy":"pwb-brand","embeddable":true,"href":"https:\/\/ntscalibracao.com.br\/loja\/wp-json\/wp\/v2\/pwb-brand?post=10022"},{"taxonomy":"product_cat","embeddable":true,"href":"https:\/\/ntscalibracao.com.br\/loja\/wp-json\/wp\/v2\/product_cat?post=10022"},{"taxonomy":"product_tag","embeddable":true,"href":"https:\/\/ntscalibracao.com.br\/loja\/wp-json\/wp\/v2\/product_tag?post=10022"}],"curies":[{"name":"wp","href":"https:\/\/api.w.org\/{rel}","templated":true}]}}