{"id":10020,"date":"2021-05-13T13:52:23","date_gmt":"2021-05-13T16:52:23","guid":{"rendered":"https:\/\/ntscalibracao.com.br\/loja\/?post_type=product&#038;p=10020"},"modified":"2021-05-13T13:52:23","modified_gmt":"2021-05-13T16:52:23","slug":"termo-higrometro-digital-temperatura-e-umidade-interna-incoterm","status":"publish","type":"product","link":"https:\/\/ntscalibracao.com.br\/loja\/produto\/termo-higrometro-digital-temperatura-e-umidade-interna-incoterm\/","title":{"rendered":"TERMO-HIGR\u00d4METRO DIGITAL TEMPERATURA E UMIDADE INTERNA INCOTERM"},"content":{"rendered":"<p>Os termo-higr\u00f4metros s\u00e3o instrumentos com visor de f\u00e1cil leitura e design arrojado, destinados para medir a temperatura e umidade ambiente.<\/p>\n<p>&nbsp;<\/p>\n<p>&#8211; Temperatura externa e interna;<\/p>\n<p>&#8211; Fun\u00e7\u00e3o m\u00e1xima e m\u00ednima;<\/p>\n<p>&#8211; Umidade interna;<\/p>\n<p>&#8211; Bot\u00e3o seletor de unidade de medi\u00e7\u00e3o: \u00b0C ou \u00b0F;<\/p>\n<p>&#8211; Bot\u00e3o temperatura interna\/externa;<\/p>\n<p>&#8211; Cabo de aproximadamente 2m;<\/p>\n<p><strong>\u00a0<\/strong><\/p>\n<p><strong>INFORMA\u00c7\u00d5ES T\u00c9CNICAS<\/strong><\/p>\n<p>&#8211; Dimens\u00f5es: 86x64x22 mm;- peso: 85g;<\/p>\n<p>&#8211; Material: pl\u00e1stico ABS;<\/p>\n<p>&#8211; Comprimento do cabo: \u00b1 2,40 m;<\/p>\n<p>&#8211; Pilhas: 1,5V &#8211; AAA; (n\u00e3o inclusas)<\/p>\n<p>&#8211; Faixa de temperatura interna: 0\u00b0C \u00e0 50\u00b0C (32\u00b0F \u00e0 122\u00b0F);<\/p>\n<p>&#8211; Faixa de temperatura externa: -50\u00b0 \u00e0 +70\u00b0C (-58\u00b0F \u00c0 158\u00b0F);<\/p>\n<p>&#8211; Resolu\u00e7\u00e3o: 0,1\u00b0C \/ \u00b0F;<\/p>\n<p>&#8211; Exatid\u00e3o int\/ext: \u00b1 1\u00b0C de 0\u00baC a 50\u00baC, \u00b1 2\u00baC para o restante da faixa.<\/p>\n<p>&#8211; Faixa da umidade: 15% \u00e0 95% UR;<\/p>\n<p>&#8211; Resolu\u00e7\u00e3o: 1% UR;<\/p>\n<p>&#8211; Exatid\u00e3o: \u00b15% UR;<\/p>\n","protected":false},"excerpt":{"rendered":"<p>Os termo-higr\u00f4metros s\u00e3o instrumentos com visor de f\u00e1cil leitura e design arrojado, destinados para medir a temperatura e umidade ambiente. &nbsp; &#8211; Temperatura externa e interna; &#8211; Fun\u00e7\u00e3o m\u00e1xima e m\u00ednima; &#8211; Umidade interna; &#8211; Bot\u00e3o seletor de unidade de medi\u00e7\u00e3o: \u00b0C ou \u00b0F; &#8211; Bot\u00e3o temperatura interna\/externa; &#8211; Cabo de aproximadamente 2m; \u00a0 INFORMA\u00c7\u00d5ES [&hellip;]<\/p>\n","protected":false},"featured_media":10021,"comment_status":"open","ping_status":"closed","template":"","meta":[],"pwb-brand":[],"product_cat":[76,67,72],"product_tag":[],"yoast_head":"<!-- This site is optimized with the Yoast SEO Premium plugin v14.7 - https:\/\/yoast.com\/wordpress\/plugins\/seo\/ -->\n<title>TERMO-HIGR\u00d4METRO DIGITAL TEMPERATURA E UMIDADE INTERNA INCOTERM - NTS Calibra\u00e7\u00e3o<\/title>\n<meta name=\"robots\" content=\"index, follow\" \/>\n<meta name=\"googlebot\" content=\"index, follow, max-snippet:-1, max-image-preview:large, max-video-preview:-1\" \/>\n<meta name=\"bingbot\" content=\"index, follow, max-snippet:-1, max-image-preview:large, max-video-preview:-1\" \/>\n<link rel=\"canonical\" href=\"https:\/\/ntscalibracao.com.br\/loja\/produto\/termo-higrometro-digital-temperatura-e-umidade-interna-incoterm\/\" \/>\n<meta property=\"og:locale\" content=\"pt_BR\" \/>\n<meta property=\"og:type\" content=\"article\" \/>\n<meta property=\"og:title\" content=\"TERMO-HIGR\u00d4METRO DIGITAL TEMPERATURA E UMIDADE INTERNA INCOTERM - NTS Calibra\u00e7\u00e3o\" \/>\n<meta property=\"og:description\" content=\"Os termo-higr\u00f4metros s\u00e3o instrumentos com visor de f\u00e1cil leitura e design arrojado, destinados para medir a temperatura e umidade ambiente. &nbsp; &#8211; Temperatura externa e interna; &#8211; Fun\u00e7\u00e3o m\u00e1xima e m\u00ednima; &#8211; Umidade interna; &#8211; Bot\u00e3o seletor de unidade de medi\u00e7\u00e3o: \u00b0C ou \u00b0F; &#8211; Bot\u00e3o temperatura interna\/externa; &#8211; Cabo de aproximadamente 2m; \u00a0 INFORMA\u00c7\u00d5ES [&hellip;]\" \/>\n<meta property=\"og:url\" content=\"https:\/\/ntscalibracao.com.br\/loja\/produto\/termo-higrometro-digital-temperatura-e-umidade-interna-incoterm\/\" \/>\n<meta property=\"og:site_name\" content=\"NTS Calibra\u00e7\u00e3o\" \/>\n<meta property=\"article:publisher\" content=\"https:\/\/www.facebook.com\/NTS-Calibra%c3%a7%c3%a3o-de-Balan%c3%a7as-e-Instrumentos-253519321396719\" \/>\n<meta property=\"og:image\" content=\"https:\/\/ntscalibracao.com.br\/loja\/wp-content\/uploads\/2021\/05\/termo-higrometro-digital-temperatura-e-umidade-interna-incoterm-2.png\" \/>\n\t<meta property=\"og:image:width\" content=\"800\" \/>\n\t<meta property=\"og:image:height\" content=\"800\" \/>\n<meta name=\"twitter:card\" content=\"summary_large_image\" \/>\n<script type=\"application\/ld+json\" class=\"yoast-schema-graph\">{\"@context\":\"https:\/\/schema.org\",\"@graph\":[{\"@type\":\"Organization\",\"@id\":\"https:\/\/ntscalibracao.com.br\/loja\/#organization\",\"name\":\"NTS Calibra\\u00e7\\u00e3o de Balan\\u00e7as e Instrumentos\",\"url\":\"https:\/\/ntscalibracao.com.br\/loja\/\",\"sameAs\":[\"https:\/\/www.facebook.com\/NTS-Calibra\\u00e7\\u00e3o-de-Balan\\u00e7as-e-Instrumentos-253519321396719\"],\"logo\":{\"@type\":\"ImageObject\",\"@id\":\"https:\/\/ntscalibracao.com.br\/loja\/#logo\",\"inLanguage\":\"pt-BR\",\"url\":\"https:\/\/ntscalibracao.com.br\/loja\/wp-content\/uploads\/2021\/02\/cropped-logo-nts1.png\",\"width\":203,\"height\":60,\"caption\":\"NTS Calibra\\u00e7\\u00e3o de Balan\\u00e7as e Instrumentos\"},\"image\":{\"@id\":\"https:\/\/ntscalibracao.com.br\/loja\/#logo\"}},{\"@type\":\"WebSite\",\"@id\":\"https:\/\/ntscalibracao.com.br\/loja\/#website\",\"url\":\"https:\/\/ntscalibracao.com.br\/loja\/\",\"name\":\"NTS Calibra\\u00e7\\u00e3o - Loja de Balan\\u00e7as e Instrumentos de Medi\\u00e7\\u00e3o\",\"description\":\"Loja\",\"publisher\":{\"@id\":\"https:\/\/ntscalibracao.com.br\/loja\/#organization\"},\"potentialAction\":[{\"@type\":\"SearchAction\",\"target\":\"https:\/\/ntscalibracao.com.br\/loja\/?s={search_term_string}\",\"query-input\":\"required name=search_term_string\"}],\"inLanguage\":\"pt-BR\"},{\"@type\":\"ImageObject\",\"@id\":\"https:\/\/ntscalibracao.com.br\/loja\/produto\/termo-higrometro-digital-temperatura-e-umidade-interna-incoterm\/#primaryimage\",\"inLanguage\":\"pt-BR\",\"url\":\"https:\/\/ntscalibracao.com.br\/loja\/wp-content\/uploads\/2021\/05\/termo-higrometro-digital-temperatura-e-umidade-interna-incoterm-2.png\",\"width\":800,\"height\":800},{\"@type\":\"WebPage\",\"@id\":\"https:\/\/ntscalibracao.com.br\/loja\/produto\/termo-higrometro-digital-temperatura-e-umidade-interna-incoterm\/#webpage\",\"url\":\"https:\/\/ntscalibracao.com.br\/loja\/produto\/termo-higrometro-digital-temperatura-e-umidade-interna-incoterm\/\",\"name\":\"TERMO-HIGR\\u00d4METRO DIGITAL TEMPERATURA E UMIDADE INTERNA INCOTERM - NTS Calibra\\u00e7\\u00e3o\",\"isPartOf\":{\"@id\":\"https:\/\/ntscalibracao.com.br\/loja\/#website\"},\"primaryImageOfPage\":{\"@id\":\"https:\/\/ntscalibracao.com.br\/loja\/produto\/termo-higrometro-digital-temperatura-e-umidade-interna-incoterm\/#primaryimage\"},\"datePublished\":\"2021-05-13T16:52:23+00:00\",\"dateModified\":\"2021-05-13T16:52:23+00:00\",\"inLanguage\":\"pt-BR\",\"potentialAction\":[{\"@type\":\"ReadAction\",\"target\":[\"https:\/\/ntscalibracao.com.br\/loja\/produto\/termo-higrometro-digital-temperatura-e-umidade-interna-incoterm\/\"]}]}]}<\/script>\n<!-- \/ Yoast SEO Premium plugin. -->","brands":[],"_links":{"self":[{"href":"https:\/\/ntscalibracao.com.br\/loja\/wp-json\/wp\/v2\/product\/10020"}],"collection":[{"href":"https:\/\/ntscalibracao.com.br\/loja\/wp-json\/wp\/v2\/product"}],"about":[{"href":"https:\/\/ntscalibracao.com.br\/loja\/wp-json\/wp\/v2\/types\/product"}],"replies":[{"embeddable":true,"href":"https:\/\/ntscalibracao.com.br\/loja\/wp-json\/wp\/v2\/comments?post=10020"}],"wp:featuredmedia":[{"embeddable":true,"href":"https:\/\/ntscalibracao.com.br\/loja\/wp-json\/wp\/v2\/media\/10021"}],"wp:attachment":[{"href":"https:\/\/ntscalibracao.com.br\/loja\/wp-json\/wp\/v2\/media?parent=10020"}],"wp:term":[{"taxonomy":"pwb-brand","embeddable":true,"href":"https:\/\/ntscalibracao.com.br\/loja\/wp-json\/wp\/v2\/pwb-brand?post=10020"},{"taxonomy":"product_cat","embeddable":true,"href":"https:\/\/ntscalibracao.com.br\/loja\/wp-json\/wp\/v2\/product_cat?post=10020"},{"taxonomy":"product_tag","embeddable":true,"href":"https:\/\/ntscalibracao.com.br\/loja\/wp-json\/wp\/v2\/product_tag?post=10020"}],"curies":[{"name":"wp","href":"https:\/\/api.w.org\/{rel}","templated":true}]}}