{"id":10017,"date":"2021-05-13T13:44:07","date_gmt":"2021-05-13T16:44:07","guid":{"rendered":"https:\/\/ntscalibracao.com.br\/loja\/?post_type=product&#038;p=10017"},"modified":"2025-04-04T03:15:30","modified_gmt":"2025-04-04T06:15:30","slug":"termometro-maxima-e-minima-digital-incoterm","status":"publish","type":"product","link":"https:\/\/ntscalibracao.com.br\/loja\/produto\/termometro-maxima-e-minima-digital-incoterm\/","title":{"rendered":"TERM\u00d4METRO M\u00c1XIMA E M\u00cdNIMA DIGITAL INCOTERM"},"content":{"rendered":"<p>&#8211; Instrumento de medi\u00e7\u00e3o precisa da temperatura externa e interna, assim como suas m\u00e1ximas e m\u00ednimas.<\/p>\n<p>&#8211; Visor em cristal l\u00edquido de f\u00e1cil visualiza\u00e7\u00e3o<\/p>\n<p>&#8211; Fun\u00e7\u00e3o\u00b0C\/F\u00b0<\/p>\n<p>&#8211; Cabo de aproximadamente 3 metros<\/p>\n<p>&nbsp;<\/p>\n<p>Aplica\u00e7\u00f5es:<\/p>\n<p>&#8211; Controle da temperatura ambiente;<\/p>\n<p>&#8211; Controle de processos laboratoriais;<\/p>\n<p>&#8211; Dep\u00f3sito e armazenamento de medicamentos;<\/p>\n<p>&#8211; Geladeiras;<\/p>\n<p>&nbsp;<\/p>\n<p>INFORMA\u00c7\u00d5ES T\u00c9CNICAS<\/p>\n<p>&#8211; Faixa de medi\u00e7\u00e3o interna: -20\u00b0C a +70\u00b0C;<\/p>\n<p>&#8211; Faixa de medi\u00e7\u00e3o externa: -50\u00b0C a +70\u00b0C;<\/p>\n<p>&#8211; Resolu\u00e7\u00e3o: 0,1\u00b0C;<\/p>\n<p>&#8211; Precis\u00e3o: \u00b11\u00b0C;<\/p>\n<p>&#8211; Peso: 100g;<\/p>\n<p>&#8211; Dimens\u00f5es: 64x85x21mm<\/p>\n<p>-Alimenta\u00e7\u00e3o: 1 Pilha 1,5 Volts &#8211; Tipo AAA<\/p>\n","protected":false},"excerpt":{"rendered":"<p>&#8211; Instrumento de medi\u00e7\u00e3o precisa da temperatura externa e interna, assim como suas m\u00e1ximas e m\u00ednimas. &#8211; Visor em cristal l\u00edquido de f\u00e1cil visualiza\u00e7\u00e3o &#8211; Fun\u00e7\u00e3o\u00b0C\/F\u00b0 &#8211; Cabo de aproximadamente 3 metros &nbsp; Aplica\u00e7\u00f5es: &#8211; Controle da temperatura ambiente; &#8211; Controle de processos laboratoriais; &#8211; Dep\u00f3sito e armazenamento de medicamentos; &#8211; Geladeiras; &nbsp; INFORMA\u00c7\u00d5ES T\u00c9CNICAS [&hellip;]<\/p>\n","protected":false},"featured_media":10019,"comment_status":"open","ping_status":"closed","template":"","meta":[],"pwb-brand":[],"product_cat":[75,92,72],"product_tag":[],"yoast_head":"<!-- This site is optimized with the Yoast SEO Premium plugin v14.7 - https:\/\/yoast.com\/wordpress\/plugins\/seo\/ -->\n<title>TERM\u00d4METRO M\u00c1XIMA E M\u00cdNIMA DIGITAL INCOTERM - NTS Calibra\u00e7\u00e3o<\/title>\n<meta name=\"robots\" content=\"index, follow\" \/>\n<meta name=\"googlebot\" content=\"index, follow, max-snippet:-1, max-image-preview:large, max-video-preview:-1\" \/>\n<meta name=\"bingbot\" content=\"index, follow, max-snippet:-1, max-image-preview:large, max-video-preview:-1\" \/>\n<link rel=\"canonical\" href=\"https:\/\/ntscalibracao.com.br\/loja\/produto\/termometro-maxima-e-minima-digital-incoterm\/\" \/>\n<meta property=\"og:locale\" content=\"pt_BR\" \/>\n<meta property=\"og:type\" content=\"article\" \/>\n<meta property=\"og:title\" content=\"TERM\u00d4METRO M\u00c1XIMA E M\u00cdNIMA DIGITAL INCOTERM - NTS Calibra\u00e7\u00e3o\" \/>\n<meta property=\"og:description\" content=\"&#8211; Instrumento de medi\u00e7\u00e3o precisa da temperatura externa e interna, assim como suas m\u00e1ximas e m\u00ednimas. &#8211; Visor em cristal l\u00edquido de f\u00e1cil visualiza\u00e7\u00e3o &#8211; Fun\u00e7\u00e3o\u00b0C\/F\u00b0 &#8211; Cabo de aproximadamente 3 metros &nbsp; Aplica\u00e7\u00f5es: &#8211; Controle da temperatura ambiente; &#8211; Controle de processos laboratoriais; &#8211; Dep\u00f3sito e armazenamento de medicamentos; &#8211; Geladeiras; &nbsp; INFORMA\u00c7\u00d5ES T\u00c9CNICAS [&hellip;]\" \/>\n<meta property=\"og:url\" content=\"https:\/\/ntscalibracao.com.br\/loja\/produto\/termometro-maxima-e-minima-digital-incoterm\/\" \/>\n<meta property=\"og:site_name\" content=\"NTS Calibra\u00e7\u00e3o\" \/>\n<meta property=\"article:publisher\" content=\"https:\/\/www.facebook.com\/NTS-Calibra%c3%a7%c3%a3o-de-Balan%c3%a7as-e-Instrumentos-253519321396719\" \/>\n<meta property=\"article:modified_time\" content=\"2025-04-04T06:15:30+00:00\" \/>\n<meta property=\"og:image\" content=\"https:\/\/ntscalibracao.com.br\/loja\/wp-content\/uploads\/2021\/05\/termometro-maxima-e-minima-digital-incoterm-7665-02-0-00.png\" \/>\n\t<meta property=\"og:image:width\" content=\"800\" \/>\n\t<meta property=\"og:image:height\" content=\"800\" \/>\n<meta name=\"twitter:card\" content=\"summary_large_image\" \/>\n<script type=\"application\/ld+json\" class=\"yoast-schema-graph\">{\"@context\":\"https:\/\/schema.org\",\"@graph\":[{\"@type\":\"Organization\",\"@id\":\"https:\/\/ntscalibracao.com.br\/loja\/#organization\",\"name\":\"NTS Calibra\\u00e7\\u00e3o de Balan\\u00e7as e Instrumentos\",\"url\":\"https:\/\/ntscalibracao.com.br\/loja\/\",\"sameAs\":[\"https:\/\/www.facebook.com\/NTS-Calibra\\u00e7\\u00e3o-de-Balan\\u00e7as-e-Instrumentos-253519321396719\"],\"logo\":{\"@type\":\"ImageObject\",\"@id\":\"https:\/\/ntscalibracao.com.br\/loja\/#logo\",\"inLanguage\":\"pt-BR\",\"url\":\"https:\/\/ntscalibracao.com.br\/loja\/wp-content\/uploads\/2021\/02\/cropped-logo-nts1.png\",\"width\":203,\"height\":60,\"caption\":\"NTS Calibra\\u00e7\\u00e3o de Balan\\u00e7as e Instrumentos\"},\"image\":{\"@id\":\"https:\/\/ntscalibracao.com.br\/loja\/#logo\"}},{\"@type\":\"WebSite\",\"@id\":\"https:\/\/ntscalibracao.com.br\/loja\/#website\",\"url\":\"https:\/\/ntscalibracao.com.br\/loja\/\",\"name\":\"NTS Calibra\\u00e7\\u00e3o - Loja de Balan\\u00e7as e Instrumentos de Medi\\u00e7\\u00e3o\",\"description\":\"Loja\",\"publisher\":{\"@id\":\"https:\/\/ntscalibracao.com.br\/loja\/#organization\"},\"potentialAction\":[{\"@type\":\"SearchAction\",\"target\":\"https:\/\/ntscalibracao.com.br\/loja\/?s={search_term_string}\",\"query-input\":\"required name=search_term_string\"}],\"inLanguage\":\"pt-BR\"},{\"@type\":\"ImageObject\",\"@id\":\"https:\/\/ntscalibracao.com.br\/loja\/produto\/termometro-maxima-e-minima-digital-incoterm\/#primaryimage\",\"inLanguage\":\"pt-BR\",\"url\":\"https:\/\/ntscalibracao.com.br\/loja\/wp-content\/uploads\/2021\/05\/termometro-maxima-e-minima-digital-incoterm-7665-02-0-00.png\",\"width\":800,\"height\":800},{\"@type\":\"WebPage\",\"@id\":\"https:\/\/ntscalibracao.com.br\/loja\/produto\/termometro-maxima-e-minima-digital-incoterm\/#webpage\",\"url\":\"https:\/\/ntscalibracao.com.br\/loja\/produto\/termometro-maxima-e-minima-digital-incoterm\/\",\"name\":\"TERM\\u00d4METRO M\\u00c1XIMA E M\\u00cdNIMA DIGITAL INCOTERM - NTS Calibra\\u00e7\\u00e3o\",\"isPartOf\":{\"@id\":\"https:\/\/ntscalibracao.com.br\/loja\/#website\"},\"primaryImageOfPage\":{\"@id\":\"https:\/\/ntscalibracao.com.br\/loja\/produto\/termometro-maxima-e-minima-digital-incoterm\/#primaryimage\"},\"datePublished\":\"2021-05-13T16:44:07+00:00\",\"dateModified\":\"2025-04-04T06:15:30+00:00\",\"inLanguage\":\"pt-BR\",\"potentialAction\":[{\"@type\":\"ReadAction\",\"target\":[\"https:\/\/ntscalibracao.com.br\/loja\/produto\/termometro-maxima-e-minima-digital-incoterm\/\"]}]}]}<\/script>\n<!-- \/ Yoast SEO Premium plugin. -->","brands":[],"_links":{"self":[{"href":"https:\/\/ntscalibracao.com.br\/loja\/wp-json\/wp\/v2\/product\/10017"}],"collection":[{"href":"https:\/\/ntscalibracao.com.br\/loja\/wp-json\/wp\/v2\/product"}],"about":[{"href":"https:\/\/ntscalibracao.com.br\/loja\/wp-json\/wp\/v2\/types\/product"}],"replies":[{"embeddable":true,"href":"https:\/\/ntscalibracao.com.br\/loja\/wp-json\/wp\/v2\/comments?post=10017"}],"wp:featuredmedia":[{"embeddable":true,"href":"https:\/\/ntscalibracao.com.br\/loja\/wp-json\/wp\/v2\/media\/10019"}],"wp:attachment":[{"href":"https:\/\/ntscalibracao.com.br\/loja\/wp-json\/wp\/v2\/media?parent=10017"}],"wp:term":[{"taxonomy":"pwb-brand","embeddable":true,"href":"https:\/\/ntscalibracao.com.br\/loja\/wp-json\/wp\/v2\/pwb-brand?post=10017"},{"taxonomy":"product_cat","embeddable":true,"href":"https:\/\/ntscalibracao.com.br\/loja\/wp-json\/wp\/v2\/product_cat?post=10017"},{"taxonomy":"product_tag","embeddable":true,"href":"https:\/\/ntscalibracao.com.br\/loja\/wp-json\/wp\/v2\/product_tag?post=10017"}],"curies":[{"name":"wp","href":"https:\/\/api.w.org\/{rel}","templated":true}]}}