{"id":10011,"date":"2021-05-13T13:34:51","date_gmt":"2021-05-13T16:34:51","guid":{"rendered":"https:\/\/ntscalibracao.com.br\/loja\/?post_type=product&#038;p=10011"},"modified":"2024-03-10T04:01:45","modified_gmt":"2024-03-10T07:01:45","slug":"phmetro-digital-tipo-caneta","status":"publish","type":"product","link":"https:\/\/ntscalibracao.com.br\/loja\/produto\/phmetro-digital-tipo-caneta\/","title":{"rendered":"PHMETRO DIGITAL TIPO CANETA"},"content":{"rendered":"<p>O medidor de pH tipo caneta PH &#8211; 220 \u00e9 um instrumento de precis\u00e3o projetado para utiliza\u00e7\u00e3o em laborat\u00f3rios ou opera\u00e7\u00f5es de campo. Pode exibir a temperatura e o valor de pH. O instrumento \u00e9 adequado para monitoramento de \u00e1gua pot\u00e1vel, aquicultura, prote\u00e7\u00e3o ambiental, impress\u00e3o, tingimento, galvanoplastia, ind\u00fastria de bebidas e unidades de pesquisa cient\u00edfica para determina\u00e7\u00e3o do valor do pH da \u00e1gua.<\/p>\n<p>&nbsp;<\/p>\n<p>&#8211; Eletrodo substitu\u00edvel<\/p>\n<p>&#8211; Compensa\u00e7\u00e3o autom\u00e1tica de temperatura (ATC)<\/p>\n<p>&#8211; Visor com indica\u00e7\u00e3o dupla (pH\/temperatura)<\/p>\n<p>&#8211; Fun\u00e7\u00e3o Hold<\/p>\n<p>&#8211; Indica\u00e7\u00e3o de pilhas fracas<\/p>\n<p>&#8211; 3 pontos de ajuste<\/p>\n<p>&#8211; Desligamento autom\u00e1tico em 5 minutos<\/p>\n<p>INFORMA\u00c7\u00d5ES T\u00c9CNICAS<\/p>\n<p>Faixa de medi\u00e7\u00e3o :\u00a0\u00a0\u00a0 PH: 0.01 a 14.0 pH; 0\u00b0C a 50\u00b0C<\/p>\n<p>Exatid\u00e3o:\u00a0\u00a0\u00a0 PH: \u00b10.02PH, Temperatura: 1\u00b0C<\/p>\n<p>Resolu\u00e7\u00e3o:\u00a0\u00a0\u00a0\u00a0 PH:\u00b10.01PH,Temperatura:0.1\u00b0C<\/p>\n<p>Alimenta\u00e7\u00e3o:\u00a0\u00a0\u00a0\u00a0 4 pilhas LR44<\/p>\n<p>Dimens\u00f5es do produto:\u00a0\u00a0\u00a0\u00a0 \u00d840 x 185 mm<\/p>\n<p>Tamanho do display:\u00a0\u00a0\u00a0\u00a0 26 x 20 mm<\/p>\n","protected":false},"excerpt":{"rendered":"<p>O medidor de pH tipo caneta PH &#8211; 220 \u00e9 um instrumento de precis\u00e3o projetado para utiliza\u00e7\u00e3o em laborat\u00f3rios ou opera\u00e7\u00f5es de campo. Pode exibir a temperatura e o valor de pH. O instrumento \u00e9 adequado para monitoramento de \u00e1gua pot\u00e1vel, aquicultura, prote\u00e7\u00e3o ambiental, impress\u00e3o, tingimento, galvanoplastia, ind\u00fastria de bebidas e unidades de pesquisa cient\u00edfica [&hellip;]<\/p>\n","protected":false},"featured_media":10014,"comment_status":"open","ping_status":"closed","template":"","meta":[],"pwb-brand":[],"product_cat":[73,83,72],"product_tag":[],"yoast_head":"<!-- This site is optimized with the Yoast SEO Premium plugin v14.7 - https:\/\/yoast.com\/wordpress\/plugins\/seo\/ -->\n<title>PHMETRO DIGITAL TIPO CANETA - NTS Calibra\u00e7\u00e3o<\/title>\n<meta name=\"robots\" content=\"index, follow\" \/>\n<meta name=\"googlebot\" content=\"index, follow, max-snippet:-1, max-image-preview:large, max-video-preview:-1\" \/>\n<meta name=\"bingbot\" content=\"index, follow, max-snippet:-1, max-image-preview:large, max-video-preview:-1\" \/>\n<link rel=\"canonical\" href=\"https:\/\/ntscalibracao.com.br\/loja\/produto\/phmetro-digital-tipo-caneta\/\" \/>\n<meta property=\"og:locale\" content=\"pt_BR\" \/>\n<meta property=\"og:type\" content=\"article\" \/>\n<meta property=\"og:title\" content=\"PHMETRO DIGITAL TIPO CANETA - NTS Calibra\u00e7\u00e3o\" \/>\n<meta property=\"og:description\" content=\"O medidor de pH tipo caneta PH &#8211; 220 \u00e9 um instrumento de precis\u00e3o projetado para utiliza\u00e7\u00e3o em laborat\u00f3rios ou opera\u00e7\u00f5es de campo. Pode exibir a temperatura e o valor de pH. O instrumento \u00e9 adequado para monitoramento de \u00e1gua pot\u00e1vel, aquicultura, prote\u00e7\u00e3o ambiental, impress\u00e3o, tingimento, galvanoplastia, ind\u00fastria de bebidas e unidades de pesquisa cient\u00edfica [&hellip;]\" \/>\n<meta property=\"og:url\" content=\"https:\/\/ntscalibracao.com.br\/loja\/produto\/phmetro-digital-tipo-caneta\/\" \/>\n<meta property=\"og:site_name\" content=\"NTS Calibra\u00e7\u00e3o\" \/>\n<meta property=\"article:publisher\" content=\"https:\/\/www.facebook.com\/NTS-Calibra%c3%a7%c3%a3o-de-Balan%c3%a7as-e-Instrumentos-253519321396719\" \/>\n<meta property=\"article:modified_time\" content=\"2024-03-10T07:01:45+00:00\" \/>\n<meta property=\"og:image\" content=\"https:\/\/ntscalibracao.com.br\/loja\/wp-content\/uploads\/2021\/05\/T-PHM-0010.00.png\" \/>\n\t<meta property=\"og:image:width\" content=\"800\" \/>\n\t<meta property=\"og:image:height\" content=\"800\" \/>\n<meta name=\"twitter:card\" content=\"summary_large_image\" \/>\n<script type=\"application\/ld+json\" class=\"yoast-schema-graph\">{\"@context\":\"https:\/\/schema.org\",\"@graph\":[{\"@type\":\"Organization\",\"@id\":\"https:\/\/ntscalibracao.com.br\/loja\/#organization\",\"name\":\"NTS Calibra\\u00e7\\u00e3o de Balan\\u00e7as e Instrumentos\",\"url\":\"https:\/\/ntscalibracao.com.br\/loja\/\",\"sameAs\":[\"https:\/\/www.facebook.com\/NTS-Calibra\\u00e7\\u00e3o-de-Balan\\u00e7as-e-Instrumentos-253519321396719\"],\"logo\":{\"@type\":\"ImageObject\",\"@id\":\"https:\/\/ntscalibracao.com.br\/loja\/#logo\",\"inLanguage\":\"pt-BR\",\"url\":\"https:\/\/ntscalibracao.com.br\/loja\/wp-content\/uploads\/2021\/02\/cropped-logo-nts1.png\",\"width\":203,\"height\":60,\"caption\":\"NTS Calibra\\u00e7\\u00e3o de Balan\\u00e7as e Instrumentos\"},\"image\":{\"@id\":\"https:\/\/ntscalibracao.com.br\/loja\/#logo\"}},{\"@type\":\"WebSite\",\"@id\":\"https:\/\/ntscalibracao.com.br\/loja\/#website\",\"url\":\"https:\/\/ntscalibracao.com.br\/loja\/\",\"name\":\"NTS Calibra\\u00e7\\u00e3o - Loja de Balan\\u00e7as e Instrumentos de Medi\\u00e7\\u00e3o\",\"description\":\"Loja\",\"publisher\":{\"@id\":\"https:\/\/ntscalibracao.com.br\/loja\/#organization\"},\"potentialAction\":[{\"@type\":\"SearchAction\",\"target\":\"https:\/\/ntscalibracao.com.br\/loja\/?s={search_term_string}\",\"query-input\":\"required name=search_term_string\"}],\"inLanguage\":\"pt-BR\"},{\"@type\":\"ImageObject\",\"@id\":\"https:\/\/ntscalibracao.com.br\/loja\/produto\/phmetro-digital-tipo-caneta\/#primaryimage\",\"inLanguage\":\"pt-BR\",\"url\":\"https:\/\/ntscalibracao.com.br\/loja\/wp-content\/uploads\/2021\/05\/T-PHM-0010.00.png\",\"width\":800,\"height\":800},{\"@type\":\"WebPage\",\"@id\":\"https:\/\/ntscalibracao.com.br\/loja\/produto\/phmetro-digital-tipo-caneta\/#webpage\",\"url\":\"https:\/\/ntscalibracao.com.br\/loja\/produto\/phmetro-digital-tipo-caneta\/\",\"name\":\"PHMETRO DIGITAL TIPO CANETA - NTS Calibra\\u00e7\\u00e3o\",\"isPartOf\":{\"@id\":\"https:\/\/ntscalibracao.com.br\/loja\/#website\"},\"primaryImageOfPage\":{\"@id\":\"https:\/\/ntscalibracao.com.br\/loja\/produto\/phmetro-digital-tipo-caneta\/#primaryimage\"},\"datePublished\":\"2021-05-13T16:34:51+00:00\",\"dateModified\":\"2024-03-10T07:01:45+00:00\",\"inLanguage\":\"pt-BR\",\"potentialAction\":[{\"@type\":\"ReadAction\",\"target\":[\"https:\/\/ntscalibracao.com.br\/loja\/produto\/phmetro-digital-tipo-caneta\/\"]}]}]}<\/script>\n<!-- \/ Yoast SEO Premium plugin. -->","brands":[],"_links":{"self":[{"href":"https:\/\/ntscalibracao.com.br\/loja\/wp-json\/wp\/v2\/product\/10011"}],"collection":[{"href":"https:\/\/ntscalibracao.com.br\/loja\/wp-json\/wp\/v2\/product"}],"about":[{"href":"https:\/\/ntscalibracao.com.br\/loja\/wp-json\/wp\/v2\/types\/product"}],"replies":[{"embeddable":true,"href":"https:\/\/ntscalibracao.com.br\/loja\/wp-json\/wp\/v2\/comments?post=10011"}],"wp:featuredmedia":[{"embeddable":true,"href":"https:\/\/ntscalibracao.com.br\/loja\/wp-json\/wp\/v2\/media\/10014"}],"wp:attachment":[{"href":"https:\/\/ntscalibracao.com.br\/loja\/wp-json\/wp\/v2\/media?parent=10011"}],"wp:term":[{"taxonomy":"pwb-brand","embeddable":true,"href":"https:\/\/ntscalibracao.com.br\/loja\/wp-json\/wp\/v2\/pwb-brand?post=10011"},{"taxonomy":"product_cat","embeddable":true,"href":"https:\/\/ntscalibracao.com.br\/loja\/wp-json\/wp\/v2\/product_cat?post=10011"},{"taxonomy":"product_tag","embeddable":true,"href":"https:\/\/ntscalibracao.com.br\/loja\/wp-json\/wp\/v2\/product_tag?post=10011"}],"curies":[{"name":"wp","href":"https:\/\/api.w.org\/{rel}","templated":true}]}}